{"id":26331,"date":"2020-04-16T04:21:21","date_gmt":"2020-04-16T04:21:21","guid":{"rendered":"https:\/\/toys.lt\/?post_type=product&#038;p=26331"},"modified":"2026-04-06T00:29:38","modified_gmt":"2026-04-06T00:29:38","slug":"aislin-medin-trasa-stalas-su-priedais","status":"publish","type":"product","link":"https:\/\/toys.lt\/lv\/produktas\/aislin-medin-trasa-stalas-su-priedais\/","title":{"rendered":"\u017daislin\u0117 medin\u0117 trasa &#8211; stalas su priedais"},"content":{"rendered":"<p><strong>Savyb\u0117s:<\/strong><\/p>\n<ul style=\"list-style-type:square;\">\n<li>90 \u017eaidimo detali\u0173, \u012fskaitant stal\u0105<\/li>\n<li>\u017daidimas vedantis \u012f kelion\u0119, kurioje pilna taisykli\u0173, kelio \u017eenkl\u0173 ir netik\u0117t\u0173 \u012fvyki\u0173<\/li>\n<li>Traukinukai prisikabina magnetais<\/li>\n<li>Lengvas\u00a0trasos sujungimas<\/li>\n<li>Stalas i\u0161siardo ir susideda, tod\u0117l yra kompakti\u0161kas bei mobilus<\/li>\n<li>Ekologi\u0161kas produktas<\/li>\n<li>Saugios, netoksin\u0117s med\u017eiagos<\/li>\n<li style=\"margin:0px;padding:0px;font:inherit;border:0px;\">Lavina jud\u0117jimo, aki\u0173 koordinacij\u0105, smulki\u0105j\u0105 motorik\u0105, m\u0105stym\u0105, k\u016brybingum\u0105<\/li>\n<\/ul>\n<p>Greitu metu bus platesnis prek\u0117s apra\u0161ymas.<\/p>\n<p>Nor\u0117dami su\u017einoti daugiau informacijos apie prek\u0119, pra\u0161ome skambinti numeriu, kuris yra nurodytas puslapyje.<\/p>\n","protected":false},"excerpt":{"rendered":"<p>Prek\u0117s tipas:\u00a0mediniai \u017eaislai<\/p>\n<p>Kilm\u0117s \u0161alis: Kinija<\/p>\n<p>Stalo\u00a0i\u0161matavimai: 98 x 57 x 41 cm<\/p>\n<p>Produkto med\u017eiaga:\u00a0mediena<\/p>\n<p>Rekomenduojamas am\u017eius: nuo 3 met\u0173<\/p>\n","protected":false},"featured_media":26332,"comment_status":"open","ping_status":"open","template":"","meta":[],"product_brand":[],"product_cat":[387,391,410,411,408],"product_tag":[],"class_list":{"0":"post-26331","1":"product","2":"type-product","3":"status-publish","4":"has-post-thumbnail","6":"product_cat-mediniai-zaislai-2","7":"product_cat-stalo-zaidimai-2","8":"product_cat-zaislai-berniukams","9":"product_cat-zaislai-mergaitems","10":"product_cat-zaislines-masinos-traktoriai-ir-trasos","11":"pa_amziaus-grupe-76","12":"pa_prek-s-tipas-mokomieji-zaislai-2","14":"first","15":"outofstock","16":"taxable","17":"shipping-taxable","18":"purchasable","19":"product-type-simple"},"yoast_head":"<!-- This site is optimized with the Yoast SEO plugin v26.3 - https:\/\/yoast.com\/wordpress\/plugins\/seo\/ -->\n<title>\u017daislin\u0117 medin\u0117 trasa - stalas su priedais - Toys.lt<\/title>\n<meta name=\"robots\" content=\"index, follow, max-snippet:-1, max-image-preview:large, max-video-preview:-1\" \/>\n<link rel=\"canonical\" href=\"https:\/\/toys.lt\/lv\/produktas\/aislin-medin-trasa-stalas-su-priedais\/\" \/>\n<meta property=\"og:locale\" content=\"lv_LV\" \/>\n<meta property=\"og:type\" content=\"article\" \/>\n<meta property=\"og:title\" content=\"\u017daislin\u0117 medin\u0117 trasa - stalas su priedais - Toys.lt\" \/>\n<meta property=\"og:description\" content=\"Prek\u0117s tipas:\u00a0mediniai \u017eaislai Kilm\u0117s \u0161alis: Kinija Stalo\u00a0i\u0161matavimai: 98 x 57 x 41 cm Produkto med\u017eiaga:\u00a0mediena Rekomenduojamas am\u017eius: nuo 3 met\u0173\" \/>\n<meta property=\"og:url\" content=\"https:\/\/toys.lt\/lv\/produktas\/aislin-medin-trasa-stalas-su-priedais\/\" \/>\n<meta property=\"og:site_name\" content=\"Toys.lt\" \/>\n<meta property=\"article:modified_time\" content=\"2026-04-06T00:29:38+00:00\" \/>\n<meta property=\"og:image\" content=\"https:\/\/toys.lt\/wp-content\/uploads\/2020\/04\/products-502.jpg\" \/>\n\t<meta property=\"og:image:width\" content=\"790\" \/>\n\t<meta property=\"og:image:height\" content=\"594\" \/>\n\t<meta property=\"og:image:type\" content=\"image\/jpeg\" \/>\n<meta name=\"twitter:card\" content=\"summary_large_image\" \/>\n<script type=\"application\/ld+json\" class=\"yoast-schema-graph\">{\"@context\":\"https:\/\/schema.org\",\"@graph\":[{\"@type\":\"WebPage\",\"@id\":\"https:\/\/toys.lt\/lv\/produktas\/aislin-medin-trasa-stalas-su-priedais\/\",\"url\":\"https:\/\/toys.lt\/lv\/produktas\/aislin-medin-trasa-stalas-su-priedais\/\",\"name\":\"\u017daislin\u0117 medin\u0117 trasa - stalas su priedais - Toys.lt\",\"isPartOf\":{\"@id\":\"https:\/\/toys.lt\/lv\/#website\"},\"primaryImageOfPage\":{\"@id\":\"https:\/\/toys.lt\/lv\/produktas\/aislin-medin-trasa-stalas-su-priedais\/#primaryimage\"},\"image\":{\"@id\":\"https:\/\/toys.lt\/lv\/produktas\/aislin-medin-trasa-stalas-su-priedais\/#primaryimage\"},\"thumbnailUrl\":\"https:\/\/toys.lt\/wp-content\/uploads\/2020\/04\/products-502.jpg\",\"datePublished\":\"2020-04-16T04:21:21+00:00\",\"dateModified\":\"2026-04-06T00:29:38+00:00\",\"breadcrumb\":{\"@id\":\"https:\/\/toys.lt\/lv\/produktas\/aislin-medin-trasa-stalas-su-priedais\/#breadcrumb\"},\"inLanguage\":\"lv-LV\",\"potentialAction\":[{\"@type\":\"ReadAction\",\"target\":[\"https:\/\/toys.lt\/lv\/produktas\/aislin-medin-trasa-stalas-su-priedais\/\"]}]},{\"@type\":\"ImageObject\",\"inLanguage\":\"lv-LV\",\"@id\":\"https:\/\/toys.lt\/lv\/produktas\/aislin-medin-trasa-stalas-su-priedais\/#primaryimage\",\"url\":\"https:\/\/toys.lt\/wp-content\/uploads\/2020\/04\/products-502.jpg\",\"contentUrl\":\"https:\/\/toys.lt\/wp-content\/uploads\/2020\/04\/products-502.jpg\",\"width\":790,\"height\":594,\"caption\":\"\u017daislin\u0117 medin\u0117 trasa &#8211; stalas su priedais\"},{\"@type\":\"BreadcrumbList\",\"@id\":\"https:\/\/toys.lt\/lv\/produktas\/aislin-medin-trasa-stalas-su-priedais\/#breadcrumb\",\"itemListElement\":[{\"@type\":\"ListItem\",\"position\":1,\"name\":\"Home\",\"item\":\"https:\/\/toys.lt\/lv\/\"},{\"@type\":\"ListItem\",\"position\":2,\"name\":\"Veikals\",\"item\":\"https:\/\/toys.lt\/lv\/shop\/\"},{\"@type\":\"ListItem\",\"position\":3,\"name\":\"\u017daislin\u0117 medin\u0117 trasa &#8211; stalas su priedais\"}]},{\"@type\":\"WebSite\",\"@id\":\"https:\/\/toys.lt\/lv\/#website\",\"url\":\"https:\/\/toys.lt\/lv\/\",\"name\":\"Toys.lt\",\"description\":\"\",\"potentialAction\":[{\"@type\":\"SearchAction\",\"target\":{\"@type\":\"EntryPoint\",\"urlTemplate\":\"https:\/\/toys.lt\/lv\/?s={search_term_string}\"},\"query-input\":{\"@type\":\"PropertyValueSpecification\",\"valueRequired\":true,\"valueName\":\"search_term_string\"}}],\"inLanguage\":\"lv-LV\"}]}<\/script>\n<!-- \/ Yoast SEO plugin. -->","yoast_head_json":{"title":"\u017daislin\u0117 medin\u0117 trasa - stalas su priedais - Toys.lt","robots":{"index":"index","follow":"follow","max-snippet":"max-snippet:-1","max-image-preview":"max-image-preview:large","max-video-preview":"max-video-preview:-1"},"canonical":"https:\/\/toys.lt\/lv\/produktas\/aislin-medin-trasa-stalas-su-priedais\/","og_locale":"lv_LV","og_type":"article","og_title":"\u017daislin\u0117 medin\u0117 trasa - stalas su priedais - Toys.lt","og_description":"Prek\u0117s tipas:\u00a0mediniai \u017eaislai Kilm\u0117s \u0161alis: Kinija Stalo\u00a0i\u0161matavimai: 98 x 57 x 41 cm Produkto med\u017eiaga:\u00a0mediena Rekomenduojamas am\u017eius: nuo 3 met\u0173","og_url":"https:\/\/toys.lt\/lv\/produktas\/aislin-medin-trasa-stalas-su-priedais\/","og_site_name":"Toys.lt","article_modified_time":"2026-04-06T00:29:38+00:00","og_image":[{"width":790,"height":594,"url":"https:\/\/toys.lt\/wp-content\/uploads\/2020\/04\/products-502.jpg","type":"image\/jpeg"}],"twitter_card":"summary_large_image","schema":{"@context":"https:\/\/schema.org","@graph":[{"@type":"WebPage","@id":"https:\/\/toys.lt\/lv\/produktas\/aislin-medin-trasa-stalas-su-priedais\/","url":"https:\/\/toys.lt\/lv\/produktas\/aislin-medin-trasa-stalas-su-priedais\/","name":"\u017daislin\u0117 medin\u0117 trasa - stalas su priedais - Toys.lt","isPartOf":{"@id":"https:\/\/toys.lt\/lv\/#website"},"primaryImageOfPage":{"@id":"https:\/\/toys.lt\/lv\/produktas\/aislin-medin-trasa-stalas-su-priedais\/#primaryimage"},"image":{"@id":"https:\/\/toys.lt\/lv\/produktas\/aislin-medin-trasa-stalas-su-priedais\/#primaryimage"},"thumbnailUrl":"https:\/\/toys.lt\/wp-content\/uploads\/2020\/04\/products-502.jpg","datePublished":"2020-04-16T04:21:21+00:00","dateModified":"2026-04-06T00:29:38+00:00","breadcrumb":{"@id":"https:\/\/toys.lt\/lv\/produktas\/aislin-medin-trasa-stalas-su-priedais\/#breadcrumb"},"inLanguage":"lv-LV","potentialAction":[{"@type":"ReadAction","target":["https:\/\/toys.lt\/lv\/produktas\/aislin-medin-trasa-stalas-su-priedais\/"]}]},{"@type":"ImageObject","inLanguage":"lv-LV","@id":"https:\/\/toys.lt\/lv\/produktas\/aislin-medin-trasa-stalas-su-priedais\/#primaryimage","url":"https:\/\/toys.lt\/wp-content\/uploads\/2020\/04\/products-502.jpg","contentUrl":"https:\/\/toys.lt\/wp-content\/uploads\/2020\/04\/products-502.jpg","width":790,"height":594,"caption":"\u017daislin\u0117 medin\u0117 trasa &#8211; stalas su priedais"},{"@type":"BreadcrumbList","@id":"https:\/\/toys.lt\/lv\/produktas\/aislin-medin-trasa-stalas-su-priedais\/#breadcrumb","itemListElement":[{"@type":"ListItem","position":1,"name":"Home","item":"https:\/\/toys.lt\/lv\/"},{"@type":"ListItem","position":2,"name":"Veikals","item":"https:\/\/toys.lt\/lv\/shop\/"},{"@type":"ListItem","position":3,"name":"\u017daislin\u0117 medin\u0117 trasa &#8211; stalas su priedais"}]},{"@type":"WebSite","@id":"https:\/\/toys.lt\/lv\/#website","url":"https:\/\/toys.lt\/lv\/","name":"Toys.lt","description":"","potentialAction":[{"@type":"SearchAction","target":{"@type":"EntryPoint","urlTemplate":"https:\/\/toys.lt\/lv\/?s={search_term_string}"},"query-input":{"@type":"PropertyValueSpecification","valueRequired":true,"valueName":"search_term_string"}}],"inLanguage":"lv-LV"}]}},"_links":{"self":[{"href":"https:\/\/toys.lt\/lv\/wp-json\/wp\/v2\/product\/26331","targetHints":{"allow":["GET"]}}],"collection":[{"href":"https:\/\/toys.lt\/lv\/wp-json\/wp\/v2\/product"}],"about":[{"href":"https:\/\/toys.lt\/lv\/wp-json\/wp\/v2\/types\/product"}],"replies":[{"embeddable":true,"href":"https:\/\/toys.lt\/lv\/wp-json\/wp\/v2\/comments?post=26331"}],"version-history":[{"count":0,"href":"https:\/\/toys.lt\/lv\/wp-json\/wp\/v2\/product\/26331\/revisions"}],"wp:featuredmedia":[{"embeddable":true,"href":"https:\/\/toys.lt\/lv\/wp-json\/wp\/v2\/media\/26332"}],"wp:attachment":[{"href":"https:\/\/toys.lt\/lv\/wp-json\/wp\/v2\/media?parent=26331"}],"wp:term":[{"taxonomy":"product_brand","embeddable":true,"href":"https:\/\/toys.lt\/lv\/wp-json\/wp\/v2\/product_brand?post=26331"},{"taxonomy":"product_cat","embeddable":true,"href":"https:\/\/toys.lt\/lv\/wp-json\/wp\/v2\/product_cat?post=26331"},{"taxonomy":"product_tag","embeddable":true,"href":"https:\/\/toys.lt\/lv\/wp-json\/wp\/v2\/product_tag?post=26331"}],"curies":[{"name":"wp","href":"https:\/\/api.w.org\/{rel}","templated":true}]}}