{"id":26318,"date":"2020-04-12T05:34:43","date_gmt":"2020-04-12T05:34:43","guid":{"rendered":"https:\/\/toys.lt\/?post_type=product&#038;p=26318"},"modified":"2026-04-06T00:29:37","modified_gmt":"2026-04-06T00:29:37","slug":"aislinis-maisto-rinkinys-su-priedais","status":"publish","type":"product","link":"https:\/\/toys.lt\/lv\/produktas\/aislinis-maisto-rinkinys-su-priedais\/","title":{"rendered":"\u017daislinis maisto rinkinys su priedais"},"content":{"rendered":"<p><strong>Rinkin\u012f sudaro:<\/strong><\/p>\n<ul style=\"list-style-type:square;\">\n<li>Pica arba pyragas<\/li>\n<li>1 pad\u0117klas<\/li>\n<li>5 skirtingi virtuv\u0117s \u012frankiai<\/li>\n<\/ul>\n<p><strong>Savyb\u0117s:<\/strong><\/p>\n<ul style=\"list-style-type:square;\">\n<li style=\"margin:0px;padding:0px;font:inherit;border:0px;\">Galimyb\u0117 rinktis i\u0161 2 rinkinio variant\u0173<\/li>\n<li style=\"margin:0px;padding:0px;font:inherit;border:0px;\">Saugu \u017eaisti<\/li>\n<li style=\"margin:0px;padding:0px;font:inherit;border:0px;\">Ple\u010dia akirat\u012f, lavina smulki\u0105j\u0105 motorik\u0105, m\u0105stym\u0105<\/li>\n<\/ul>\n<p>Greitu metu bus platesnis prek\u0117s apra\u0161ymas.<\/p>\n<p>Nor\u0117dami su\u017einoti daugiau informacijos apie prek\u0119, pra\u0161ome skambinti numeriu, kuris yra nurodytas puslapyje.<\/p>\n","protected":false},"excerpt":{"rendered":"<p>Prek\u0117s tipas:\u00a0maisto rinkinys<\/p>\n<p>Kilm\u0117s \u0161alis: Kinija<\/p>\n<p>Pakuot\u0117s i\u0161matavimai: 22 x 34 cm<\/p>\n<p>Produkto med\u017eiaga: plastikas<\/p>\n<p>Rekomenduojamas am\u017eius: nuo 3 met\u0173<\/p>\n","protected":false},"featured_media":26319,"comment_status":"open","ping_status":"closed","template":"","meta":[],"product_brand":[],"product_cat":[396],"product_tag":[],"class_list":{"0":"post-26318","1":"product","2":"type-product","3":"status-publish","4":"has-post-thumbnail","6":"product_cat-zaislines-virtuveles-indai-ir-priedai","7":"pa_amziaus-grupe-76","9":"first","10":"outofstock","11":"taxable","12":"shipping-taxable","13":"purchasable","14":"product-type-simple"},"yoast_head":"<!-- This site is optimized with the Yoast SEO plugin v26.3 - https:\/\/yoast.com\/wordpress\/plugins\/seo\/ -->\n<title>\u017daislinis maisto rinkinys su priedais - Toys.lt<\/title>\n<meta name=\"robots\" content=\"index, follow, max-snippet:-1, max-image-preview:large, max-video-preview:-1\" \/>\n<link rel=\"canonical\" href=\"https:\/\/toys.lt\/lv\/produktas\/aislinis-maisto-rinkinys-su-priedais\/\" \/>\n<meta property=\"og:locale\" content=\"lv_LV\" \/>\n<meta property=\"og:type\" content=\"article\" \/>\n<meta property=\"og:title\" content=\"\u017daislinis maisto rinkinys su priedais - Toys.lt\" \/>\n<meta property=\"og:description\" content=\"Prek\u0117s tipas:\u00a0maisto rinkinys Kilm\u0117s \u0161alis: Kinija Pakuot\u0117s i\u0161matavimai: 22 x 34 cm Produkto med\u017eiaga: plastikas Rekomenduojamas am\u017eius: nuo 3 met\u0173\" \/>\n<meta property=\"og:url\" content=\"https:\/\/toys.lt\/lv\/produktas\/aislinis-maisto-rinkinys-su-priedais\/\" \/>\n<meta property=\"og:site_name\" content=\"Toys.lt\" \/>\n<meta property=\"article:modified_time\" content=\"2026-04-06T00:29:37+00:00\" \/>\n<meta property=\"og:image\" content=\"https:\/\/toys.lt\/wp-content\/uploads\/2020\/04\/products-491.jpg\" \/>\n\t<meta property=\"og:image:width\" content=\"1772\" \/>\n\t<meta property=\"og:image:height\" content=\"1329\" \/>\n\t<meta property=\"og:image:type\" content=\"image\/jpeg\" \/>\n<meta name=\"twitter:card\" content=\"summary_large_image\" \/>\n<script type=\"application\/ld+json\" class=\"yoast-schema-graph\">{\"@context\":\"https:\/\/schema.org\",\"@graph\":[{\"@type\":\"WebPage\",\"@id\":\"https:\/\/toys.lt\/lv\/produktas\/aislinis-maisto-rinkinys-su-priedais\/\",\"url\":\"https:\/\/toys.lt\/lv\/produktas\/aislinis-maisto-rinkinys-su-priedais\/\",\"name\":\"\u017daislinis maisto rinkinys su priedais - Toys.lt\",\"isPartOf\":{\"@id\":\"https:\/\/toys.lt\/lv\/#website\"},\"primaryImageOfPage\":{\"@id\":\"https:\/\/toys.lt\/lv\/produktas\/aislinis-maisto-rinkinys-su-priedais\/#primaryimage\"},\"image\":{\"@id\":\"https:\/\/toys.lt\/lv\/produktas\/aislinis-maisto-rinkinys-su-priedais\/#primaryimage\"},\"thumbnailUrl\":\"https:\/\/toys.lt\/wp-content\/uploads\/2020\/04\/products-491.jpg\",\"datePublished\":\"2020-04-12T05:34:43+00:00\",\"dateModified\":\"2026-04-06T00:29:37+00:00\",\"breadcrumb\":{\"@id\":\"https:\/\/toys.lt\/lv\/produktas\/aislinis-maisto-rinkinys-su-priedais\/#breadcrumb\"},\"inLanguage\":\"lv-LV\",\"potentialAction\":[{\"@type\":\"ReadAction\",\"target\":[\"https:\/\/toys.lt\/lv\/produktas\/aislinis-maisto-rinkinys-su-priedais\/\"]}]},{\"@type\":\"ImageObject\",\"inLanguage\":\"lv-LV\",\"@id\":\"https:\/\/toys.lt\/lv\/produktas\/aislinis-maisto-rinkinys-su-priedais\/#primaryimage\",\"url\":\"https:\/\/toys.lt\/wp-content\/uploads\/2020\/04\/products-491.jpg\",\"contentUrl\":\"https:\/\/toys.lt\/wp-content\/uploads\/2020\/04\/products-491.jpg\",\"width\":1772,\"height\":1329,\"caption\":\"\u017daislinis maisto rinkinys su priedais\"},{\"@type\":\"BreadcrumbList\",\"@id\":\"https:\/\/toys.lt\/lv\/produktas\/aislinis-maisto-rinkinys-su-priedais\/#breadcrumb\",\"itemListElement\":[{\"@type\":\"ListItem\",\"position\":1,\"name\":\"Home\",\"item\":\"https:\/\/toys.lt\/lv\/\"},{\"@type\":\"ListItem\",\"position\":2,\"name\":\"Veikals\",\"item\":\"https:\/\/toys.lt\/lv\/shop\/\"},{\"@type\":\"ListItem\",\"position\":3,\"name\":\"\u017daislinis maisto rinkinys su priedais\"}]},{\"@type\":\"WebSite\",\"@id\":\"https:\/\/toys.lt\/lv\/#website\",\"url\":\"https:\/\/toys.lt\/lv\/\",\"name\":\"Toys.lt\",\"description\":\"\",\"potentialAction\":[{\"@type\":\"SearchAction\",\"target\":{\"@type\":\"EntryPoint\",\"urlTemplate\":\"https:\/\/toys.lt\/lv\/?s={search_term_string}\"},\"query-input\":{\"@type\":\"PropertyValueSpecification\",\"valueRequired\":true,\"valueName\":\"search_term_string\"}}],\"inLanguage\":\"lv-LV\"}]}<\/script>\n<!-- \/ Yoast SEO plugin. -->","yoast_head_json":{"title":"\u017daislinis maisto rinkinys su priedais - Toys.lt","robots":{"index":"index","follow":"follow","max-snippet":"max-snippet:-1","max-image-preview":"max-image-preview:large","max-video-preview":"max-video-preview:-1"},"canonical":"https:\/\/toys.lt\/lv\/produktas\/aislinis-maisto-rinkinys-su-priedais\/","og_locale":"lv_LV","og_type":"article","og_title":"\u017daislinis maisto rinkinys su priedais - Toys.lt","og_description":"Prek\u0117s tipas:\u00a0maisto rinkinys Kilm\u0117s \u0161alis: Kinija Pakuot\u0117s i\u0161matavimai: 22 x 34 cm Produkto med\u017eiaga: plastikas Rekomenduojamas am\u017eius: nuo 3 met\u0173","og_url":"https:\/\/toys.lt\/lv\/produktas\/aislinis-maisto-rinkinys-su-priedais\/","og_site_name":"Toys.lt","article_modified_time":"2026-04-06T00:29:37+00:00","og_image":[{"width":1772,"height":1329,"url":"https:\/\/toys.lt\/wp-content\/uploads\/2020\/04\/products-491.jpg","type":"image\/jpeg"}],"twitter_card":"summary_large_image","schema":{"@context":"https:\/\/schema.org","@graph":[{"@type":"WebPage","@id":"https:\/\/toys.lt\/lv\/produktas\/aislinis-maisto-rinkinys-su-priedais\/","url":"https:\/\/toys.lt\/lv\/produktas\/aislinis-maisto-rinkinys-su-priedais\/","name":"\u017daislinis maisto rinkinys su priedais - Toys.lt","isPartOf":{"@id":"https:\/\/toys.lt\/lv\/#website"},"primaryImageOfPage":{"@id":"https:\/\/toys.lt\/lv\/produktas\/aislinis-maisto-rinkinys-su-priedais\/#primaryimage"},"image":{"@id":"https:\/\/toys.lt\/lv\/produktas\/aislinis-maisto-rinkinys-su-priedais\/#primaryimage"},"thumbnailUrl":"https:\/\/toys.lt\/wp-content\/uploads\/2020\/04\/products-491.jpg","datePublished":"2020-04-12T05:34:43+00:00","dateModified":"2026-04-06T00:29:37+00:00","breadcrumb":{"@id":"https:\/\/toys.lt\/lv\/produktas\/aislinis-maisto-rinkinys-su-priedais\/#breadcrumb"},"inLanguage":"lv-LV","potentialAction":[{"@type":"ReadAction","target":["https:\/\/toys.lt\/lv\/produktas\/aislinis-maisto-rinkinys-su-priedais\/"]}]},{"@type":"ImageObject","inLanguage":"lv-LV","@id":"https:\/\/toys.lt\/lv\/produktas\/aislinis-maisto-rinkinys-su-priedais\/#primaryimage","url":"https:\/\/toys.lt\/wp-content\/uploads\/2020\/04\/products-491.jpg","contentUrl":"https:\/\/toys.lt\/wp-content\/uploads\/2020\/04\/products-491.jpg","width":1772,"height":1329,"caption":"\u017daislinis maisto rinkinys su priedais"},{"@type":"BreadcrumbList","@id":"https:\/\/toys.lt\/lv\/produktas\/aislinis-maisto-rinkinys-su-priedais\/#breadcrumb","itemListElement":[{"@type":"ListItem","position":1,"name":"Home","item":"https:\/\/toys.lt\/lv\/"},{"@type":"ListItem","position":2,"name":"Veikals","item":"https:\/\/toys.lt\/lv\/shop\/"},{"@type":"ListItem","position":3,"name":"\u017daislinis maisto rinkinys su priedais"}]},{"@type":"WebSite","@id":"https:\/\/toys.lt\/lv\/#website","url":"https:\/\/toys.lt\/lv\/","name":"Toys.lt","description":"","potentialAction":[{"@type":"SearchAction","target":{"@type":"EntryPoint","urlTemplate":"https:\/\/toys.lt\/lv\/?s={search_term_string}"},"query-input":{"@type":"PropertyValueSpecification","valueRequired":true,"valueName":"search_term_string"}}],"inLanguage":"lv-LV"}]}},"_links":{"self":[{"href":"https:\/\/toys.lt\/lv\/wp-json\/wp\/v2\/product\/26318","targetHints":{"allow":["GET"]}}],"collection":[{"href":"https:\/\/toys.lt\/lv\/wp-json\/wp\/v2\/product"}],"about":[{"href":"https:\/\/toys.lt\/lv\/wp-json\/wp\/v2\/types\/product"}],"replies":[{"embeddable":true,"href":"https:\/\/toys.lt\/lv\/wp-json\/wp\/v2\/comments?post=26318"}],"version-history":[{"count":1,"href":"https:\/\/toys.lt\/lv\/wp-json\/wp\/v2\/product\/26318\/revisions"}],"predecessor-version":[{"id":35822,"href":"https:\/\/toys.lt\/lv\/wp-json\/wp\/v2\/product\/26318\/revisions\/35822"}],"wp:featuredmedia":[{"embeddable":true,"href":"https:\/\/toys.lt\/lv\/wp-json\/wp\/v2\/media\/26319"}],"wp:attachment":[{"href":"https:\/\/toys.lt\/lv\/wp-json\/wp\/v2\/media?parent=26318"}],"wp:term":[{"taxonomy":"product_brand","embeddable":true,"href":"https:\/\/toys.lt\/lv\/wp-json\/wp\/v2\/product_brand?post=26318"},{"taxonomy":"product_cat","embeddable":true,"href":"https:\/\/toys.lt\/lv\/wp-json\/wp\/v2\/product_cat?post=26318"},{"taxonomy":"product_tag","embeddable":true,"href":"https:\/\/toys.lt\/lv\/wp-json\/wp\/v2\/product_tag?post=26318"}],"curies":[{"name":"wp","href":"https:\/\/api.w.org\/{rel}","templated":true}]}}