{"id":26285,"date":"2020-04-11T07:06:39","date_gmt":"2020-04-11T07:06:39","guid":{"rendered":"https:\/\/toys.lt\/?post_type=product&#038;p=26285"},"modified":"2026-04-06T00:29:35","modified_gmt":"2026-04-06T00:29:35","slug":"aislin-sulciaspaud-su-priedais","status":"publish","type":"product","link":"https:\/\/toys.lt\/lv\/produktas\/aislin-sulciaspaud-su-priedais\/","title":{"rendered":"\u017daislin\u0117 sul\u010diaspaud\u0117 su priedais"},"content":{"rendered":"<p><strong>Savyb\u0117s:<\/strong><\/p>\n<ul style=\"list-style-type: square;\">\n<li>28 priedai<\/li>\n<li style=\"margin: 0px; padding: 0px; font: inherit; border: 0px;\">Saugi \u017eaisti<\/li>\n<li style=\"margin: 0px; padding: 0px; font: inherit; border: 0px;\">Ple\u010dia akirat\u012f, lavina smulki\u0105j\u0105 motorik\u0105, m\u0105stym\u0105<\/li>\n<\/ul>\n<p>Greitu metu bus platesnis prek\u0117s apra\u0161ymas.<\/p>\n<p>Nor\u0117dami su\u017einoti daugiau informacijos apie prek\u0119, pra\u0161ome skambinti numeriu, kuris yra nurodytas puslapyje.<\/p>\n","protected":false},"excerpt":{"rendered":"<p>Prek\u0117s tipas: sul\u010diaspaud\u0117<\/p>\n<p>Kilm\u0117s \u0161alis: Kinija<\/p>\n<p>Pakuot\u0117s i\u0161matavimai: 11 x 45,5 x 36 cm<\/p>\n<p>Sul\u010diaspaud\u0117s i\u0161matavimai: 19,5 cm<\/p>\n<p>Rekomenduojamas am\u017eius: nuo\u00a03 met\u0173<\/p>\n","protected":false},"featured_media":26286,"comment_status":"open","ping_status":"closed","template":"","meta":[],"product_brand":[],"product_cat":[396],"product_tag":[],"class_list":{"0":"post-26285","1":"product","2":"type-product","3":"status-publish","4":"has-post-thumbnail","6":"product_cat-zaislines-virtuveles-indai-ir-priedai","7":"pa_amziaus-grupe-76","8":"pa_ean_nc-1103","10":"first","11":"outofstock","12":"taxable","13":"shipping-taxable","14":"purchasable","15":"product-type-simple"},"yoast_head":"<!-- This site is optimized with the Yoast SEO plugin v26.3 - https:\/\/yoast.com\/wordpress\/plugins\/seo\/ -->\n<title>\u017daislin\u0117 sul\u010diaspaud\u0117 su priedais - Toys.lt<\/title>\n<meta name=\"robots\" content=\"index, follow, max-snippet:-1, max-image-preview:large, max-video-preview:-1\" \/>\n<link rel=\"canonical\" href=\"https:\/\/toys.lt\/lv\/produktas\/aislin-sulciaspaud-su-priedais\/\" \/>\n<meta property=\"og:locale\" content=\"lv_LV\" \/>\n<meta property=\"og:type\" content=\"article\" \/>\n<meta property=\"og:title\" content=\"\u017daislin\u0117 sul\u010diaspaud\u0117 su priedais - Toys.lt\" \/>\n<meta property=\"og:description\" content=\"Prek\u0117s tipas: sul\u010diaspaud\u0117  Kilm\u0117s \u0161alis: Kinija  Pakuot\u0117s i\u0161matavimai: 11 x 45,5 x 36 cm  Sul\u010diaspaud\u0117s i\u0161matavimai: 19,5 cm  Rekomenduojamas am\u017eius: nuo\u00a03 met\u0173\" \/>\n<meta property=\"og:url\" content=\"https:\/\/toys.lt\/lv\/produktas\/aislin-sulciaspaud-su-priedais\/\" \/>\n<meta property=\"og:site_name\" content=\"Toys.lt\" \/>\n<meta property=\"article:modified_time\" content=\"2026-04-06T00:29:35+00:00\" \/>\n<meta property=\"og:image\" content=\"https:\/\/toys.lt\/wp-content\/uploads\/2020\/04\/products-477-scaled.jpg\" \/>\n\t<meta property=\"og:image:width\" content=\"2560\" \/>\n\t<meta property=\"og:image:height\" content=\"1445\" \/>\n\t<meta property=\"og:image:type\" content=\"image\/jpeg\" \/>\n<meta name=\"twitter:card\" content=\"summary_large_image\" \/>\n<meta name=\"twitter:label1\" content=\"Est. reading time\" \/>\n\t<meta name=\"twitter:data1\" content=\"1 minute\" \/>\n<script type=\"application\/ld+json\" class=\"yoast-schema-graph\">{\"@context\":\"https:\/\/schema.org\",\"@graph\":[{\"@type\":\"WebPage\",\"@id\":\"https:\/\/toys.lt\/lv\/produktas\/aislin-sulciaspaud-su-priedais\/\",\"url\":\"https:\/\/toys.lt\/lv\/produktas\/aislin-sulciaspaud-su-priedais\/\",\"name\":\"\u017daislin\u0117 sul\u010diaspaud\u0117 su priedais - Toys.lt\",\"isPartOf\":{\"@id\":\"https:\/\/toys.lt\/lv\/#website\"},\"primaryImageOfPage\":{\"@id\":\"https:\/\/toys.lt\/lv\/produktas\/aislin-sulciaspaud-su-priedais\/#primaryimage\"},\"image\":{\"@id\":\"https:\/\/toys.lt\/lv\/produktas\/aislin-sulciaspaud-su-priedais\/#primaryimage\"},\"thumbnailUrl\":\"https:\/\/toys.lt\/wp-content\/uploads\/2020\/04\/products-477-scaled.jpg\",\"datePublished\":\"2020-04-11T07:06:39+00:00\",\"dateModified\":\"2026-04-06T00:29:35+00:00\",\"breadcrumb\":{\"@id\":\"https:\/\/toys.lt\/lv\/produktas\/aislin-sulciaspaud-su-priedais\/#breadcrumb\"},\"inLanguage\":\"lv-LV\",\"potentialAction\":[{\"@type\":\"ReadAction\",\"target\":[\"https:\/\/toys.lt\/lv\/produktas\/aislin-sulciaspaud-su-priedais\/\"]}]},{\"@type\":\"ImageObject\",\"inLanguage\":\"lv-LV\",\"@id\":\"https:\/\/toys.lt\/lv\/produktas\/aislin-sulciaspaud-su-priedais\/#primaryimage\",\"url\":\"https:\/\/toys.lt\/wp-content\/uploads\/2020\/04\/products-477-scaled.jpg\",\"contentUrl\":\"https:\/\/toys.lt\/wp-content\/uploads\/2020\/04\/products-477-scaled.jpg\",\"width\":2560,\"height\":1445,\"caption\":\"\u017daislin\u0117 sul\u010diaspaud\u0117 su priedais\"},{\"@type\":\"BreadcrumbList\",\"@id\":\"https:\/\/toys.lt\/lv\/produktas\/aislin-sulciaspaud-su-priedais\/#breadcrumb\",\"itemListElement\":[{\"@type\":\"ListItem\",\"position\":1,\"name\":\"Home\",\"item\":\"https:\/\/toys.lt\/lv\/\"},{\"@type\":\"ListItem\",\"position\":2,\"name\":\"Veikals\",\"item\":\"https:\/\/toys.lt\/lv\/shop\/\"},{\"@type\":\"ListItem\",\"position\":3,\"name\":\"\u017daislin\u0117 sul\u010diaspaud\u0117 su priedais\"}]},{\"@type\":\"WebSite\",\"@id\":\"https:\/\/toys.lt\/lv\/#website\",\"url\":\"https:\/\/toys.lt\/lv\/\",\"name\":\"Toys.lt\",\"description\":\"\",\"potentialAction\":[{\"@type\":\"SearchAction\",\"target\":{\"@type\":\"EntryPoint\",\"urlTemplate\":\"https:\/\/toys.lt\/lv\/?s={search_term_string}\"},\"query-input\":{\"@type\":\"PropertyValueSpecification\",\"valueRequired\":true,\"valueName\":\"search_term_string\"}}],\"inLanguage\":\"lv-LV\"}]}<\/script>\n<!-- \/ Yoast SEO plugin. -->","yoast_head_json":{"title":"\u017daislin\u0117 sul\u010diaspaud\u0117 su priedais - Toys.lt","robots":{"index":"index","follow":"follow","max-snippet":"max-snippet:-1","max-image-preview":"max-image-preview:large","max-video-preview":"max-video-preview:-1"},"canonical":"https:\/\/toys.lt\/lv\/produktas\/aislin-sulciaspaud-su-priedais\/","og_locale":"lv_LV","og_type":"article","og_title":"\u017daislin\u0117 sul\u010diaspaud\u0117 su priedais - Toys.lt","og_description":"Prek\u0117s tipas: sul\u010diaspaud\u0117  Kilm\u0117s \u0161alis: Kinija  Pakuot\u0117s i\u0161matavimai: 11 x 45,5 x 36 cm  Sul\u010diaspaud\u0117s i\u0161matavimai: 19,5 cm  Rekomenduojamas am\u017eius: nuo\u00a03 met\u0173","og_url":"https:\/\/toys.lt\/lv\/produktas\/aislin-sulciaspaud-su-priedais\/","og_site_name":"Toys.lt","article_modified_time":"2026-04-06T00:29:35+00:00","og_image":[{"width":2560,"height":1445,"url":"https:\/\/toys.lt\/wp-content\/uploads\/2020\/04\/products-477-scaled.jpg","type":"image\/jpeg"}],"twitter_card":"summary_large_image","twitter_misc":{"Est. reading time":"1 minute"},"schema":{"@context":"https:\/\/schema.org","@graph":[{"@type":"WebPage","@id":"https:\/\/toys.lt\/lv\/produktas\/aislin-sulciaspaud-su-priedais\/","url":"https:\/\/toys.lt\/lv\/produktas\/aislin-sulciaspaud-su-priedais\/","name":"\u017daislin\u0117 sul\u010diaspaud\u0117 su priedais - Toys.lt","isPartOf":{"@id":"https:\/\/toys.lt\/lv\/#website"},"primaryImageOfPage":{"@id":"https:\/\/toys.lt\/lv\/produktas\/aislin-sulciaspaud-su-priedais\/#primaryimage"},"image":{"@id":"https:\/\/toys.lt\/lv\/produktas\/aislin-sulciaspaud-su-priedais\/#primaryimage"},"thumbnailUrl":"https:\/\/toys.lt\/wp-content\/uploads\/2020\/04\/products-477-scaled.jpg","datePublished":"2020-04-11T07:06:39+00:00","dateModified":"2026-04-06T00:29:35+00:00","breadcrumb":{"@id":"https:\/\/toys.lt\/lv\/produktas\/aislin-sulciaspaud-su-priedais\/#breadcrumb"},"inLanguage":"lv-LV","potentialAction":[{"@type":"ReadAction","target":["https:\/\/toys.lt\/lv\/produktas\/aislin-sulciaspaud-su-priedais\/"]}]},{"@type":"ImageObject","inLanguage":"lv-LV","@id":"https:\/\/toys.lt\/lv\/produktas\/aislin-sulciaspaud-su-priedais\/#primaryimage","url":"https:\/\/toys.lt\/wp-content\/uploads\/2020\/04\/products-477-scaled.jpg","contentUrl":"https:\/\/toys.lt\/wp-content\/uploads\/2020\/04\/products-477-scaled.jpg","width":2560,"height":1445,"caption":"\u017daislin\u0117 sul\u010diaspaud\u0117 su priedais"},{"@type":"BreadcrumbList","@id":"https:\/\/toys.lt\/lv\/produktas\/aislin-sulciaspaud-su-priedais\/#breadcrumb","itemListElement":[{"@type":"ListItem","position":1,"name":"Home","item":"https:\/\/toys.lt\/lv\/"},{"@type":"ListItem","position":2,"name":"Veikals","item":"https:\/\/toys.lt\/lv\/shop\/"},{"@type":"ListItem","position":3,"name":"\u017daislin\u0117 sul\u010diaspaud\u0117 su priedais"}]},{"@type":"WebSite","@id":"https:\/\/toys.lt\/lv\/#website","url":"https:\/\/toys.lt\/lv\/","name":"Toys.lt","description":"","potentialAction":[{"@type":"SearchAction","target":{"@type":"EntryPoint","urlTemplate":"https:\/\/toys.lt\/lv\/?s={search_term_string}"},"query-input":{"@type":"PropertyValueSpecification","valueRequired":true,"valueName":"search_term_string"}}],"inLanguage":"lv-LV"}]}},"_links":{"self":[{"href":"https:\/\/toys.lt\/lv\/wp-json\/wp\/v2\/product\/26285","targetHints":{"allow":["GET"]}}],"collection":[{"href":"https:\/\/toys.lt\/lv\/wp-json\/wp\/v2\/product"}],"about":[{"href":"https:\/\/toys.lt\/lv\/wp-json\/wp\/v2\/types\/product"}],"replies":[{"embeddable":true,"href":"https:\/\/toys.lt\/lv\/wp-json\/wp\/v2\/comments?post=26285"}],"version-history":[{"count":1,"href":"https:\/\/toys.lt\/lv\/wp-json\/wp\/v2\/product\/26285\/revisions"}],"predecessor-version":[{"id":35817,"href":"https:\/\/toys.lt\/lv\/wp-json\/wp\/v2\/product\/26285\/revisions\/35817"}],"wp:featuredmedia":[{"embeddable":true,"href":"https:\/\/toys.lt\/lv\/wp-json\/wp\/v2\/media\/26286"}],"wp:attachment":[{"href":"https:\/\/toys.lt\/lv\/wp-json\/wp\/v2\/media?parent=26285"}],"wp:term":[{"taxonomy":"product_brand","embeddable":true,"href":"https:\/\/toys.lt\/lv\/wp-json\/wp\/v2\/product_brand?post=26285"},{"taxonomy":"product_cat","embeddable":true,"href":"https:\/\/toys.lt\/lv\/wp-json\/wp\/v2\/product_cat?post=26285"},{"taxonomy":"product_tag","embeddable":true,"href":"https:\/\/toys.lt\/lv\/wp-json\/wp\/v2\/product_tag?post=26285"}],"curies":[{"name":"wp","href":"https:\/\/api.w.org\/{rel}","templated":true}]}}