{"id":26272,"date":"2020-04-11T06:20:32","date_gmt":"2020-04-11T06:20:32","guid":{"rendered":"https:\/\/toys.lt\/?post_type=product&#038;p=26272"},"modified":"2026-04-23T18:15:25","modified_gmt":"2026-04-23T18:15:25","slug":"aislinis-ind-rinkinys-5","status":"publish","type":"product","link":"https:\/\/toys.lt\/lv\/produktas\/aislinis-ind-rinkinys-5\/","title":{"rendered":"\u017daislinis ind\u0173 rinkinys"},"content":{"rendered":"<p><strong>Rinkin\u012f sudaro:<\/strong><\/p>\n<ul style=\"list-style-type: square;\">\n<li style=\"margin: 0px; padding: 0px; font: inherit; border: 0px;\">Keptuv\u0117, 2 puodai su dangteliais<\/li>\n<li style=\"margin: 0px; padding: 0px; font: inherit; border: 0px;\">Virykl\u0117 su vienu degikliu<\/li>\n<li style=\"margin: 0px; padding: 0px; font: inherit; border: 0px;\">3 puodeliai, 1 indelis<\/li>\n<li style=\"margin: 0px; padding: 0px; font: inherit; border: 0px;\">4 skirtingi virtuviniai \u012frankiai<\/li>\n<\/ul>\n<p><strong>Savyb\u0117s:<\/strong><\/p>\n<ul style=\"list-style-type: square;\">\n<li style=\"margin: 0px; padding: 0px; font: inherit; border: 0px;\">14 skirting\u0173 rinkinio \u012franki\u0173 ir dali\u0173<\/li>\n<li style=\"margin: 0px; padding: 0px; font: inherit; border: 0px;\">Saugus vaik\u0173 sveikatai<\/li>\n<li style=\"margin: 0px; padding: 0px; font: inherit; border: 0px;\">Lavina smulki\u0105j\u0105 motorik\u0105, k\u016brybingum\u0105, turtina vaizduot\u0119<\/li>\n<\/ul>\n<p>Greitu metu bus platesnis prek\u0117s apra\u0161ymas.<\/p>\n<p>Nor\u0117dami su\u017einoti daugiau informacijos apie prek\u0119, pra\u0161ome skambinti numeriu, kuris yra nurodytas puslapyje.<\/p>\n","protected":false},"excerpt":{"rendered":"<p>Prek\u0117s tipas: \u017eaisliniai indai<\/p>\n<p>Kilm\u0117s \u0161alis: Kinija<\/p>\n<p>Pakuot\u0117s i\u0161matavimai: 8,7 x 38 x 25,8 cm<\/p>\n<p>Produkto med\u017eiaga: plastikas<\/p>\n<p>Rekomenduojamas am\u017eius: nuo 3 met\u0173<\/p>\n","protected":false},"featured_media":26273,"comment_status":"open","ping_status":"closed","template":"","meta":[],"product_brand":[],"product_cat":[396],"product_tag":[],"class_list":{"0":"post-26272","1":"product","2":"type-product","3":"status-publish","4":"has-post-thumbnail","6":"product_cat-zaislines-virtuveles-indai-ir-priedai","7":"pa_amziaus-grupe-76","9":"first","10":"outofstock","11":"sale","12":"taxable","13":"shipping-taxable","14":"purchasable","15":"product-type-simple"},"yoast_head":"<!-- This site is optimized with the Yoast SEO plugin v26.3 - https:\/\/yoast.com\/wordpress\/plugins\/seo\/ -->\n<title>\u017daislinis ind\u0173 rinkinys - Toys.lt<\/title>\n<meta name=\"robots\" content=\"index, follow, max-snippet:-1, max-image-preview:large, max-video-preview:-1\" \/>\n<link rel=\"canonical\" href=\"https:\/\/toys.lt\/lv\/produktas\/aislinis-ind-rinkinys-5\/\" \/>\n<meta property=\"og:locale\" content=\"lv_LV\" \/>\n<meta property=\"og:type\" content=\"article\" \/>\n<meta property=\"og:title\" content=\"\u017daislinis ind\u0173 rinkinys - Toys.lt\" \/>\n<meta property=\"og:description\" content=\"Prek\u0117s tipas: \u017eaisliniai indai  Kilm\u0117s \u0161alis: Kinija  Pakuot\u0117s i\u0161matavimai: 8,7 x 38 x 25,8 cm  Produkto med\u017eiaga: plastikas  Rekomenduojamas am\u017eius: nuo 3 met\u0173\" \/>\n<meta property=\"og:url\" content=\"https:\/\/toys.lt\/lv\/produktas\/aislinis-ind-rinkinys-5\/\" \/>\n<meta property=\"og:site_name\" content=\"Toys.lt\" \/>\n<meta property=\"article:modified_time\" content=\"2026-04-23T18:15:25+00:00\" \/>\n<meta property=\"og:image\" content=\"https:\/\/toys.lt\/wp-content\/uploads\/2020\/04\/products-472.jpg\" \/>\n\t<meta property=\"og:image:width\" content=\"496\" \/>\n\t<meta property=\"og:image:height\" content=\"394\" \/>\n\t<meta property=\"og:image:type\" content=\"image\/jpeg\" \/>\n<meta name=\"twitter:card\" content=\"summary_large_image\" \/>\n<meta name=\"twitter:label1\" content=\"Est. reading time\" \/>\n\t<meta name=\"twitter:data1\" content=\"1 minute\" \/>\n<script type=\"application\/ld+json\" class=\"yoast-schema-graph\">{\"@context\":\"https:\/\/schema.org\",\"@graph\":[{\"@type\":\"WebPage\",\"@id\":\"https:\/\/toys.lt\/lv\/produktas\/aislinis-ind-rinkinys-5\/\",\"url\":\"https:\/\/toys.lt\/lv\/produktas\/aislinis-ind-rinkinys-5\/\",\"name\":\"\u017daislinis ind\u0173 rinkinys - Toys.lt\",\"isPartOf\":{\"@id\":\"https:\/\/toys.lt\/lv\/#website\"},\"primaryImageOfPage\":{\"@id\":\"https:\/\/toys.lt\/lv\/produktas\/aislinis-ind-rinkinys-5\/#primaryimage\"},\"image\":{\"@id\":\"https:\/\/toys.lt\/lv\/produktas\/aislinis-ind-rinkinys-5\/#primaryimage\"},\"thumbnailUrl\":\"https:\/\/toys.lt\/wp-content\/uploads\/2020\/04\/products-472.jpg\",\"datePublished\":\"2020-04-11T06:20:32+00:00\",\"dateModified\":\"2026-04-23T18:15:25+00:00\",\"breadcrumb\":{\"@id\":\"https:\/\/toys.lt\/lv\/produktas\/aislinis-ind-rinkinys-5\/#breadcrumb\"},\"inLanguage\":\"lv-LV\",\"potentialAction\":[{\"@type\":\"ReadAction\",\"target\":[\"https:\/\/toys.lt\/lv\/produktas\/aislinis-ind-rinkinys-5\/\"]}]},{\"@type\":\"ImageObject\",\"inLanguage\":\"lv-LV\",\"@id\":\"https:\/\/toys.lt\/lv\/produktas\/aislinis-ind-rinkinys-5\/#primaryimage\",\"url\":\"https:\/\/toys.lt\/wp-content\/uploads\/2020\/04\/products-472.jpg\",\"contentUrl\":\"https:\/\/toys.lt\/wp-content\/uploads\/2020\/04\/products-472.jpg\",\"width\":496,\"height\":394,\"caption\":\"\u017daislinis ind\u0173 rinkinys\"},{\"@type\":\"BreadcrumbList\",\"@id\":\"https:\/\/toys.lt\/lv\/produktas\/aislinis-ind-rinkinys-5\/#breadcrumb\",\"itemListElement\":[{\"@type\":\"ListItem\",\"position\":1,\"name\":\"Home\",\"item\":\"https:\/\/toys.lt\/lv\/\"},{\"@type\":\"ListItem\",\"position\":2,\"name\":\"Veikals\",\"item\":\"https:\/\/toys.lt\/lv\/shop\/\"},{\"@type\":\"ListItem\",\"position\":3,\"name\":\"\u017daislinis ind\u0173 rinkinys\"}]},{\"@type\":\"WebSite\",\"@id\":\"https:\/\/toys.lt\/lv\/#website\",\"url\":\"https:\/\/toys.lt\/lv\/\",\"name\":\"Toys.lt\",\"description\":\"\",\"potentialAction\":[{\"@type\":\"SearchAction\",\"target\":{\"@type\":\"EntryPoint\",\"urlTemplate\":\"https:\/\/toys.lt\/lv\/?s={search_term_string}\"},\"query-input\":{\"@type\":\"PropertyValueSpecification\",\"valueRequired\":true,\"valueName\":\"search_term_string\"}}],\"inLanguage\":\"lv-LV\"}]}<\/script>\n<!-- \/ Yoast SEO plugin. -->","yoast_head_json":{"title":"\u017daislinis ind\u0173 rinkinys - Toys.lt","robots":{"index":"index","follow":"follow","max-snippet":"max-snippet:-1","max-image-preview":"max-image-preview:large","max-video-preview":"max-video-preview:-1"},"canonical":"https:\/\/toys.lt\/lv\/produktas\/aislinis-ind-rinkinys-5\/","og_locale":"lv_LV","og_type":"article","og_title":"\u017daislinis ind\u0173 rinkinys - Toys.lt","og_description":"Prek\u0117s tipas: \u017eaisliniai indai  Kilm\u0117s \u0161alis: Kinija  Pakuot\u0117s i\u0161matavimai: 8,7 x 38 x 25,8 cm  Produkto med\u017eiaga: plastikas  Rekomenduojamas am\u017eius: nuo 3 met\u0173","og_url":"https:\/\/toys.lt\/lv\/produktas\/aislinis-ind-rinkinys-5\/","og_site_name":"Toys.lt","article_modified_time":"2026-04-23T18:15:25+00:00","og_image":[{"width":496,"height":394,"url":"https:\/\/toys.lt\/wp-content\/uploads\/2020\/04\/products-472.jpg","type":"image\/jpeg"}],"twitter_card":"summary_large_image","twitter_misc":{"Est. reading time":"1 minute"},"schema":{"@context":"https:\/\/schema.org","@graph":[{"@type":"WebPage","@id":"https:\/\/toys.lt\/lv\/produktas\/aislinis-ind-rinkinys-5\/","url":"https:\/\/toys.lt\/lv\/produktas\/aislinis-ind-rinkinys-5\/","name":"\u017daislinis ind\u0173 rinkinys - Toys.lt","isPartOf":{"@id":"https:\/\/toys.lt\/lv\/#website"},"primaryImageOfPage":{"@id":"https:\/\/toys.lt\/lv\/produktas\/aislinis-ind-rinkinys-5\/#primaryimage"},"image":{"@id":"https:\/\/toys.lt\/lv\/produktas\/aislinis-ind-rinkinys-5\/#primaryimage"},"thumbnailUrl":"https:\/\/toys.lt\/wp-content\/uploads\/2020\/04\/products-472.jpg","datePublished":"2020-04-11T06:20:32+00:00","dateModified":"2026-04-23T18:15:25+00:00","breadcrumb":{"@id":"https:\/\/toys.lt\/lv\/produktas\/aislinis-ind-rinkinys-5\/#breadcrumb"},"inLanguage":"lv-LV","potentialAction":[{"@type":"ReadAction","target":["https:\/\/toys.lt\/lv\/produktas\/aislinis-ind-rinkinys-5\/"]}]},{"@type":"ImageObject","inLanguage":"lv-LV","@id":"https:\/\/toys.lt\/lv\/produktas\/aislinis-ind-rinkinys-5\/#primaryimage","url":"https:\/\/toys.lt\/wp-content\/uploads\/2020\/04\/products-472.jpg","contentUrl":"https:\/\/toys.lt\/wp-content\/uploads\/2020\/04\/products-472.jpg","width":496,"height":394,"caption":"\u017daislinis ind\u0173 rinkinys"},{"@type":"BreadcrumbList","@id":"https:\/\/toys.lt\/lv\/produktas\/aislinis-ind-rinkinys-5\/#breadcrumb","itemListElement":[{"@type":"ListItem","position":1,"name":"Home","item":"https:\/\/toys.lt\/lv\/"},{"@type":"ListItem","position":2,"name":"Veikals","item":"https:\/\/toys.lt\/lv\/shop\/"},{"@type":"ListItem","position":3,"name":"\u017daislinis ind\u0173 rinkinys"}]},{"@type":"WebSite","@id":"https:\/\/toys.lt\/lv\/#website","url":"https:\/\/toys.lt\/lv\/","name":"Toys.lt","description":"","potentialAction":[{"@type":"SearchAction","target":{"@type":"EntryPoint","urlTemplate":"https:\/\/toys.lt\/lv\/?s={search_term_string}"},"query-input":{"@type":"PropertyValueSpecification","valueRequired":true,"valueName":"search_term_string"}}],"inLanguage":"lv-LV"}]}},"_links":{"self":[{"href":"https:\/\/toys.lt\/lv\/wp-json\/wp\/v2\/product\/26272","targetHints":{"allow":["GET"]}}],"collection":[{"href":"https:\/\/toys.lt\/lv\/wp-json\/wp\/v2\/product"}],"about":[{"href":"https:\/\/toys.lt\/lv\/wp-json\/wp\/v2\/types\/product"}],"replies":[{"embeddable":true,"href":"https:\/\/toys.lt\/lv\/wp-json\/wp\/v2\/comments?post=26272"}],"version-history":[{"count":1,"href":"https:\/\/toys.lt\/lv\/wp-json\/wp\/v2\/product\/26272\/revisions"}],"predecessor-version":[{"id":32716,"href":"https:\/\/toys.lt\/lv\/wp-json\/wp\/v2\/product\/26272\/revisions\/32716"}],"wp:featuredmedia":[{"embeddable":true,"href":"https:\/\/toys.lt\/lv\/wp-json\/wp\/v2\/media\/26273"}],"wp:attachment":[{"href":"https:\/\/toys.lt\/lv\/wp-json\/wp\/v2\/media?parent=26272"}],"wp:term":[{"taxonomy":"product_brand","embeddable":true,"href":"https:\/\/toys.lt\/lv\/wp-json\/wp\/v2\/product_brand?post=26272"},{"taxonomy":"product_cat","embeddable":true,"href":"https:\/\/toys.lt\/lv\/wp-json\/wp\/v2\/product_cat?post=26272"},{"taxonomy":"product_tag","embeddable":true,"href":"https:\/\/toys.lt\/lv\/wp-json\/wp\/v2\/product_tag?post=26272"}],"curies":[{"name":"wp","href":"https:\/\/api.w.org\/{rel}","templated":true}]}}