{"id":26256,"date":"2020-04-10T10:52:46","date_gmt":"2020-04-10T10:52:46","guid":{"rendered":"https:\/\/toys.lt\/?post_type=product&#038;p=26256"},"modified":"2026-04-06T00:29:33","modified_gmt":"2026-04-06T00:29:33","slug":"zaidimas-mio-the-robot-programmable-2","status":"publish","type":"product","link":"https:\/\/toys.lt\/lv\/produktas\/zaidimas-mio-the-robot-programmable-2\/","title":{"rendered":"\u017daidimas &#8220;Mio The Robot Programmable&#8221;"},"content":{"rendered":"<p class=\"MsoNormal\" align=\"center\" style=\"text-align:center;\"><i><span style=\"font-size:8.5pt;font-family:Verdana, 'sans-serif';color:#000000;\">Kompanija &#8220;Clementoni&#8221; &#8211; \u012fkurta Italijoje ir\u00a0s\u0117kmingai dirba\u00a0daugiau nei 50 met\u0173! Kompanijos misija &#8211; kurti \u017eaidimus, kurie padeda vaikams augimo procese.\u00a0<\/span><\/i><\/p>\n<\/p>\n<p class=\"MsoNormal\" align=\"center\" style=\"text-align:center;\"><i><span style=\"font-size:8.5pt;font-family:Verdana, 'sans-serif';color:#000000;\">Vis\u0105 tai skirta patenkinti jaunimo poreikius, atsi\u017evelgiant \u012f \u0161iuolaikines technologijas ir pasaulio \u0161vietimo tendencijas.<\/span><\/i><\/p>\n<\/p>\n<p><strong>Rinkin\u012f sudaro:<\/strong><\/p>\n<ul style=\"list-style-type:square;\">\n<li><\/li>\n<\/ul>\n<p><strong>Savyb\u0117s:<\/strong><\/p>\n<ul style=\"list-style-type:square;\">\n<li>Mokslo muziejaus patvirtintas rinkinys<\/li>\n<li>Puikus \u012fvadas jaunimui \u012f ne\u012ftik\u0117tin\u0105 robotikos pasaul\u012f<\/li>\n<li>Komplekte su lengvai sekama spalvota instrukcine bro\u0161i\u016bra gal\u0117site greitai sukurti \u201eMio\u201c ir i\u0161mokti valdyti j\u0105 per elektronin\u0119 programavimo sistem\u0105<\/li>\n<li>\u201eMio\u201c gali ne\u0161ti \u017eini\u0105 mylimam \u017emogui, pad\u0117ti pie\u0161ti ar net ie\u0161koti metal\u0173 su pridedamu metalo detektoriumi<\/li>\n<li>Lavina login\u012f m\u0105stym\u0105, rank\u0173 motorik\u0105, aki\u0173 koordinacij\u0105<\/li>\n<\/ul>\n<p>Greitu metu bus platesnis prek\u0117s apra\u0161ymas.<\/p>\n<p>Nor\u0117dami su\u017einoti daugiau informacijos apie prek\u0119, pra\u0161ome skambinti numeriu, kuris yra nurodytas puslapyje.<\/p>\n","protected":false},"excerpt":{"rendered":"<p>Prek\u0117s tipas: interaktyvus \u017eaislas<\/p>\n<p>Prek\u0117s \u017eenklas: Clementoni<\/p>\n<p>Kilm\u0117s \u0161alis:\u00a0Italija<\/p>\n<p>Rekomenduojamas am\u017eius: nuo\u00a08 met\u0173<\/p>\n<p>Elementai: 4 x AAA (nepridedamos)<\/p>\n","protected":false},"featured_media":26257,"comment_status":"open","ping_status":"closed","template":"","meta":[],"product_brand":[384],"product_cat":[389,392],"product_tag":[],"class_list":{"0":"post-26256","1":"product","2":"type-product","3":"status-publish","4":"has-post-thumbnail","6":"product_brand-clementoni-2","7":"product_cat-lavinamieji-ir-interaktyvus-zaislai","8":"product_cat-zaisliniai-robotai-ir-transformeriai","9":"pa_amziaus-grupe-81","10":"pa_prek-s-tipas-robotai-ir-transformeriai-2","11":"pa_prekes-zenklas-clementoni","13":"first","14":"outofstock","15":"taxable","16":"shipping-taxable","17":"purchasable","18":"product-type-simple"},"yoast_head":"<!-- This site is optimized with the Yoast SEO plugin v26.3 - https:\/\/yoast.com\/wordpress\/plugins\/seo\/ -->\n<title>\u017daidimas &quot;Mio The Robot Programmable&quot; - Toys.lt<\/title>\n<meta name=\"robots\" content=\"index, follow, max-snippet:-1, max-image-preview:large, max-video-preview:-1\" \/>\n<link rel=\"canonical\" href=\"https:\/\/toys.lt\/lv\/produktas\/zaidimas-mio-the-robot-programmable-2\/\" \/>\n<meta property=\"og:locale\" content=\"lv_LV\" \/>\n<meta property=\"og:type\" content=\"article\" \/>\n<meta property=\"og:title\" content=\"\u017daidimas &quot;Mio The Robot Programmable&quot; - Toys.lt\" \/>\n<meta property=\"og:description\" content=\"Prek\u0117s tipas: interaktyvus \u017eaislas Prek\u0117s \u017eenklas: Clementoni Kilm\u0117s \u0161alis:\u00a0Italija Rekomenduojamas am\u017eius: nuo\u00a08 met\u0173 Elementai: 4 x AAA (nepridedamos)\" \/>\n<meta property=\"og:url\" content=\"https:\/\/toys.lt\/lv\/produktas\/zaidimas-mio-the-robot-programmable-2\/\" \/>\n<meta property=\"og:site_name\" content=\"Toys.lt\" \/>\n<meta property=\"article:modified_time\" content=\"2026-04-06T00:29:33+00:00\" \/>\n<meta property=\"og:image\" content=\"https:\/\/toys.lt\/wp-content\/uploads\/2020\/04\/products-464-scaled.jpg\" \/>\n\t<meta property=\"og:image:width\" content=\"2560\" \/>\n\t<meta property=\"og:image:height\" content=\"1911\" \/>\n\t<meta property=\"og:image:type\" content=\"image\/jpeg\" \/>\n<meta name=\"twitter:card\" content=\"summary_large_image\" \/>\n<meta name=\"twitter:label1\" content=\"Est. reading time\" \/>\n\t<meta name=\"twitter:data1\" content=\"1 minute\" \/>\n<script type=\"application\/ld+json\" class=\"yoast-schema-graph\">{\"@context\":\"https:\/\/schema.org\",\"@graph\":[{\"@type\":\"WebPage\",\"@id\":\"https:\/\/toys.lt\/lv\/produktas\/zaidimas-mio-the-robot-programmable-2\/\",\"url\":\"https:\/\/toys.lt\/lv\/produktas\/zaidimas-mio-the-robot-programmable-2\/\",\"name\":\"\u017daidimas \\\"Mio The Robot Programmable\\\" - Toys.lt\",\"isPartOf\":{\"@id\":\"https:\/\/toys.lt\/lv\/#website\"},\"primaryImageOfPage\":{\"@id\":\"https:\/\/toys.lt\/lv\/produktas\/zaidimas-mio-the-robot-programmable-2\/#primaryimage\"},\"image\":{\"@id\":\"https:\/\/toys.lt\/lv\/produktas\/zaidimas-mio-the-robot-programmable-2\/#primaryimage\"},\"thumbnailUrl\":\"https:\/\/toys.lt\/wp-content\/uploads\/2020\/04\/products-464-scaled.jpg\",\"datePublished\":\"2020-04-10T10:52:46+00:00\",\"dateModified\":\"2026-04-06T00:29:33+00:00\",\"breadcrumb\":{\"@id\":\"https:\/\/toys.lt\/lv\/produktas\/zaidimas-mio-the-robot-programmable-2\/#breadcrumb\"},\"inLanguage\":\"lv-LV\",\"potentialAction\":[{\"@type\":\"ReadAction\",\"target\":[\"https:\/\/toys.lt\/lv\/produktas\/zaidimas-mio-the-robot-programmable-2\/\"]}]},{\"@type\":\"ImageObject\",\"inLanguage\":\"lv-LV\",\"@id\":\"https:\/\/toys.lt\/lv\/produktas\/zaidimas-mio-the-robot-programmable-2\/#primaryimage\",\"url\":\"https:\/\/toys.lt\/wp-content\/uploads\/2020\/04\/products-464-scaled.jpg\",\"contentUrl\":\"https:\/\/toys.lt\/wp-content\/uploads\/2020\/04\/products-464-scaled.jpg\",\"width\":2560,\"height\":1911,\"caption\":\"\u017daidimas &#8220;Mio The Robot Programmable&#8221;\"},{\"@type\":\"BreadcrumbList\",\"@id\":\"https:\/\/toys.lt\/lv\/produktas\/zaidimas-mio-the-robot-programmable-2\/#breadcrumb\",\"itemListElement\":[{\"@type\":\"ListItem\",\"position\":1,\"name\":\"Home\",\"item\":\"https:\/\/toys.lt\/lv\/\"},{\"@type\":\"ListItem\",\"position\":2,\"name\":\"Veikals\",\"item\":\"https:\/\/toys.lt\/lv\/shop\/\"},{\"@type\":\"ListItem\",\"position\":3,\"name\":\"\u017daidimas &#8222;Mio The Robot Programmable&#8221;\"}]},{\"@type\":\"WebSite\",\"@id\":\"https:\/\/toys.lt\/lv\/#website\",\"url\":\"https:\/\/toys.lt\/lv\/\",\"name\":\"Toys.lt\",\"description\":\"\",\"potentialAction\":[{\"@type\":\"SearchAction\",\"target\":{\"@type\":\"EntryPoint\",\"urlTemplate\":\"https:\/\/toys.lt\/lv\/?s={search_term_string}\"},\"query-input\":{\"@type\":\"PropertyValueSpecification\",\"valueRequired\":true,\"valueName\":\"search_term_string\"}}],\"inLanguage\":\"lv-LV\"}]}<\/script>\n<!-- \/ Yoast SEO plugin. -->","yoast_head_json":{"title":"\u017daidimas \"Mio The Robot Programmable\" - Toys.lt","robots":{"index":"index","follow":"follow","max-snippet":"max-snippet:-1","max-image-preview":"max-image-preview:large","max-video-preview":"max-video-preview:-1"},"canonical":"https:\/\/toys.lt\/lv\/produktas\/zaidimas-mio-the-robot-programmable-2\/","og_locale":"lv_LV","og_type":"article","og_title":"\u017daidimas \"Mio The Robot Programmable\" - Toys.lt","og_description":"Prek\u0117s tipas: interaktyvus \u017eaislas Prek\u0117s \u017eenklas: Clementoni Kilm\u0117s \u0161alis:\u00a0Italija Rekomenduojamas am\u017eius: nuo\u00a08 met\u0173 Elementai: 4 x AAA (nepridedamos)","og_url":"https:\/\/toys.lt\/lv\/produktas\/zaidimas-mio-the-robot-programmable-2\/","og_site_name":"Toys.lt","article_modified_time":"2026-04-06T00:29:33+00:00","og_image":[{"width":2560,"height":1911,"url":"https:\/\/toys.lt\/wp-content\/uploads\/2020\/04\/products-464-scaled.jpg","type":"image\/jpeg"}],"twitter_card":"summary_large_image","twitter_misc":{"Est. reading time":"1 minute"},"schema":{"@context":"https:\/\/schema.org","@graph":[{"@type":"WebPage","@id":"https:\/\/toys.lt\/lv\/produktas\/zaidimas-mio-the-robot-programmable-2\/","url":"https:\/\/toys.lt\/lv\/produktas\/zaidimas-mio-the-robot-programmable-2\/","name":"\u017daidimas \"Mio The Robot Programmable\" - Toys.lt","isPartOf":{"@id":"https:\/\/toys.lt\/lv\/#website"},"primaryImageOfPage":{"@id":"https:\/\/toys.lt\/lv\/produktas\/zaidimas-mio-the-robot-programmable-2\/#primaryimage"},"image":{"@id":"https:\/\/toys.lt\/lv\/produktas\/zaidimas-mio-the-robot-programmable-2\/#primaryimage"},"thumbnailUrl":"https:\/\/toys.lt\/wp-content\/uploads\/2020\/04\/products-464-scaled.jpg","datePublished":"2020-04-10T10:52:46+00:00","dateModified":"2026-04-06T00:29:33+00:00","breadcrumb":{"@id":"https:\/\/toys.lt\/lv\/produktas\/zaidimas-mio-the-robot-programmable-2\/#breadcrumb"},"inLanguage":"lv-LV","potentialAction":[{"@type":"ReadAction","target":["https:\/\/toys.lt\/lv\/produktas\/zaidimas-mio-the-robot-programmable-2\/"]}]},{"@type":"ImageObject","inLanguage":"lv-LV","@id":"https:\/\/toys.lt\/lv\/produktas\/zaidimas-mio-the-robot-programmable-2\/#primaryimage","url":"https:\/\/toys.lt\/wp-content\/uploads\/2020\/04\/products-464-scaled.jpg","contentUrl":"https:\/\/toys.lt\/wp-content\/uploads\/2020\/04\/products-464-scaled.jpg","width":2560,"height":1911,"caption":"\u017daidimas &#8220;Mio The Robot Programmable&#8221;"},{"@type":"BreadcrumbList","@id":"https:\/\/toys.lt\/lv\/produktas\/zaidimas-mio-the-robot-programmable-2\/#breadcrumb","itemListElement":[{"@type":"ListItem","position":1,"name":"Home","item":"https:\/\/toys.lt\/lv\/"},{"@type":"ListItem","position":2,"name":"Veikals","item":"https:\/\/toys.lt\/lv\/shop\/"},{"@type":"ListItem","position":3,"name":"\u017daidimas &#8222;Mio The Robot Programmable&#8221;"}]},{"@type":"WebSite","@id":"https:\/\/toys.lt\/lv\/#website","url":"https:\/\/toys.lt\/lv\/","name":"Toys.lt","description":"","potentialAction":[{"@type":"SearchAction","target":{"@type":"EntryPoint","urlTemplate":"https:\/\/toys.lt\/lv\/?s={search_term_string}"},"query-input":{"@type":"PropertyValueSpecification","valueRequired":true,"valueName":"search_term_string"}}],"inLanguage":"lv-LV"}]}},"_links":{"self":[{"href":"https:\/\/toys.lt\/lv\/wp-json\/wp\/v2\/product\/26256","targetHints":{"allow":["GET"]}}],"collection":[{"href":"https:\/\/toys.lt\/lv\/wp-json\/wp\/v2\/product"}],"about":[{"href":"https:\/\/toys.lt\/lv\/wp-json\/wp\/v2\/types\/product"}],"replies":[{"embeddable":true,"href":"https:\/\/toys.lt\/lv\/wp-json\/wp\/v2\/comments?post=26256"}],"version-history":[{"count":0,"href":"https:\/\/toys.lt\/lv\/wp-json\/wp\/v2\/product\/26256\/revisions"}],"wp:featuredmedia":[{"embeddable":true,"href":"https:\/\/toys.lt\/lv\/wp-json\/wp\/v2\/media\/26257"}],"wp:attachment":[{"href":"https:\/\/toys.lt\/lv\/wp-json\/wp\/v2\/media?parent=26256"}],"wp:term":[{"taxonomy":"product_brand","embeddable":true,"href":"https:\/\/toys.lt\/lv\/wp-json\/wp\/v2\/product_brand?post=26256"},{"taxonomy":"product_cat","embeddable":true,"href":"https:\/\/toys.lt\/lv\/wp-json\/wp\/v2\/product_cat?post=26256"},{"taxonomy":"product_tag","embeddable":true,"href":"https:\/\/toys.lt\/lv\/wp-json\/wp\/v2\/product_tag?post=26256"}],"curies":[{"name":"wp","href":"https:\/\/api.w.org\/{rel}","templated":true}]}}