{"id":26254,"date":"2020-04-10T10:42:52","date_gmt":"2020-04-10T10:42:52","guid":{"rendered":"https:\/\/toys.lt\/?post_type=product&#038;p=26254"},"modified":"2026-04-06T00:29:32","modified_gmt":"2026-04-06T00:29:32","slug":"mokomasis-zaidimas-action-reaction-starter-set","status":"publish","type":"product","link":"https:\/\/toys.lt\/lv\/produktas\/mokomasis-zaidimas-action-reaction-starter-set\/","title":{"rendered":"Mokomasis \u017eaidimas &#8220;Action &amp; Reaction, Starter Set&#8221;"},"content":{"rendered":"<p class=\"MsoNormal\" align=\"center\" style=\"text-align:center\"><i><span style=\"font-size:8.5pt;font-family:Verdana, 'sans-serif';color:#000000\">Kompanija &#8220;Clementoni&#8221; &#8211; \u012fkurta Italijoje ir\u00a0s\u0117kmingai dirba\u00a0daugiau nei 50 met\u0173! Kompanijos misija &#8211; kurti \u017eaidimus, kurie padeda vaikams augimo procese.\u00a0<\/span><\/i><\/p>\n<\/p>\n<p class=\"MsoNormal\" align=\"center\" style=\"text-align:center\"><i><span style=\"font-size:8.5pt;font-family:Verdana, 'sans-serif';color:#000000\">Vis\u0105 tai skirta patenkinti jaunimo poreikius, atsi\u017evelgiant \u012f \u0161iuolaikines technologijas ir pasaulio \u0161vietimo tendencijas.<\/span><\/i><\/p>\n<\/p>\n<p><strong>Savyb\u0117s:<\/strong><\/p>\n<ul style=\"list-style-type:square\">\n<li>Naudokite akceleratori\u0173, nor\u0117dami i\u0161stumti rutulius ant grandin\u0117s, o kilpomis paisykite gravitacijos d\u0117sni\u0173<\/li>\n<li>Instrukcija pad\u0117s jums \u017eingsnis po \u017eingsnio sukurti savo pirm\u0105sias grandines<\/li>\n<li>Unikalus mokslo rinkinys, skirtas lengvai ir linksmai atrasti fizikos principus<\/li>\n<li>D\u0117l daugiau nei 50 modulini\u0173 komponent\u0173 galite sukurti begal\u0119 linksm\u0173 takeli\u0173 ir naudoti vis tikslesnes bandym\u0173 strategijas<\/li>\n<li>\u012e \u017eaidim\u0105 galite \u012ftraukti tai, kas yra aplink jus, kad j\u016bs\u0173 k\u016bryba tapt\u0173 dar geresn\u0117 ir linksmesn\u0117<\/li>\n<li>Yra ties\u016bs ir lenkti b\u0117giai, kilp\u0173 b\u0117giai mirties kilpai sukurti, spyruokliniai mechanizmai, veikiantys kaip greitintuvai, ir du rutuliai su skirtingais svoriais<\/li>\n<li>Lavina rank\u0173 motorik\u0105, login\u012f m\u0105stym\u0105, k\u016brybi\u0161kum\u0105, vaizduot\u0119<\/li>\n<\/ul>\n","protected":false},"excerpt":{"rendered":"<p>Prek\u0117s tipas: mokomasis<\/p>\n<p>Prek\u0117s \u017eenklas: Clementoni<\/p>\n<p>Kilm\u0117s \u0161alis:\u00a0Italija<\/p>\n<p>Pakuot\u0117s i\u0161matavimai: 9,7 x 42 x 28 cm<\/p>\n<p>Rekomenduojamas am\u017eius: nuo 6 met\u0173<\/p>\n","protected":false},"featured_media":26255,"comment_status":"open","ping_status":"open","template":"","meta":[],"product_brand":[384],"product_cat":[418,389,410,411],"product_tag":[],"class_list":{"0":"post-26254","1":"product","2":"type-product","3":"status-publish","4":"has-post-thumbnail","6":"product_brand-clementoni-2","7":"product_cat-pigu","8":"product_cat-lavinamieji-ir-interaktyvus-zaislai","9":"product_cat-zaislai-berniukams","10":"product_cat-zaislai-mergaitems","11":"pa_amziaus-grupe-79","12":"pa_prek-s-tipas-vairius-geb-jimus-lavinantys-zaislai","13":"pa_prekes-zenklas-clementoni","15":"first","16":"outofstock","17":"taxable","18":"shipping-taxable","19":"purchasable","20":"product-type-simple"},"yoast_head":"<!-- This site is optimized with the Yoast SEO plugin v26.3 - https:\/\/yoast.com\/wordpress\/plugins\/seo\/ -->\n<title>Mokomasis \u017eaidimas &quot;Action &amp; Reaction, Starter Set&quot; - Toys.lt<\/title>\n<meta name=\"robots\" content=\"index, follow, max-snippet:-1, max-image-preview:large, max-video-preview:-1\" \/>\n<link rel=\"canonical\" href=\"https:\/\/toys.lt\/lv\/produktas\/mokomasis-zaidimas-action-reaction-starter-set\/\" \/>\n<meta property=\"og:locale\" content=\"lv_LV\" \/>\n<meta property=\"og:type\" content=\"article\" \/>\n<meta property=\"og:title\" content=\"Mokomasis \u017eaidimas &quot;Action &amp; Reaction, Starter Set&quot; - Toys.lt\" \/>\n<meta property=\"og:description\" content=\"Prek\u0117s tipas: mokomasis Prek\u0117s \u017eenklas: Clementoni Kilm\u0117s \u0161alis:\u00a0Italija Pakuot\u0117s i\u0161matavimai: 9,7 x 42 x 28 cm Rekomenduojamas am\u017eius: nuo 6 met\u0173\" \/>\n<meta property=\"og:url\" content=\"https:\/\/toys.lt\/lv\/produktas\/mokomasis-zaidimas-action-reaction-starter-set\/\" \/>\n<meta property=\"og:site_name\" content=\"Toys.lt\" \/>\n<meta property=\"article:modified_time\" content=\"2026-04-06T00:29:32+00:00\" \/>\n<meta property=\"og:image\" content=\"https:\/\/toys.lt\/wp-content\/uploads\/2020\/04\/products-463-scaled.jpg\" \/>\n\t<meta property=\"og:image:width\" content=\"2560\" \/>\n\t<meta property=\"og:image:height\" content=\"1993\" \/>\n\t<meta property=\"og:image:type\" content=\"image\/jpeg\" \/>\n<meta name=\"twitter:card\" content=\"summary_large_image\" \/>\n<meta name=\"twitter:label1\" content=\"Est. reading time\" \/>\n\t<meta name=\"twitter:data1\" content=\"1 minute\" \/>\n<script type=\"application\/ld+json\" class=\"yoast-schema-graph\">{\"@context\":\"https:\/\/schema.org\",\"@graph\":[{\"@type\":\"WebPage\",\"@id\":\"https:\/\/toys.lt\/lv\/produktas\/mokomasis-zaidimas-action-reaction-starter-set\/\",\"url\":\"https:\/\/toys.lt\/lv\/produktas\/mokomasis-zaidimas-action-reaction-starter-set\/\",\"name\":\"Mokomasis \u017eaidimas \\\"Action &amp; Reaction, Starter Set\\\" - Toys.lt\",\"isPartOf\":{\"@id\":\"https:\/\/toys.lt\/lv\/#website\"},\"primaryImageOfPage\":{\"@id\":\"https:\/\/toys.lt\/lv\/produktas\/mokomasis-zaidimas-action-reaction-starter-set\/#primaryimage\"},\"image\":{\"@id\":\"https:\/\/toys.lt\/lv\/produktas\/mokomasis-zaidimas-action-reaction-starter-set\/#primaryimage\"},\"thumbnailUrl\":\"https:\/\/toys.lt\/wp-content\/uploads\/2020\/04\/products-463-scaled.jpg\",\"datePublished\":\"2020-04-10T10:42:52+00:00\",\"dateModified\":\"2026-04-06T00:29:32+00:00\",\"breadcrumb\":{\"@id\":\"https:\/\/toys.lt\/lv\/produktas\/mokomasis-zaidimas-action-reaction-starter-set\/#breadcrumb\"},\"inLanguage\":\"lv-LV\",\"potentialAction\":[{\"@type\":\"ReadAction\",\"target\":[\"https:\/\/toys.lt\/lv\/produktas\/mokomasis-zaidimas-action-reaction-starter-set\/\"]}]},{\"@type\":\"ImageObject\",\"inLanguage\":\"lv-LV\",\"@id\":\"https:\/\/toys.lt\/lv\/produktas\/mokomasis-zaidimas-action-reaction-starter-set\/#primaryimage\",\"url\":\"https:\/\/toys.lt\/wp-content\/uploads\/2020\/04\/products-463-scaled.jpg\",\"contentUrl\":\"https:\/\/toys.lt\/wp-content\/uploads\/2020\/04\/products-463-scaled.jpg\",\"width\":2560,\"height\":1993,\"caption\":\"Mokomasis \u017eaidimas &#8220;Action &#038; Reaction, Starter Set&#8221;\"},{\"@type\":\"BreadcrumbList\",\"@id\":\"https:\/\/toys.lt\/lv\/produktas\/mokomasis-zaidimas-action-reaction-starter-set\/#breadcrumb\",\"itemListElement\":[{\"@type\":\"ListItem\",\"position\":1,\"name\":\"Home\",\"item\":\"https:\/\/toys.lt\/lv\/\"},{\"@type\":\"ListItem\",\"position\":2,\"name\":\"Veikals\",\"item\":\"https:\/\/toys.lt\/lv\/shop\/\"},{\"@type\":\"ListItem\",\"position\":3,\"name\":\"Mokomasis \u017eaidimas &#8222;Action &amp; Reaction, Starter Set&#8221;\"}]},{\"@type\":\"WebSite\",\"@id\":\"https:\/\/toys.lt\/lv\/#website\",\"url\":\"https:\/\/toys.lt\/lv\/\",\"name\":\"Toys.lt\",\"description\":\"\",\"potentialAction\":[{\"@type\":\"SearchAction\",\"target\":{\"@type\":\"EntryPoint\",\"urlTemplate\":\"https:\/\/toys.lt\/lv\/?s={search_term_string}\"},\"query-input\":{\"@type\":\"PropertyValueSpecification\",\"valueRequired\":true,\"valueName\":\"search_term_string\"}}],\"inLanguage\":\"lv-LV\"}]}<\/script>\n<!-- \/ Yoast SEO plugin. -->","yoast_head_json":{"title":"Mokomasis \u017eaidimas \"Action &amp; Reaction, Starter Set\" - Toys.lt","robots":{"index":"index","follow":"follow","max-snippet":"max-snippet:-1","max-image-preview":"max-image-preview:large","max-video-preview":"max-video-preview:-1"},"canonical":"https:\/\/toys.lt\/lv\/produktas\/mokomasis-zaidimas-action-reaction-starter-set\/","og_locale":"lv_LV","og_type":"article","og_title":"Mokomasis \u017eaidimas \"Action &amp; Reaction, Starter Set\" - Toys.lt","og_description":"Prek\u0117s tipas: mokomasis Prek\u0117s \u017eenklas: Clementoni Kilm\u0117s \u0161alis:\u00a0Italija Pakuot\u0117s i\u0161matavimai: 9,7 x 42 x 28 cm Rekomenduojamas am\u017eius: nuo 6 met\u0173","og_url":"https:\/\/toys.lt\/lv\/produktas\/mokomasis-zaidimas-action-reaction-starter-set\/","og_site_name":"Toys.lt","article_modified_time":"2026-04-06T00:29:32+00:00","og_image":[{"width":2560,"height":1993,"url":"https:\/\/toys.lt\/wp-content\/uploads\/2020\/04\/products-463-scaled.jpg","type":"image\/jpeg"}],"twitter_card":"summary_large_image","twitter_misc":{"Est. reading time":"1 minute"},"schema":{"@context":"https:\/\/schema.org","@graph":[{"@type":"WebPage","@id":"https:\/\/toys.lt\/lv\/produktas\/mokomasis-zaidimas-action-reaction-starter-set\/","url":"https:\/\/toys.lt\/lv\/produktas\/mokomasis-zaidimas-action-reaction-starter-set\/","name":"Mokomasis \u017eaidimas \"Action &amp; Reaction, Starter Set\" - Toys.lt","isPartOf":{"@id":"https:\/\/toys.lt\/lv\/#website"},"primaryImageOfPage":{"@id":"https:\/\/toys.lt\/lv\/produktas\/mokomasis-zaidimas-action-reaction-starter-set\/#primaryimage"},"image":{"@id":"https:\/\/toys.lt\/lv\/produktas\/mokomasis-zaidimas-action-reaction-starter-set\/#primaryimage"},"thumbnailUrl":"https:\/\/toys.lt\/wp-content\/uploads\/2020\/04\/products-463-scaled.jpg","datePublished":"2020-04-10T10:42:52+00:00","dateModified":"2026-04-06T00:29:32+00:00","breadcrumb":{"@id":"https:\/\/toys.lt\/lv\/produktas\/mokomasis-zaidimas-action-reaction-starter-set\/#breadcrumb"},"inLanguage":"lv-LV","potentialAction":[{"@type":"ReadAction","target":["https:\/\/toys.lt\/lv\/produktas\/mokomasis-zaidimas-action-reaction-starter-set\/"]}]},{"@type":"ImageObject","inLanguage":"lv-LV","@id":"https:\/\/toys.lt\/lv\/produktas\/mokomasis-zaidimas-action-reaction-starter-set\/#primaryimage","url":"https:\/\/toys.lt\/wp-content\/uploads\/2020\/04\/products-463-scaled.jpg","contentUrl":"https:\/\/toys.lt\/wp-content\/uploads\/2020\/04\/products-463-scaled.jpg","width":2560,"height":1993,"caption":"Mokomasis \u017eaidimas &#8220;Action &#038; Reaction, Starter Set&#8221;"},{"@type":"BreadcrumbList","@id":"https:\/\/toys.lt\/lv\/produktas\/mokomasis-zaidimas-action-reaction-starter-set\/#breadcrumb","itemListElement":[{"@type":"ListItem","position":1,"name":"Home","item":"https:\/\/toys.lt\/lv\/"},{"@type":"ListItem","position":2,"name":"Veikals","item":"https:\/\/toys.lt\/lv\/shop\/"},{"@type":"ListItem","position":3,"name":"Mokomasis \u017eaidimas &#8222;Action &amp; Reaction, Starter Set&#8221;"}]},{"@type":"WebSite","@id":"https:\/\/toys.lt\/lv\/#website","url":"https:\/\/toys.lt\/lv\/","name":"Toys.lt","description":"","potentialAction":[{"@type":"SearchAction","target":{"@type":"EntryPoint","urlTemplate":"https:\/\/toys.lt\/lv\/?s={search_term_string}"},"query-input":{"@type":"PropertyValueSpecification","valueRequired":true,"valueName":"search_term_string"}}],"inLanguage":"lv-LV"}]}},"_links":{"self":[{"href":"https:\/\/toys.lt\/lv\/wp-json\/wp\/v2\/product\/26254","targetHints":{"allow":["GET"]}}],"collection":[{"href":"https:\/\/toys.lt\/lv\/wp-json\/wp\/v2\/product"}],"about":[{"href":"https:\/\/toys.lt\/lv\/wp-json\/wp\/v2\/types\/product"}],"replies":[{"embeddable":true,"href":"https:\/\/toys.lt\/lv\/wp-json\/wp\/v2\/comments?post=26254"}],"version-history":[{"count":1,"href":"https:\/\/toys.lt\/lv\/wp-json\/wp\/v2\/product\/26254\/revisions"}],"predecessor-version":[{"id":34431,"href":"https:\/\/toys.lt\/lv\/wp-json\/wp\/v2\/product\/26254\/revisions\/34431"}],"wp:featuredmedia":[{"embeddable":true,"href":"https:\/\/toys.lt\/lv\/wp-json\/wp\/v2\/media\/26255"}],"wp:attachment":[{"href":"https:\/\/toys.lt\/lv\/wp-json\/wp\/v2\/media?parent=26254"}],"wp:term":[{"taxonomy":"product_brand","embeddable":true,"href":"https:\/\/toys.lt\/lv\/wp-json\/wp\/v2\/product_brand?post=26254"},{"taxonomy":"product_cat","embeddable":true,"href":"https:\/\/toys.lt\/lv\/wp-json\/wp\/v2\/product_cat?post=26254"},{"taxonomy":"product_tag","embeddable":true,"href":"https:\/\/toys.lt\/lv\/wp-json\/wp\/v2\/product_tag?post=26254"}],"curies":[{"name":"wp","href":"https:\/\/api.w.org\/{rel}","templated":true}]}}