{"id":26243,"date":"2020-04-10T09:29:01","date_gmt":"2020-04-10T09:29:01","guid":{"rendered":"https:\/\/toys.lt\/?post_type=product&#038;p=26243"},"modified":"2026-04-06T00:29:32","modified_gmt":"2026-04-06T00:29:32","slug":"clementoni-archeofun-t-rex-60384","status":"publish","type":"product","link":"https:\/\/toys.lt\/lv\/produktas\/clementoni-archeofun-t-rex-60384\/","title":{"rendered":"Clementoni Archeofun T-Rex \u2013 archeologinis dinozauro rinkinys"},"content":{"rendered":"<p class=\"MsoNormal\" style=\"text-align: center;\" align=\"center\"><i><span style=\"font-size: 8.5pt; font-family: Verdana, 'sans-serif'; color: #000000;\">Kompanija &#8220;Clementoni&#8221; &#8211; \u012fkurta Italijoje ir\u00a0s\u0117kmingai dirba\u00a0daugiau nei 50 met\u0173! Kompanijos misija &#8211; kurti \u017eaidimus, kurie padeda vaikams augimo procese.\u00a0<\/span><\/i><\/p>\n<p class=\"MsoNormal\" style=\"text-align: center;\" align=\"center\"><i><span style=\"font-size: 8.5pt; font-family: Verdana, 'sans-serif'; color: #000000;\">Vis\u0105 tai skirta patenkinti jaunimo poreikius, atsi\u017evelgiant \u012f \u0161iuolaikines technologijas ir pasaulio \u0161vietimo tendencijas.<\/span><\/i><\/p>\n<p data-start=\"601\" data-end=\"872\">Clementoni \u201eArcheofun T-Rex\u201c \u2013 edukacinis archeologinis rinkinys vaikams, leid\u017eiantis pasijusti tikru paleontologu. Rinkinyje vaikai atras \u201efosilijas\u201c, kurias reik\u0117s i\u0161kasti i\u0161 specialaus gipso bloko, o v\u0117liau surinkti \u012f \u012fsp\u016bding\u0105 T-Rex skelet\u0105.<\/p>\n<p data-start=\"874\" data-end=\"1077\">\u017daidimas lavina smalsum\u0105, login\u012f m\u0105stym\u0105, rank\u0173 motorik\u0105 ir aki\u0173\u2013rank\u0173 koordinacij\u0105. Tai puikus b\u016bdas suderinti pramog\u0105 su mokslu ir supa\u017eindinti vaikus su archeologijos bei paleontologijos pagrindais.<\/p>\n<p data-start=\"1079\" data-end=\"1100\"><strong data-start=\"1079\" data-end=\"1098\">Rinkin\u012f sudaro:<\/strong><\/p>\n<ul data-start=\"1101\" data-end=\"1232\">\n<li data-start=\"1101\" data-end=\"1112\">\n<p data-start=\"1103\" data-end=\"1112\">Kaltas;<\/p>\n<\/li>\n<li data-start=\"1113\" data-end=\"1172\">\n<p data-start=\"1115\" data-end=\"1172\">\u017dem\u0117s plok\u0161tel\u0117 (pagaminta i\u0161 gipso, sm\u0117lio ir pemzos);<\/p>\n<\/li>\n<li data-start=\"1173\" data-end=\"1207\">\n<p data-start=\"1175\" data-end=\"1207\">Tiranozauro Rekso \u201efosilijos\u201c;<\/p>\n<\/li>\n<li data-start=\"1208\" data-end=\"1232\">\n<p data-start=\"1210\" data-end=\"1232\">\u017daidimo instrukcija.<\/p>\n<\/li>\n<\/ul>\n<p data-start=\"1234\" data-end=\"1248\"><strong data-start=\"1234\" data-end=\"1246\">Savyb\u0117s:<\/strong><\/p>\n<ul data-start=\"1249\" data-end=\"1549\">\n<li data-start=\"1249\" data-end=\"1302\">\n<p data-start=\"1251\" data-end=\"1302\">Rinkinyje yra b\u016btini tikro paleontologo \u012frankiai;<\/p>\n<\/li>\n<li data-start=\"1303\" data-end=\"1373\">\n<p data-start=\"1305\" data-end=\"1373\">Kaulai atrodo tikrovi\u0161kai d\u0117l tamsi\u0173 spalv\u0173 ir unikali\u0173 atspalvi\u0173;<\/p>\n<\/li>\n<li data-start=\"1374\" data-end=\"1436\">\n<p data-start=\"1376\" data-end=\"1436\">Pasinerkite \u012f \u017eem\u0117s blok\u0105 ir surinkite \u017eav\u0173 T-Rex skelet\u0105;<\/p>\n<\/li>\n<li data-start=\"1437\" data-end=\"1482\">\n<p data-start=\"1439\" data-end=\"1482\">Didelis ir detalus T-Rex skeleto modelis;<\/p>\n<\/li>\n<li data-start=\"1483\" data-end=\"1549\">\n<p data-start=\"1485\" data-end=\"1549\">Lavina login\u012f m\u0105stym\u0105, motorinius \u012fg\u016bd\u017eius, aki\u0173 koordinacij\u0105.<\/p>\n<\/li>\n<\/ul>\n<p data-start=\"1551\" data-end=\"1743\"><strong data-start=\"1551\" data-end=\"1580\">Kiti techniniai duomenys:<\/strong><br data-start=\"1580\" data-end=\"1583\" \/>Am\u017eiaus rekomendacija: nuo 7 met\u0173.<br data-start=\"1617\" data-end=\"1620\" \/>Serija: Science &amp; Play \u2013 Archeofun.<br data-start=\"1655\" data-end=\"1658\" \/>Saugumo \u012fsp\u0117jimas: netinka vaikams iki 36 m\u0117nesi\u0173 d\u0117l smulki\u0173 detali\u0173 (pavojus u\u017espringti).<\/p>\n","protected":false},"excerpt":{"rendered":"<p>Prek\u0117s tipas: lavinamasis \u017eaidimas<\/p>\n<p>Prek\u0117s \u017eenklas: Clementoni<\/p>\n<p>Kilm\u0117s \u0161alis: Italija<\/p>\n<p>Pakuot\u0117s i\u0161matavimai: 30 x 8 x 18 cm<\/p>\n<p>Rekomenduojamas am\u017eius: nuo 7 met\u0173<\/p>\n","protected":false},"featured_media":26244,"comment_status":"open","ping_status":"closed","template":"","meta":[],"product_brand":[384],"product_cat":[389,410,411],"product_tag":[],"class_list":{"0":"post-26243","1":"product","2":"type-product","3":"status-publish","4":"has-post-thumbnail","6":"product_brand-clementoni-2","7":"product_cat-lavinamieji-ir-interaktyvus-zaislai","8":"product_cat-zaislai-berniukams","9":"product_cat-zaislai-mergaitems","10":"pa_amziaus-grupe-80","11":"pa_prek-s-tipas-vairius-geb-jimus-lavinantys-zaislai","12":"pa_prekes-zenklas-clementoni","14":"first","15":"instock","16":"taxable","17":"shipping-taxable","18":"purchasable","19":"product-type-simple"},"yoast_head":"<!-- This site is optimized with the Yoast SEO plugin v26.3 - https:\/\/yoast.com\/wordpress\/plugins\/seo\/ -->\n<title>Clementoni Archeofun T-Rex \u2013 archeologinis dinozauro rinkinys - Toys.lt<\/title>\n<meta name=\"description\" content=\"Archeologinis rinkinys vaikams \u2013 i\u0161kask ir surink T-Rex skelet\u0105. Clementoni Archeofun T-Rex lavina smalsum\u0105, logik\u0105 ir susidom\u0117jim\u0105 mokslu.\" \/>\n<meta name=\"robots\" content=\"index, follow, max-snippet:-1, max-image-preview:large, max-video-preview:-1\" \/>\n<link rel=\"canonical\" href=\"https:\/\/toys.lt\/lv\/produktas\/clementoni-archeofun-t-rex-60384\/\" \/>\n<meta property=\"og:locale\" content=\"lv_LV\" \/>\n<meta property=\"og:type\" content=\"article\" \/>\n<meta property=\"og:title\" content=\"Clementoni Archeofun T-Rex \u2013 archeologinis dinozauro rinkinys - Toys.lt\" \/>\n<meta property=\"og:description\" content=\"Archeologinis rinkinys vaikams \u2013 i\u0161kask ir surink T-Rex skelet\u0105. Clementoni Archeofun T-Rex lavina smalsum\u0105, logik\u0105 ir susidom\u0117jim\u0105 mokslu.\" \/>\n<meta property=\"og:url\" content=\"https:\/\/toys.lt\/lv\/produktas\/clementoni-archeofun-t-rex-60384\/\" \/>\n<meta property=\"og:site_name\" content=\"Toys.lt\" \/>\n<meta property=\"article:modified_time\" content=\"2026-04-06T00:29:32+00:00\" \/>\n<meta property=\"og:image\" content=\"https:\/\/toys.lt\/wp-content\/uploads\/2020\/04\/products-457.jpg\" \/>\n\t<meta property=\"og:image:width\" content=\"1299\" \/>\n\t<meta property=\"og:image:height\" content=\"1417\" \/>\n\t<meta property=\"og:image:type\" content=\"image\/jpeg\" \/>\n<meta name=\"twitter:card\" content=\"summary_large_image\" \/>\n<meta name=\"twitter:label1\" content=\"Est. reading time\" \/>\n\t<meta name=\"twitter:data1\" content=\"2 minutes\" \/>\n<script type=\"application\/ld+json\" class=\"yoast-schema-graph\">{\"@context\":\"https:\/\/schema.org\",\"@graph\":[{\"@type\":\"WebPage\",\"@id\":\"https:\/\/toys.lt\/lv\/produktas\/clementoni-archeofun-t-rex-60384\/\",\"url\":\"https:\/\/toys.lt\/lv\/produktas\/clementoni-archeofun-t-rex-60384\/\",\"name\":\"Clementoni Archeofun T-Rex \u2013 archeologinis dinozauro rinkinys - Toys.lt\",\"isPartOf\":{\"@id\":\"https:\/\/toys.lt\/lv\/#website\"},\"primaryImageOfPage\":{\"@id\":\"https:\/\/toys.lt\/lv\/produktas\/clementoni-archeofun-t-rex-60384\/#primaryimage\"},\"image\":{\"@id\":\"https:\/\/toys.lt\/lv\/produktas\/clementoni-archeofun-t-rex-60384\/#primaryimage\"},\"thumbnailUrl\":\"https:\/\/toys.lt\/wp-content\/uploads\/2020\/04\/products-457.jpg\",\"datePublished\":\"2020-04-10T09:29:01+00:00\",\"dateModified\":\"2026-04-06T00:29:32+00:00\",\"description\":\"Archeologinis rinkinys vaikams \u2013 i\u0161kask ir surink T-Rex skelet\u0105. Clementoni Archeofun T-Rex lavina smalsum\u0105, logik\u0105 ir susidom\u0117jim\u0105 mokslu.\",\"breadcrumb\":{\"@id\":\"https:\/\/toys.lt\/lv\/produktas\/clementoni-archeofun-t-rex-60384\/#breadcrumb\"},\"inLanguage\":\"lv-LV\",\"potentialAction\":[{\"@type\":\"ReadAction\",\"target\":[\"https:\/\/toys.lt\/lv\/produktas\/clementoni-archeofun-t-rex-60384\/\"]}]},{\"@type\":\"ImageObject\",\"inLanguage\":\"lv-LV\",\"@id\":\"https:\/\/toys.lt\/lv\/produktas\/clementoni-archeofun-t-rex-60384\/#primaryimage\",\"url\":\"https:\/\/toys.lt\/wp-content\/uploads\/2020\/04\/products-457.jpg\",\"contentUrl\":\"https:\/\/toys.lt\/wp-content\/uploads\/2020\/04\/products-457.jpg\",\"width\":1299,\"height\":1417,\"caption\":\"\u017daidimo rinkinys &#8220;Archeofun T-REX&#8221;\"},{\"@type\":\"BreadcrumbList\",\"@id\":\"https:\/\/toys.lt\/lv\/produktas\/clementoni-archeofun-t-rex-60384\/#breadcrumb\",\"itemListElement\":[{\"@type\":\"ListItem\",\"position\":1,\"name\":\"Home\",\"item\":\"https:\/\/toys.lt\/lv\/\"},{\"@type\":\"ListItem\",\"position\":2,\"name\":\"Veikals\",\"item\":\"https:\/\/toys.lt\/lv\/shop\/\"},{\"@type\":\"ListItem\",\"position\":3,\"name\":\"Clementoni Archeofun T-Rex \u2013 archeologinis dinozauro rinkinys\"}]},{\"@type\":\"WebSite\",\"@id\":\"https:\/\/toys.lt\/lv\/#website\",\"url\":\"https:\/\/toys.lt\/lv\/\",\"name\":\"Toys.lt\",\"description\":\"\",\"potentialAction\":[{\"@type\":\"SearchAction\",\"target\":{\"@type\":\"EntryPoint\",\"urlTemplate\":\"https:\/\/toys.lt\/lv\/?s={search_term_string}\"},\"query-input\":{\"@type\":\"PropertyValueSpecification\",\"valueRequired\":true,\"valueName\":\"search_term_string\"}}],\"inLanguage\":\"lv-LV\"}]}<\/script>\n<!-- \/ Yoast SEO plugin. -->","yoast_head_json":{"title":"Clementoni Archeofun T-Rex \u2013 archeologinis dinozauro rinkinys - Toys.lt","description":"Archeologinis rinkinys vaikams \u2013 i\u0161kask ir surink T-Rex skelet\u0105. Clementoni Archeofun T-Rex lavina smalsum\u0105, logik\u0105 ir susidom\u0117jim\u0105 mokslu.","robots":{"index":"index","follow":"follow","max-snippet":"max-snippet:-1","max-image-preview":"max-image-preview:large","max-video-preview":"max-video-preview:-1"},"canonical":"https:\/\/toys.lt\/lv\/produktas\/clementoni-archeofun-t-rex-60384\/","og_locale":"lv_LV","og_type":"article","og_title":"Clementoni Archeofun T-Rex \u2013 archeologinis dinozauro rinkinys - Toys.lt","og_description":"Archeologinis rinkinys vaikams \u2013 i\u0161kask ir surink T-Rex skelet\u0105. Clementoni Archeofun T-Rex lavina smalsum\u0105, logik\u0105 ir susidom\u0117jim\u0105 mokslu.","og_url":"https:\/\/toys.lt\/lv\/produktas\/clementoni-archeofun-t-rex-60384\/","og_site_name":"Toys.lt","article_modified_time":"2026-04-06T00:29:32+00:00","og_image":[{"width":1299,"height":1417,"url":"https:\/\/toys.lt\/wp-content\/uploads\/2020\/04\/products-457.jpg","type":"image\/jpeg"}],"twitter_card":"summary_large_image","twitter_misc":{"Est. reading time":"2 minutes"},"schema":{"@context":"https:\/\/schema.org","@graph":[{"@type":"WebPage","@id":"https:\/\/toys.lt\/lv\/produktas\/clementoni-archeofun-t-rex-60384\/","url":"https:\/\/toys.lt\/lv\/produktas\/clementoni-archeofun-t-rex-60384\/","name":"Clementoni Archeofun T-Rex \u2013 archeologinis dinozauro rinkinys - Toys.lt","isPartOf":{"@id":"https:\/\/toys.lt\/lv\/#website"},"primaryImageOfPage":{"@id":"https:\/\/toys.lt\/lv\/produktas\/clementoni-archeofun-t-rex-60384\/#primaryimage"},"image":{"@id":"https:\/\/toys.lt\/lv\/produktas\/clementoni-archeofun-t-rex-60384\/#primaryimage"},"thumbnailUrl":"https:\/\/toys.lt\/wp-content\/uploads\/2020\/04\/products-457.jpg","datePublished":"2020-04-10T09:29:01+00:00","dateModified":"2026-04-06T00:29:32+00:00","description":"Archeologinis rinkinys vaikams \u2013 i\u0161kask ir surink T-Rex skelet\u0105. Clementoni Archeofun T-Rex lavina smalsum\u0105, logik\u0105 ir susidom\u0117jim\u0105 mokslu.","breadcrumb":{"@id":"https:\/\/toys.lt\/lv\/produktas\/clementoni-archeofun-t-rex-60384\/#breadcrumb"},"inLanguage":"lv-LV","potentialAction":[{"@type":"ReadAction","target":["https:\/\/toys.lt\/lv\/produktas\/clementoni-archeofun-t-rex-60384\/"]}]},{"@type":"ImageObject","inLanguage":"lv-LV","@id":"https:\/\/toys.lt\/lv\/produktas\/clementoni-archeofun-t-rex-60384\/#primaryimage","url":"https:\/\/toys.lt\/wp-content\/uploads\/2020\/04\/products-457.jpg","contentUrl":"https:\/\/toys.lt\/wp-content\/uploads\/2020\/04\/products-457.jpg","width":1299,"height":1417,"caption":"\u017daidimo rinkinys &#8220;Archeofun T-REX&#8221;"},{"@type":"BreadcrumbList","@id":"https:\/\/toys.lt\/lv\/produktas\/clementoni-archeofun-t-rex-60384\/#breadcrumb","itemListElement":[{"@type":"ListItem","position":1,"name":"Home","item":"https:\/\/toys.lt\/lv\/"},{"@type":"ListItem","position":2,"name":"Veikals","item":"https:\/\/toys.lt\/lv\/shop\/"},{"@type":"ListItem","position":3,"name":"Clementoni Archeofun T-Rex \u2013 archeologinis dinozauro rinkinys"}]},{"@type":"WebSite","@id":"https:\/\/toys.lt\/lv\/#website","url":"https:\/\/toys.lt\/lv\/","name":"Toys.lt","description":"","potentialAction":[{"@type":"SearchAction","target":{"@type":"EntryPoint","urlTemplate":"https:\/\/toys.lt\/lv\/?s={search_term_string}"},"query-input":{"@type":"PropertyValueSpecification","valueRequired":true,"valueName":"search_term_string"}}],"inLanguage":"lv-LV"}]}},"_links":{"self":[{"href":"https:\/\/toys.lt\/lv\/wp-json\/wp\/v2\/product\/26243","targetHints":{"allow":["GET"]}}],"collection":[{"href":"https:\/\/toys.lt\/lv\/wp-json\/wp\/v2\/product"}],"about":[{"href":"https:\/\/toys.lt\/lv\/wp-json\/wp\/v2\/types\/product"}],"replies":[{"embeddable":true,"href":"https:\/\/toys.lt\/lv\/wp-json\/wp\/v2\/comments?post=26243"}],"version-history":[{"count":4,"href":"https:\/\/toys.lt\/lv\/wp-json\/wp\/v2\/product\/26243\/revisions"}],"predecessor-version":[{"id":44485,"href":"https:\/\/toys.lt\/lv\/wp-json\/wp\/v2\/product\/26243\/revisions\/44485"}],"wp:featuredmedia":[{"embeddable":true,"href":"https:\/\/toys.lt\/lv\/wp-json\/wp\/v2\/media\/26244"}],"wp:attachment":[{"href":"https:\/\/toys.lt\/lv\/wp-json\/wp\/v2\/media?parent=26243"}],"wp:term":[{"taxonomy":"product_brand","embeddable":true,"href":"https:\/\/toys.lt\/lv\/wp-json\/wp\/v2\/product_brand?post=26243"},{"taxonomy":"product_cat","embeddable":true,"href":"https:\/\/toys.lt\/lv\/wp-json\/wp\/v2\/product_cat?post=26243"},{"taxonomy":"product_tag","embeddable":true,"href":"https:\/\/toys.lt\/lv\/wp-json\/wp\/v2\/product_tag?post=26243"}],"curies":[{"name":"wp","href":"https:\/\/api.w.org\/{rel}","templated":true}]}}