{"id":40846,"date":"2024-09-25T06:10:00","date_gmt":"2024-09-25T06:10:00","guid":{"rendered":"https:\/\/toys.lt\/atgriesanas-nosacijumi\/"},"modified":"2025-07-11T15:06:36","modified_gmt":"2025-07-11T15:06:36","slug":"atgriesanas-nosacijumi","status":"publish","type":"page","link":"https:\/\/toys.lt\/lv\/atgriesanas-nosacijumi\/","title":{"rendered":"Atgrie\u0161an\u0101s nosac\u012bjumi"},"content":{"rendered":"\n<ol class=\"wp-block-list\">\n<li><strong>Kvalitat\u012bvu pre\u010du atgrie\u0161ana un nomai\u0146a (pat\u0113r\u0113t\u0101jiem).<\/strong><br\/><br\/><strong>Kvalitat\u012bvu pre\u010du atgrie\u0161ana.<\/strong>  Pirc\u0113jam, veicot pas\u016bt\u012bjumu m\u0101jas lap\u0101 un t\u0101d\u0113j\u0101di ieg\u0101d\u0101joties P\u0101rdev\u0113ja m\u0101jas lap\u0101 pied\u0101v\u0101t\u0101s preces, ir ties\u012bbas 14 (\u010detrpadsmit) dienu laik\u0101 no dienas, kad preces ir pieg\u0101d\u0101tas Pirc\u0113jam, atgriezt P\u0101rdev\u0113jam preces, kas ir kvalitat\u012bvas, nelietotas, ori\u0123in\u0101laj\u0101 iepakojum\u0101, nesaboj\u0101tas, ar saglab\u0101t\u0101m lieto\u0161anas un preces izskata \u012bpa\u0161\u012bb\u0101m, un sa\u0146emt atpaka\u013c par preci samaks\u0101to naudu.<br\/><br\/><strong>Kvalitat\u012bvu pre\u010du nomai\u0146a.<\/strong>  Pirc\u0113jam, veicot pas\u016bt\u012bjumu t\u012bmek\u013ca vietn\u0113 un t\u0101d\u0113j\u0101di ieg\u0101d\u0101joties P\u0101rdev\u0113ja t\u012bmek\u013ca vietn\u0113 pied\u0101v\u0101to preci, ir ties\u012bbas 14 (\u010detrpadsmit) dienu laik\u0101 no preces nodo\u0161anas dienas vi\u0146am aizst\u0101t labas kvalit\u0101tes preci, kas nav nodota lieto\u0161an\u0101, ori\u0123in\u0101laj\u0101 iepakojum\u0101, neskarta un nav zaud\u0113jusi savas lieto\u0161anas \u012bpa\u0161\u012bbas un tirdzniec\u012bbai der\u012bgu izskatu, ar l\u012bdz\u012bgu preci, kas ir cita izm\u0113ra, formas, kr\u0101sas, mode\u013ca vai komplekt\u0101cijas zi\u0146\u0101. Ja pre\u010du apmai\u0146as rezult\u0101t\u0101 rodas cenu starp\u012bba, pirc\u0113js un p\u0101rdev\u0113js veic savstarp\u0113ju nor\u0113\u0137inu, pamatojoties uz p\u0101rr\u0113\u0137in\u0101taj\u0101m cen\u0101m, i) pirc\u0113jam samaks\u0101jot p\u0101rdev\u0113jam starp\u012bbu starp paaugstin\u0101to cenu un pirc\u0113ja iepriek\u0161 pas\u016bt\u012bt\u0101s preces cenu, ja preces cena ir paaugstin\u0101ta, vai ii) p\u0101rdev\u0113jam atmaks\u0101jot pirc\u0113jam starp\u012bbu starp pazemin\u0101to preces cenu un preces cenu, ko pirc\u0113js samaks\u0101jis p\u0101rdev\u0113jam. Ja p\u0101rdev\u0113ja r\u012bc\u012bb\u0101 nav aizvieto\u0161anai piem\u0113rotu pre\u010du, p\u0101rdev\u0113js atmaks\u0101 pirc\u0113jam par prec\u0113m samaks\u0101to naudu.    <br\/><br\/>Pirc\u0113jam, izmantojot t\u012bmek\u013ca vietn\u0113 nor\u0101d\u012bto kontaktinform\u0101ciju, ir rakstiski j\u0101pazi\u0146o P\u0101rdev\u0113jam par savu nodomu atgriezt kvalitat\u012bvas preces vai aizst\u0101t kvalitat\u012bvas preces ar cit\u0101m prec\u0113m saska\u0146\u0101 ar \u0161aj\u0101 punkt\u0101 noteikto k\u0101rt\u012bbu ne v\u0113l\u0101k k\u0101 14 (\u010detrpadsmit) dienu laik\u0101 no dienas, kad preces vi\u0146am tika nodotas, un: (i) nor\u0101d\u012bt sava konta numuru, uz kuru atmaks\u0101jama par preci samaks\u0101t\u0101 nauda (ja attiecin\u0101ms), ja vien pirc\u0113js un p\u0101rdev\u0113js nav vienoju\u0161ies par citu atmaksas veidu, un pre\u010du atgrie\u0161anas vai apmai\u0146as iemeslu; un (ii) iesniegt Noteikumu VI sada\u013c\u0101 min\u0113tos dokumentus k\u0101 pre\u010du ieg\u0101des apliecin\u0101jumu.  <br\/><br\/>P\u0101rdev\u0113js atmaks\u0101 Pirc\u0113jam Pirc\u0113ja samaks\u0101to cenu par Prec\u0113m (iz\u0146emot pieg\u0101des izmaksas, ja piem\u0113rojams) un, Pre\u010du apmai\u0146as gad\u012bjum\u0101, starp\u012bbu starp par Prec\u0113m samaks\u0101to cenu un samazin\u0101to Pre\u010du cenu 14 (\u010detrpadsmit) kalend\u0101ro dienu laik\u0101 p\u0113c tam, kad P\u0101rdev\u0113js ir sa\u0146\u0113mis (i) Pirc\u0113ja pazi\u0146ojumu par Pirc\u0113ja nodomu izmantot \u0161aj\u0101 punkt\u0101 noteikt\u0101s ties\u012bbas, (ii) \u0161aj\u0101 punkt\u0101 min\u0113tos dokumentus un (iii) Pirc\u0113ja Pre\u010du atgrie\u0161anu P\u0101rdev\u0113jam.   <br\/><br\/>Pre\u010du atgrie\u0161anas izmaksas, ja pirc\u0113js v\u0113las izmantot \u0161aj\u0101 punkt\u0101 noteikt\u0101s ties\u012bbas, sedz pirc\u0113js.  <br\/><br\/>\u0160aj\u0101 punkt\u0101 min\u0113t\u0101s ties\u012bbas, ja pirc\u0113js pl\u0101no atgriezt kvalitat\u012bvas preces vai aizst\u0101t t\u0101s ar cit\u0101m prec\u0113m, jo pirc\u0113jam nepat\u012bk nopirkto pre\u010du forma, izm\u0113rs, kr\u0101sa, modelis vai komplekt\u0101cija, nevar izmantot attiec\u012bb\u0101 uz \u0161\u0101d\u0101m prec\u0113m, kas iek\u013cautas Lietuvas Republikas vald\u012bbas 2001. gada 11. j\u016bnija rezol\u016bcij\u0101 iek\u013cautaj\u0101 sarakst\u0101. Nr. 697 (ar turpm\u0101kiem groz\u012bjumiem un papildin\u0101jumiem), attiec\u012bb\u0101 uz \u0161\u0101d\u0101m prec\u0113m:  <br\/><br\/>&#8211; tabaku un tabakas izstr\u0101d\u0101jumiem,<br\/>&#8211; parfim\u0113rija, kosm\u0113tika un tualetes piederumi,<br\/>&#8211; foto un kinematogr\u0101fijas preces,<br\/>&#8211; iespiestas gr\u0101matas, reprodukcijas un citus poligr\u0101fijas nozares produktus,<br\/>&#8211; audumi,<br\/>&#8211; pakl\u0101ju gr\u012bdas segumi, iz\u0146emot pakl\u0101jus un gr\u012bdsegas,<br\/>&#8211; trikot\u0101\u017eas apak\u0161ve\u013ca v\u012brie\u0161iem, z\u0113niem, sieviet\u0113m vai meiten\u0113m,<br\/>&#8211; b\u0113rnu dr\u0113bes,<br\/>&#8211; ze\u0137bikses, ze\u0137es, ze\u0137es un citi l\u012bdz\u012bgi izstr\u0101d\u0101jumi,<br\/>&#8211; \u0161\u016bta v\u012brie\u0161u, z\u0113nu, sievie\u0161u vai meite\u0146u apak\u0161ve\u013ca, naktskrekli, pid\u017eamas un taml\u012bdz\u012bgi izstr\u0101d\u0101jumi,<br\/>&#8211; kr\u016b\u0161turi, bik\u0161kost\u012bmi, korseti un taml\u012bdz\u012bgi izstr\u0101d\u0101jumi<br\/>&#8211; p\u0113rles, d\u0101rgakme\u0146i, d\u0101rgmet\u0101li un d\u0101rgmet\u0101lu izstr\u0101d\u0101jumi, iz\u0146emot bi\u017eut\u0113rijas imit\u0101cijas,  <br\/>&#8211; ma\u0161\u012bnas un meh\u0101nisk\u0101s iek\u0101rtas<br\/>&#8211; elektrisk\u0101s ma\u0161\u012bnas un iek\u0101rtas, ska\u0146as ierakst\u012b\u0161anas un atska\u0146o\u0161anas aparat\u016bra un telev\u012bzijas video un ska\u0146as ierakst\u012b\u0161anas un atska\u0146o\u0161anas aparat\u016bra,<br\/>&#8211; sauszemes transportl\u012bdzek\u013ci,<br\/>&#8211; ku\u0123iem, laiv\u0101m un peldo\u0161\u0101m konstrukcij\u0101m,<br\/>&#8211; optiskie, foto, kinematogr\u0101fijas, m\u0113r\u012b\u0161anas, kontroles, medic\u012bnas vai \u0137irur\u0123ijas instrumenti un apar\u0101ti,<br\/>&#8211; pulkste\u0146i,<br\/>&#8211; m\u016bzikas instrumenti,<br\/>&#8211; iero\u010di un mun\u012bcija,<br\/>&#8211; m\u0113beles, gultas piederumi, apgaismes \u0137erme\u0146i,<br\/>&#8211; rota\u013clietas, sp\u0113les, iz\u0146emot sporta un mak\u0161\u0137er\u0113\u0161anas invent\u0101ru,<br\/>&#8211; m\u0101kslas darbi, kolekcijas un senlietas.<br\/><br\/><\/li>\n\n\n\n<li><strong>Boj\u0101tu pre\u010du atgrie\u0161ana un nomai\u0146a<\/strong><br\/><br\/>Ja pirc\u0113js ieg\u0101d\u0101jas nekvalitat\u012bvu preci, pirc\u0113jam ir \u0161aj\u0101 noteikumu punkt\u0101 noteikt\u0101s ties\u012bbas.  <br\/><br\/>Ja pirc\u0113js ir ieg\u0101d\u0101jies preces ar kvalit\u0101tes tr\u016bkumiem piem\u0113rojam\u0101 garantijas termi\u0146a laik\u0101, pirc\u0113js var atgriezt preces un p\u0113c savas izv\u0113les ir ties\u012bgs piepras\u012bt (iev\u0113rojot \u0161\u0101dus tiesisk\u0101s aizsardz\u012bbas l\u012bdzek\u013cus):<br\/><br\/>&#8211; p\u0101rdev\u0113jam nov\u0113rst pre\u010du tr\u016bkumus, kurus var nov\u0113rst bez maksas,<br\/>&#8211; samazin\u0101t pre\u010du cenu,<br\/>&#8211; aizst\u0101t preces ar l\u012bdz\u012bg\u0101m t\u0101das pa\u0161as kvalit\u0101tes prec\u0113m,<br\/>&#8211; atmaks\u0101t par prec\u0113m samaks\u0101to cenu un atk\u0101pties no pirkuma l\u012bguma, ja pre\u010du kvalit\u0101tes tr\u016bkumi ir b\u016btiski, t. i., t\u0101, ka pirc\u0113js nevar izmantot preces paredz\u0113tajam m\u0113r\u0137im. Pirc\u0113jam nav ties\u012bbu atteikties no l\u012bguma, ja defekts ir nenoz\u012bm\u012bgs. <br\/><br\/>Pirc\u0113jam nav ties\u012bbu main\u012bt izv\u0113l\u0113to tiesisk\u0101s aizsardz\u012bbas l\u012bdzekli.  <br\/><br\/>Lai izmantotu \u0161aj\u0101 punkt\u0101 noteikt\u0101s ties\u012bbas, Pirc\u0113jam:<br\/><br\/>&#8211; rakstiski inform\u0113t p\u0101rdev\u0113ju, izmantojot t\u012bmek\u013ca vietn\u0113 nor\u0101d\u012btos kontaktus, par prec\u0113m konstat\u0113tajiem defektiem ne v\u0113l\u0101k k\u0101 precei piem\u0113rojam\u0101 garantijas termi\u0146a laik\u0101,<br\/>&#8211; iesniegt p\u0101rdev\u0113jam br\u012bvas formas piepras\u012bjumu, kur\u0101 j\u0101nor\u0101da prece, konstat\u0113tie defekti, pirc\u0113ja izv\u0113l\u0113tais tiesisk\u0101s aizsardz\u012bbas l\u012bdzeklis, k\u0101 nor\u0101d\u012bts iepriek\u0161 \u0161aj\u0101 punkt\u0101, un, ja, ka pirc\u0113js v\u0113las izmantot ties\u012bbas uz naudas atmaksu un pirkuma l\u012bguma lau\u0161anu, nor\u0101dot ar\u012b pirc\u0113ja bankas konta numuru, uz kuru j\u0101veic naudas atmaksa, ja vien pirc\u0113js nev\u0113las izmantot citu naudas atmaksas veidu, nevis bankas p\u0101rskait\u012bjumu,<br\/>&#8211; iesniegt pre\u010du ieg\u0101di un garantijas sp\u0113k\u0101 esam\u012bbu apliecino\u0161us dokumentus, k\u0101 noteikts Noteikumu VI sada\u013c\u0101.<br\/><br\/>Pirc\u0113jam ir j\u0101sedz pre\u010du atpaka\u013cnos\u016bt\u012b\u0161anas izmaksas, kuras p\u0101rdev\u0113jam ir j\u0101atl\u012bdzina pirc\u0113jam, ja p\u0101rdev\u0113js ir p\u0101rliecin\u0101ts, ka preces ir nos\u016bt\u012btas atpaka\u013c, jo t\u0101s ir neapmierino\u0161as kvalit\u0101tes, ar nosac\u012bjumu, ka pirc\u0113js ir izv\u0113l\u0113jies ekonomisku pre\u010du atpaka\u013cnos\u016bt\u012b\u0161anas veidu un ir iesniedzis p\u0101rdev\u0113jam dokumentus, kas pamato izmaksas.<br\/><br\/>Ja p\u0101rdev\u0113js nesp\u0113j \u012bstenot pirc\u0113ja izv\u0113l\u0113to tiesisk\u0101s aizsardz\u012bbas l\u012bdzekli, p\u0101rdev\u0113jam ir ties\u012bbas pied\u0101v\u0101t pirc\u0113jam citu tiesisk\u0101s aizsardz\u012bbas l\u012bdzekli, ja vi\u0146\u0161 ir p\u0101rliecin\u0101ts, ka preces ir atdotas ar kvalit\u0101tes tr\u016bkumiem.  <br\/><br\/>p\u0113c pirc\u0113ja piepras\u012bjuma atmaks\u0101t naudu un pazi\u0146ojuma par atteik\u0161anos no l\u012bguma vai p\u0113c pirc\u0113ja piepras\u012bjuma samazin\u0101t pre\u010du cenu, ja ir izpild\u012bti visi \u0161ajos Noteikumos un ties\u012bbu aktos paredz\u0113tie attiec\u012bg\u0101 pirc\u0113ja ties\u012bbu aizsardz\u012bbas l\u012bdzek\u013ca nosac\u012bjumi un p\u0101rdev\u0113js piekr\u012bt izpild\u012bt pirc\u0113ja pras\u012bbas, P\u0101rdev\u0113js atmaks\u0101 Pirc\u0113jam Pre\u010du cenu vai starp\u012bbu starp s\u0101kotn\u0113jo cenu un samazin\u0101to cenu, Pre\u010du atgrie\u0161anas un L\u012bguma lau\u0161anas gad\u012bjum\u0101 &#8211; Pre\u010du pieg\u0101des izdevumus Pirc\u0113jam (ja t\u0101di ir) un atl\u012bdzina Pre\u010du atgrie\u0161anas izdevumus 3 (tr\u012bs) darba dienu laik\u0101 p\u0113c Pre\u010du sa\u0146em\u0161anas pie P\u0101rdev\u0113ja: (i) Pirc\u0113ja pazi\u0146ojumu par nodomu izmantot \u0161aj\u0101 punkt\u0101 noteikt\u0101s ties\u012bbas, (ii) \u0161aj\u0101 punkt\u0101 min\u0113tos dokumentus un (iii) Pirc\u0113ja Pre\u010du atgrie\u0161anu P\u0101rdev\u0113jam.   <br\/><br\/>Ja Pirc\u0113js pieprasa Preces nomai\u0146u pret analogu Preci vai Preces defektu nov\u0113r\u0161anu un P\u0101rdev\u0113js ir p\u0101rliecin\u0101ts, ka Prece ir nekvalitat\u012bva, un Pirc\u0113ja piepras\u012bjums tiek apmierin\u0101ts, P\u0101rdev\u0113js 30 (tr\u012bsdesmit) dienu laik\u0101 nomaina Preci pret analogu Preci vai nov\u0113r\u0161 Preces defektus, ja vien nav nepiecie\u0161ami gar\u0101ki termi\u0146i, un nekav\u0113joties rakstiski inform\u0113 P\u0101rdev\u0113ju par \u0161\u0101diem gar\u0101kiem termi\u0146iem.<br\/><br\/>P\u0101rdev\u0113jam ir ties\u012bbas atteikt \u0161aj\u0101 punkt\u0101 min\u0113tos pirc\u0113ja piepras\u012bjumus saist\u012bb\u0101 ar pirc\u0113ja ties\u012bbu \u012bsteno\u0161anu, ja p\u0101rdev\u0113js konstat\u0113, ka nav izpild\u012bti \u0161aj\u0101 punkt\u0101 min\u0113tie pirc\u0113ja ties\u012bbu \u012bsteno\u0161anas nosac\u012bjumi, vai konstat\u0113, ka preces ir boj\u0101tas t\u012b\u0161i vai nolaid\u012bbas d\u0113\u013c, vai ka ir p\u0101rk\u0101pti pre\u010du lieto\u0161anas vai uzglab\u0101\u0161anas noteikumi, vai ka preces ir izmantotas neatbilsto\u0161i, vai ka preces ir izmantotas cit\u0101di, nek\u0101 nor\u0101d\u012bts pre\u010du lieto\u0161anas instrukcij\u0101 vai paredz\u0113tajam nol\u016bkam.<br\/><br\/>Ja prec\u0113m pievienotajos dokumentos ir iek\u013cauti noteikumi par neapmierino\u0161as kvalit\u0101tes pre\u010du atgrie\u0161anu, \u0161ie noteikumi ir piem\u0113rojami tikt\u0101l, cikt\u0101l tie nav pretrun\u0101 ar \u0161iem Noteikumiem.  <br\/><\/li>\n\n\n\n<li><strong>Pre\u010du nomai\u0146a, ja pieg\u0101d\u0101t\u0101s preces neatbilst pirc\u0113ja pas\u016bt\u012btaj\u0101m prec\u0113m.<\/strong><br\/><br\/>Ja Pirc\u0113js pamana, ka pieg\u0101d\u0101t\u0101s preces neatbilst pas\u016bt\u012bjum\u0101 nor\u0101d\u012btaj\u0101m, Pirc\u0113jam par to ir rakstiski j\u0101inform\u0113 P\u0101rdev\u0113js, izmantojot \u0161aj\u0101 t\u012bmek\u013ca vietn\u0113 nor\u0101d\u012btos kontaktus, ne v\u0113l\u0101k k\u0101 14 (\u010detrpadsmit) dienu laik\u0101 p\u0113c pre\u010du pieg\u0101des\/sa\u0146em\u0161anas un j\u0101vienojas par pre\u010du nomai\u0146u.<br\/><br\/>Pirc\u0113jam ir j\u0101sedz pre\u010du atpaka\u013cnos\u016bt\u012b\u0161anas izmaksas, kuras p\u0101rdev\u0113jam ir j\u0101atl\u012bdzina pirc\u0113jam, ja pirc\u0113js ir izv\u0113l\u0113jies rentablu pre\u010du atpaka\u013cnos\u016bt\u012b\u0161anas veidu un ir iesniedzis p\u0101rdev\u0113jam izdevumus apliecino\u0161us dokumentus.<br\/><br\/>P\u0101rdev\u0113js p\u0113c nepareizas Preces pieg\u0101des sa\u0146em\u0161anas no Pirc\u0113ja ne v\u0113l\u0101k k\u0101 14 (\u010detrpadsmit) dienu laik\u0101 nomaina Preci, ja vien no P\u0101rdev\u0113ja neatkar\u012bgu iemeslu d\u0113\u013c nav noteikts ilg\u0101ks termi\u0146\u0161. Ja P\u0101rdev\u0113js var pieg\u0101d\u0101t Preces tikai ilg\u0101k\u0101 termi\u0146\u0101, vi\u0146\u0161 par to inform\u0113 Pirc\u0113ju. Ja pirc\u0113js nav apmierin\u0101ts ar gar\u0101kiem termi\u0146iem, pirc\u0113jam ir ties\u012bbas atcelt pas\u016bt\u012bjumu, un p\u0101rdev\u0113js ne v\u0113l\u0101k k\u0101 14 (\u010detrpadsmit) dienu laik\u0101 (bet jebkur\u0101 gad\u012bjum\u0101 ne agr\u0101k k\u0101 p\u0113c tam, kad p\u0101rdev\u0113js ir sa\u0146\u0113mis pirc\u0113ja atdot\u0101s preces) atmaks\u0101 pirc\u0113ja samaks\u0101to cenu, pre\u010du pieg\u0101des izmaksas (ja t\u0101das ir) un pre\u010du atgrie\u0161anas izmaksas pirc\u0113jam.  <br\/><\/li>\n\n\n\n<li><strong>Atteik\u0161an\u0101s no pirkuma l\u012bguma (pat\u0113r\u0113t\u0101jiem)<\/strong><br\/><br\/>Pirc\u0113jam ir ties\u012bbas atk\u0101pties no Pirkuma l\u012bguma, iz\u0146emot Lietuvas Republikas Civilkodeksa 6.22810. panta 2. punkt\u0101 min\u0113tos l\u012bgumus, nenor\u0101dot iemeslu, 14 (\u010detrpadsmit) dienu laik\u0101 rakstiski pazi\u0146ojot par to P\u0101rdev\u0113jam, izmantojot T\u012bmek\u013ca vietn\u0113 nor\u0101d\u012btos kontaktus:<br\/><br\/>&#8211; aizpild\u012btu atteikuma veidlapas paraugu (Nolikuma 1. pielikums) vai<br\/>&#8211; pazi\u0146ojumu, kur\u0101 skaidri nor\u0101d\u012bts vi\u0146a l\u0113mums atteikties no iepirkuma l\u012bguma.  <br\/><br\/>\u0160aj\u0101 punkt\u0101 paredz\u0113tais 14 (\u010detrpadsmit) dienu termi\u0146\u0161 s\u0101kas no min\u0113t\u0101s dienas:  <br\/><br\/>&#8211; datums, kur\u0101 pirc\u0113js vai pas\u016bt\u012bjum\u0101 nor\u0101d\u012bto pre\u010du sa\u0146\u0113m\u0113js, kas nav transporta pakalpojumu sniedz\u0113js (p\u0101rvad\u0101t\u0101js), sa\u0146em pas\u016bt\u012bt\u0101s preces, ja visas preces tiek pieg\u0101d\u0101tas vienlaic\u012bgi,<br\/>&#8211; datums, kur\u0101 pirc\u0113js vai pas\u016bt\u012bjum\u0101 nor\u0101d\u012bto pre\u010du sa\u0146\u0113m\u0113js, kas nav transporta pakalpojumu sniedz\u0113js (p\u0101rvad\u0101t\u0101js), sa\u0146em p\u0113d\u0113j\u0101s no pas\u016bt\u012btaj\u0101m prec\u0113m, pre\u010du partiju vai partiju, ja preces, kas pas\u016bt\u012btas saska\u0146\u0101 ar vienu un to pa\u0161u pas\u016bt\u012bjumu, pieg\u0101d\u0101 atsevi\u0161\u0137i, partij\u0101s vai partij\u0101s,<br\/>&#8211; datums, kur\u0101 pirc\u0113js vai pre\u010du sa\u0146\u0113m\u0113js, kas nav transporta pakalpojumu sniedz\u0113js (p\u0101rvad\u0101t\u0101js), sa\u0146em pirm\u0101s preces, ja ir nosl\u0113gts l\u012bgums par regul\u0101ru pre\u010du pieg\u0101di noteikt\u0101 termi\u0146\u0101.<br\/><br\/>L\u012bdz pre\u010du pieg\u0101dei pirc\u0113jam ir ties\u012bbas jebkur\u0101 laik\u0101 atteikties no pirkuma l\u012bguma, rakstiski pazi\u0146ojot par to p\u0101rdev\u0113jam t\u012bmek\u013ca vietn\u0113 nor\u0101d\u012btajos kontaktos, un t\u0101d\u0101 gad\u012bjum\u0101 tiek uzskat\u012bts, ka pirc\u0113js ir atteicies no pas\u016bt\u012bjuma, un p\u0101rdev\u0113js atce\u013c pirc\u0113ja pas\u016bt\u012bjumu t\u012bmek\u013ca vietn\u0113.<br\/><br\/>Kad pirc\u0113js izmanto atteikuma ties\u012bbas, p\u0101rdev\u0113ja un pirc\u0113ja saist\u012bbas izpild\u012bt pirkuma l\u012bgumu izbeidzas, un p\u0101rdev\u0113jam un pirc\u0113jam ir pien\u0101kums veikt \u0161\u0101das darb\u012bbas:<br\/><br\/>&#8211; pirc\u0113jam 14 (\u010detrpadsmit) dienu laik\u0101 no dienas, kad p\u0101rdev\u0113jam iesniegts pazi\u0146ojums par atteikumu, ir j\u0101atdod p\u0101rdev\u0113jam visas preces, ko p\u0101rdev\u0113js pieg\u0101d\u0101jis pirc\u0113jam vai pirc\u0113ja nor\u0101d\u012btajam sa\u0146\u0113m\u0113jam, izpildot pirkuma l\u012bgumu.  <strong>Pre\u010du atgrie\u0161anas izmaksas sedz pirc\u0113js,<\/strong>  pirc\u0113js apliecina, ka ir iepazinies ar Noteikumiem un piekr\u012bt tiem, Noteikumos noteiktaj\u0101 k\u0101rt\u012bb\u0101 apstiprinot, ka p\u0101rdev\u0113js vi\u0146u ir pien\u0101c\u012bgi inform\u0113jis par to, ka pirc\u0113js ir atbild\u012bgs par pre\u010du atgrie\u0161anas izmaks\u0101m,<br\/>&#8211; pirc\u0113js ir atbild\u012bgs tikai par jebk\u0101du pre\u010du v\u0113rt\u012bbas samazin\u0101\u0161anos, kas radusies darb\u012bbu rezult\u0101t\u0101, kuras nav nepiecie\u0161amas, lai noteiktu pre\u010du veidu, \u012bpa\u0161\u012bbas un darb\u012bbu,<br\/>&#8211; atmaks\u0101t pirc\u0113jam visas vi\u0146a samaks\u0101t\u0101s summas, ieskaitot pieg\u0101des maksu (ja piem\u0113rojams), 14 (\u010detrpadsmit) dienu laik\u0101 no dienas, kad p\u0101rdev\u0113js sa\u0146\u0113mis pirc\u0113ja pazi\u0146ojumu par l\u012bguma atcel\u0161anu, vai, ja preces ir pieg\u0101d\u0101tas pirc\u0113jam vai pirc\u0113ja nor\u0101d\u012btajam sa\u0146\u0113m\u0113jam, 14 (\u010detrpadsmit) dienu laik\u0101 no dienas, kad preces ir atdotas p\u0101rdev\u0113jam, vai no dienas, kad pirc\u0113js iesniedz p\u0101rdev\u0113jam pier\u0101d\u012bjumus par pre\u010du nos\u016bt\u012b\u0161anu, atkar\u012bb\u0101 no t\u0101, kura diena ir agr\u0101k. Atmaks\u0101jot pirc\u0113jam samaks\u0101t\u0101s summas, p\u0101rdev\u0113js izmantos to pa\u0161u maks\u0101\u0161anas metodi, ko pirc\u0113js izmantoja, lai samaks\u0101tu p\u0101rdev\u0113jam, ja vien pirc\u0113js nav skaidri piekritis citai metodei un nav apstiprin\u0101jis p\u0101rdev\u0113jam, ka \u0161\u0101das atmaks\u0101\u0161anas metodes d\u0113\u013c pirc\u0113jam nerad\u012bsies nek\u0101das citas papildu izmaksas. <\/li>\n<\/ol>\n\n<p><strong>Paldies, ka velt\u012bj\u0101t laiku \u0161o noteikumu izlas\u012b\u0161anai.<\/strong><\/p>\n\n<p>Ar cie\u0146u<\/p>\n\n<p>Inavi &amp; Co, UAB<\/p>\n","protected":false},"excerpt":{"rendered":"<p>Paldies, ka velt\u012bj\u0101t laiku \u0161o noteikumu izlas\u012b\u0161anai. Ar cie\u0146u Inavi &amp; Co, UAB<\/p>\n","protected":false},"author":1,"featured_media":0,"parent":0,"menu_order":0,"comment_status":"closed","ping_status":"closed","template":"elementor_header_footer","meta":{"footnotes":""},"class_list":["post-40846","page","type-page","status-publish","hentry"],"yoast_head":"<!-- This site is optimized with the Yoast SEO plugin v26.3 - https:\/\/yoast.com\/wordpress\/plugins\/seo\/ -->\n<title>Atgrie\u0161an\u0101s nosac\u012bjumi - Toys.lt<\/title>\n<meta name=\"robots\" content=\"index, follow, max-snippet:-1, max-image-preview:large, max-video-preview:-1\" \/>\n<link rel=\"canonical\" href=\"https:\/\/toys.lt\/lv\/atgriesanas-nosacijumi\/\" \/>\n<meta property=\"og:locale\" content=\"lv_LV\" \/>\n<meta property=\"og:type\" content=\"article\" \/>\n<meta property=\"og:title\" content=\"Atgrie\u0161an\u0101s nosac\u012bjumi - Toys.lt\" \/>\n<meta property=\"og:description\" content=\"Paldies, ka velt\u012bj\u0101t laiku \u0161o noteikumu izlas\u012b\u0161anai. Ar cie\u0146u Inavi &amp; Co, UAB\" \/>\n<meta property=\"og:url\" content=\"https:\/\/toys.lt\/lv\/atgriesanas-nosacijumi\/\" \/>\n<meta property=\"og:site_name\" content=\"Toys.lt\" \/>\n<meta property=\"article:modified_time\" content=\"2025-07-11T15:06:36+00:00\" \/>\n<meta name=\"twitter:card\" content=\"summary_large_image\" \/>\n<meta name=\"twitter:label1\" content=\"Est. reading time\" \/>\n\t<meta name=\"twitter:data1\" content=\"13 minutes\" \/>\n<script type=\"application\/ld+json\" class=\"yoast-schema-graph\">{\"@context\":\"https:\/\/schema.org\",\"@graph\":[{\"@type\":\"WebPage\",\"@id\":\"https:\/\/toys.lt\/lv\/atgriesanas-nosacijumi\/\",\"url\":\"https:\/\/toys.lt\/lv\/atgriesanas-nosacijumi\/\",\"name\":\"Atgrie\u0161an\u0101s nosac\u012bjumi - Toys.lt\",\"isPartOf\":{\"@id\":\"https:\/\/toys.lt\/lv\/#website\"},\"datePublished\":\"2024-09-25T06:10:00+00:00\",\"dateModified\":\"2025-07-11T15:06:36+00:00\",\"breadcrumb\":{\"@id\":\"https:\/\/toys.lt\/lv\/atgriesanas-nosacijumi\/#breadcrumb\"},\"inLanguage\":\"lv-LV\",\"potentialAction\":[{\"@type\":\"ReadAction\",\"target\":[\"https:\/\/toys.lt\/lv\/atgriesanas-nosacijumi\/\"]}]},{\"@type\":\"BreadcrumbList\",\"@id\":\"https:\/\/toys.lt\/lv\/atgriesanas-nosacijumi\/#breadcrumb\",\"itemListElement\":[{\"@type\":\"ListItem\",\"position\":1,\"name\":\"Home\",\"item\":\"https:\/\/toys.lt\/lv\/\"},{\"@type\":\"ListItem\",\"position\":2,\"name\":\"Atgrie\u0161an\u0101s nosac\u012bjumi\"}]},{\"@type\":\"WebSite\",\"@id\":\"https:\/\/toys.lt\/lv\/#website\",\"url\":\"https:\/\/toys.lt\/lv\/\",\"name\":\"Toys.lt\",\"description\":\"\",\"potentialAction\":[{\"@type\":\"SearchAction\",\"target\":{\"@type\":\"EntryPoint\",\"urlTemplate\":\"https:\/\/toys.lt\/lv\/?s={search_term_string}\"},\"query-input\":{\"@type\":\"PropertyValueSpecification\",\"valueRequired\":true,\"valueName\":\"search_term_string\"}}],\"inLanguage\":\"lv-LV\"}]}<\/script>\n<!-- \/ Yoast SEO plugin. -->","yoast_head_json":{"title":"Atgrie\u0161an\u0101s nosac\u012bjumi - Toys.lt","robots":{"index":"index","follow":"follow","max-snippet":"max-snippet:-1","max-image-preview":"max-image-preview:large","max-video-preview":"max-video-preview:-1"},"canonical":"https:\/\/toys.lt\/lv\/atgriesanas-nosacijumi\/","og_locale":"lv_LV","og_type":"article","og_title":"Atgrie\u0161an\u0101s nosac\u012bjumi - Toys.lt","og_description":"Paldies, ka velt\u012bj\u0101t laiku \u0161o noteikumu izlas\u012b\u0161anai. Ar cie\u0146u Inavi &amp; Co, UAB","og_url":"https:\/\/toys.lt\/lv\/atgriesanas-nosacijumi\/","og_site_name":"Toys.lt","article_modified_time":"2025-07-11T15:06:36+00:00","twitter_card":"summary_large_image","twitter_misc":{"Est. reading time":"13 minutes"},"schema":{"@context":"https:\/\/schema.org","@graph":[{"@type":"WebPage","@id":"https:\/\/toys.lt\/lv\/atgriesanas-nosacijumi\/","url":"https:\/\/toys.lt\/lv\/atgriesanas-nosacijumi\/","name":"Atgrie\u0161an\u0101s nosac\u012bjumi - Toys.lt","isPartOf":{"@id":"https:\/\/toys.lt\/lv\/#website"},"datePublished":"2024-09-25T06:10:00+00:00","dateModified":"2025-07-11T15:06:36+00:00","breadcrumb":{"@id":"https:\/\/toys.lt\/lv\/atgriesanas-nosacijumi\/#breadcrumb"},"inLanguage":"lv-LV","potentialAction":[{"@type":"ReadAction","target":["https:\/\/toys.lt\/lv\/atgriesanas-nosacijumi\/"]}]},{"@type":"BreadcrumbList","@id":"https:\/\/toys.lt\/lv\/atgriesanas-nosacijumi\/#breadcrumb","itemListElement":[{"@type":"ListItem","position":1,"name":"Home","item":"https:\/\/toys.lt\/lv\/"},{"@type":"ListItem","position":2,"name":"Atgrie\u0161an\u0101s nosac\u012bjumi"}]},{"@type":"WebSite","@id":"https:\/\/toys.lt\/lv\/#website","url":"https:\/\/toys.lt\/lv\/","name":"Toys.lt","description":"","potentialAction":[{"@type":"SearchAction","target":{"@type":"EntryPoint","urlTemplate":"https:\/\/toys.lt\/lv\/?s={search_term_string}"},"query-input":{"@type":"PropertyValueSpecification","valueRequired":true,"valueName":"search_term_string"}}],"inLanguage":"lv-LV"}]}},"_links":{"self":[{"href":"https:\/\/toys.lt\/lv\/wp-json\/wp\/v2\/pages\/40846","targetHints":{"allow":["GET"]}}],"collection":[{"href":"https:\/\/toys.lt\/lv\/wp-json\/wp\/v2\/pages"}],"about":[{"href":"https:\/\/toys.lt\/lv\/wp-json\/wp\/v2\/types\/page"}],"author":[{"embeddable":true,"href":"https:\/\/toys.lt\/lv\/wp-json\/wp\/v2\/users\/1"}],"replies":[{"embeddable":true,"href":"https:\/\/toys.lt\/lv\/wp-json\/wp\/v2\/comments?post=40846"}],"version-history":[{"count":2,"href":"https:\/\/toys.lt\/lv\/wp-json\/wp\/v2\/pages\/40846\/revisions"}],"predecessor-version":[{"id":40848,"href":"https:\/\/toys.lt\/lv\/wp-json\/wp\/v2\/pages\/40846\/revisions\/40848"}],"wp:attachment":[{"href":"https:\/\/toys.lt\/lv\/wp-json\/wp\/v2\/media?parent=40846"}],"curies":[{"name":"wp","href":"https:\/\/api.w.org\/{rel}","templated":true}]}}