{"id":40843,"date":"2024-09-25T06:08:47","date_gmt":"2024-09-25T06:08:47","guid":{"rendered":"https:\/\/toys.lt\/maksajums-un-piegade\/"},"modified":"2025-07-11T15:06:36","modified_gmt":"2025-07-11T15:06:36","slug":"maksajums-un-piegade","status":"publish","type":"page","link":"https:\/\/toys.lt\/lv\/maksajums-un-piegade\/","title":{"rendered":"Maks\u0101jums un pieg\u0101de"},"content":{"rendered":"\n<ol class=\"wp-block-list\">\n<li><strong>Pre\u010du cena<\/strong><br\/><br\/>Preces cena, ieskaitot PVN, ir nor\u0101d\u012bta t\u012bmek\u013ca vietn\u0113 katrai precei eiro.<strong>  Nav iek\u013cauts produkta cen\u0101 t\u012bmek\u013ca vietn\u0113:<\/strong> <br\/><br\/>&#8211; pieg\u0101des izmaksas. \u0160\u012bs izmaksas (summa) tiks papildus nor\u0101d\u012btas pas\u016bt\u012bjuma apstiprin\u0101\u0161anas br\u012bd\u012b. Veicot pas\u016bt\u012bjumu un noklik\u0161\u0137inot uz pogas &#8220;Pas\u016bt\u012bt ar maks\u0101\u0161anas saist\u012bb\u0101m&#8221;, Pirc\u0113js piekr\u012bt pieg\u0101des izmaks\u0101m, ja t\u0101das ir nor\u0101d\u012btas pas\u016bt\u012bjum\u0101, un \u0161o izmaksu pieskait\u012b\u0161anai pre\u010du cenai,<br\/>&#8211; maks\u0101juma r\u012bkojumu izmaks\u0101m, maks\u0101jumu kar\u0161u apkalpo\u0161anas maks\u0101m u. c., kad Pirc\u0113js samaks\u0101 par ieg\u0101d\u0101taj\u0101m prec\u0113m. \u0160\u012bs izmaksas sedz pirc\u0113js saska\u0146\u0101 ar savas maks\u0101jumu iest\u0101des piem\u0113rotajiem tarifiem,<br\/>&#8211; izmaksas par pre\u010du atgrie\u0161anu p\u0101rdev\u0113jam, ja pirc\u0113jam ir ties\u012bbas atgriezt preces l\u012bgum\u0101 paredz\u0113tajos gad\u012bjumos un pirc\u0113js izmanto \u0161\u012bs ties\u012bbas, iz\u0146emot gad\u012bjumus, kad \u0161\u0101das izmaksas sedz p\u0101rdev\u0113js noteikumos paredz\u0113tajos gad\u012bjumos.    <br\/><br\/>Pirc\u0113js var samaks\u0101t pre\u010du cenu vien\u0101 no \u0161\u0101diem veidiem:<br\/><br\/>&#8211; ar elektronisko banku,<br\/>&#8211; ar bankas p\u0101rskait\u012bjumu,<br\/>&#8211; skaidr\u0101 naud\u0101 vai ar bankas karti pieg\u0101des\/sa\u0146em\u0161anas br\u012bd\u012b,<br\/>&#8211; izmantojot p\u0101rdev\u0113ja izsniegtu d\u0101vanu kuponu.<br\/><br\/>L\u016bdzu, \u0146emiet v\u0113r\u0101, ka maks\u0101jumu meto\u017eu izv\u0113le var b\u016bt ierobe\u017eota atkar\u012bb\u0101 no t\u012bmek\u013ca vietn\u0113 ieviest\u0101s funkcionalit\u0101tes, P\u0101rdev\u0113ja iek\u0161\u0113j\u0101m proced\u016br\u0101m, uz\u0146\u0113m\u0113jdarb\u012bbas politikas, l\u012bgumiem ar pieg\u0101des pakalpojumu sniedz\u0113jiem u.c., t\u0101p\u0113c gal\u012bgais attiec\u012bgajam pas\u016bt\u012bjumam piem\u0113rojamo maks\u0101jumu meto\u017eu saraksts tiks nor\u0101d\u012bts Pirc\u0113jam attiec\u012bg\u0101 pas\u016bt\u012bjuma veik\u0161anas br\u012bd\u012b.<br\/><br\/>Pas\u016bt\u012bjums tiek apstiprin\u0101ts, kad p\u0101rdev\u0113js sa\u0146em maks\u0101jumu par prec\u0113m, ja vien pirc\u0113js neizv\u0113las samaks\u0101t par prec\u0113m pieg\u0101des\/sa\u0146em\u0161anas laik\u0101 (ja pas\u016bt\u012bjumam var piem\u0113rot \u0161\u0101du maks\u0101juma veidu).<br\/><br\/>Preces cena p\u0113c pas\u016bt\u012bjuma apstiprin\u0101\u0161anas var main\u012bties tikai iz\u0146\u0113muma gad\u012bjumos, piem\u0113ram, ja IT sist\u0113mas k\u013c\u016bdas, ac\u012bmredzamas k\u013c\u016bdas vai no p\u0101rdev\u0113ja neatkar\u012bgu iemeslu d\u0113\u013c t\u012bmek\u013ca vietn\u0113 ir nor\u0101d\u012bta nepareiza preces cena. P\u0101rdev\u0113js par to inform\u0113s pirc\u0113ju nekav\u0113joties p\u0113c tam, kad b\u016bs paman\u012bta nepareiza cena, nor\u0101dot pareizo preces cenu. Ja Pirc\u0113js nepiekr\u012bt ieg\u0101d\u0101ties preces par jauno cenu, Pirc\u0113jam ir ties\u012bbas anul\u0113t pas\u016bt\u012bjumu, par to rakstiski inform\u0113jot P\u0101rdev\u0113ju 3 (tr\u012bs) darba dienu laik\u0101. \u0160\u0101d\u0101 gad\u012bjum\u0101 P\u0101rdev\u0113jam ir pien\u0101kums atmaks\u0101t Pirc\u0113jam visas summas, ko Pirc\u0113js samaks\u0101jis par pas\u016bt\u012bjumu, ja pas\u016bt\u012bjums ir anul\u0113ts.    <br\/><br\/>Pre\u010du p\u0101rdo\u0161anas dokuments, kas noform\u0113ts saska\u0146\u0101 ar ties\u012bbu aktu pras\u012bb\u0101m, tiks izsniegts pirc\u0113jam kop\u0101 ar prec\u0113m vai nos\u016bt\u012bts pirc\u0113jam pa e-pastu uz pirc\u0113ja nor\u0101d\u012bto adresi. Pirc\u0113js tam piekr\u012bt, apstiprinot, ka ir iepazinies ar Noteikumiem un nosac\u012bjumiem un tiem piekr\u012bt. <br\/><\/li>\n\n\n\n<li><strong>Pieg\u0101des metodes<\/strong><br\/><br\/>Pirc\u0113js var izv\u0113l\u0113ties vienu no \u0161\u0101diem pieg\u0101des veidiem:<br\/><br\/>-pre\u010du pieg\u0101de uz pirc\u0113ja nor\u0101d\u012bto adresi Lietuv\u0101<br\/>-pre\u010du sa\u0146em\u0161ana p\u0101rdev\u0113ja fiziskaj\u0101 veikal\u0101, kuru saraksts ir sniegts t\u012bmek\u013ca vietnes <a href=\"https:\/\/toys.lt\/parduotuves\">https:\/\/toys.lt\/parduotuves <\/a>sada\u013c\u0101 vai nor\u0101d\u012bts pirms gal\u012bg\u0101 pas\u016bt\u012bjuma apstiprin\u0101\u0161anas,<br\/>-pre\u010du sa\u0146em\u0161ana pasta noda\u013c\u0101 Lietuv\u0101, kuras saraksts ir nor\u0101d\u012bts pirms gal\u012bg\u0101 pas\u016bt\u012bjuma apstiprin\u0101\u0161anas.<br\/><br\/>L\u016bdzu, \u0146emiet v\u0113r\u0101, ka pieg\u0101des meto\u017eu izv\u0113le var b\u016bt ierobe\u017eota atkar\u012bb\u0101 no P\u0101rdev\u0113ja l\u012bgumiem ar pieg\u0101des pakalpojumu sniedz\u0113jiem un to pakalpojumu noteikumiem, t\u0101p\u0113c gal\u012bgais pieg\u0101des meto\u017eu saraksts, kas piem\u0113rojams attiec\u012bgajam pas\u016bt\u012bjumam, tiks nor\u0101d\u012bts Pirc\u0113jam attiec\u012bg\u0101 pas\u016bt\u012bjuma veik\u0161anas br\u012bd\u012b.<br\/><br\/><strong>Pieg\u0101de uz j\u016bsu adresi Lietuv\u0101.<\/strong>  Ja pirc\u0113js izv\u0113las preces pieg\u0101d\u0101t uz pirc\u0113ja nor\u0101d\u012bto adresi, pirc\u0113js ap\u0146emas:<br\/><br\/>&#8211; nor\u0101d\u012bt prec\u012bzu pieg\u0101des vietu vietn\u0113<br\/>&#8211; pie\u0146emt preces pats vai nodro\u0161in\u0101t, ka preces pie\u0146em pas\u016bt\u012bjum\u0101 nor\u0101d\u012btais sa\u0146\u0113m\u0113js. Sa\u0146em\u0161anas br\u012bd\u012b jums j\u0101uzr\u0101da der\u012bgs personu apliecino\u0161s dokuments (personas apliec\u012bba, pase vai jauna vad\u012bt\u0101ja apliec\u012bba). Ja Pirc\u0113js vai pas\u016bt\u012bjum\u0101 nor\u0101d\u012btais pre\u010du sa\u0146\u0113m\u0113js pats preces nesa\u0146em, P\u0101rdev\u0113js ir ties\u012bgs nodot preces citai personai Pirc\u0113ja nor\u0101d\u012btaj\u0101 adres\u0113, un Pirc\u0113jam nav ties\u012bbu celt pretenzijas pret P\u0101rdev\u0113ju par pre\u010du pieg\u0101di nepareizai personai.  <br\/><br\/>Pieg\u0101des dien\u0101 kurjers sazin\u0101sies ar pas\u016bt\u012bjuma sa\u0146\u0113m\u0113ju pa t\u0101lruni, lai vienotos par prec\u012bzu pieg\u0101des laiku. Pirc\u0113js ir atbild\u012bgs par to, lai pieg\u0101des dien\u0101 pre\u010du sa\u0146\u0113m\u0113js atrastos pieg\u0101des adres\u0113 un sa\u0146emtu preces nor\u0101d\u012btaj\u0101 pieg\u0101des laik\u0101. <br\/><br\/>Ja pieg\u0101des br\u012bd\u012b pirc\u0113ja nor\u0101d\u012btaj\u0101 adres\u0113 nav personas, kas var\u0113tu sa\u0146emt preces, un preces tiek pieg\u0101d\u0101tas atk\u0101rtoti, no pirc\u0113ja var iekas\u0113t papildu maksu par \u0161\u0101du atk\u0101rtotu pieg\u0101di, bet ne vair\u0101k k\u0101 pieg\u0101des maksas apm\u0113r\u0101. Pirc\u0113js, apstiprinot, ka ir iepazinies ar Noteikumiem un nosac\u012bjumiem un piekr\u012bt tiem, apliecina savu piekri\u0161anu maks\u0101t \u0161\u0101das papildu izmaksas. <br\/><br\/>Pre\u010du pieg\u0101des izmaksas uz nor\u0101d\u012bto adresi Lietuv\u0101 ir 3 (tr\u012bs) EUR ar PVN, ja vien gal\u012bgaj\u0101 pas\u016bt\u012bjum\u0101 nav nor\u0101d\u012bts, ka pieg\u0101des maksa netiek piem\u0113rota.<br\/><br\/><strong>Pa\u0146em\u0161ana p\u0101rdev\u0113ja fiziskaj\u0101 veikal\u0101.<\/strong>  Ja pirc\u0113js izv\u0113las sa\u0146emt preces no p\u0101rdev\u0113ja fizisk\u0101 veikala, \u0161is sa\u0146em\u0161anas veids ir bez maksas. \u0160aj\u0101 gad\u012bjum\u0101 pirc\u0113js ap\u0146emas: <br\/><br\/>&#8211; sa\u0146emt pas\u016bt\u012bt\u0101s preces ne v\u0113l\u0101k k\u0101 7 (septi\u0146u) darba dienu laik\u0101 p\u0113c tam, kad p\u0101rdev\u0113js pa e-pastu inform\u0113jis pirc\u0113ju, ka preces ir pieejamas sa\u0146em\u0161anai,<br\/>&#8211; sa\u0146emt preces pats vai nodro\u0161in\u0101t, ka preces sa\u0146em tikai pas\u016bt\u012bjum\u0101 nor\u0101d\u012bt\u0101 persona. Sa\u0146emot preces, l\u012bdzi j\u0101\u0146em der\u012bgs personu apliecino\u0161s dokuments (personas apliec\u012bba, pase vai jauna vad\u012bt\u0101ja apliec\u012bba) un pas\u016bt\u012bjuma numurs. Ja \u0161aj\u0101 punkt\u0101 noteikt\u0101s pras\u012bbas netiek iev\u0113rotas, P\u0101rdev\u0113jam ir ties\u012bbas preces neatdot atpaka\u013c, un Pirc\u0113jam nekav\u0113joties j\u0101nodro\u0161ina, lai \u0161aj\u0101 punkt\u0101 noteikt\u0101s pras\u012bbas tiktu pien\u0101c\u012bgi iev\u0113rotas.  <br\/><br\/><strong>Pa\u0146em\u0161ana no pasta noda\u013cas.<\/strong>  Ja Pirc\u0113js izv\u0113las, ka preces tiks pieg\u0101d\u0101tas uz pas\u016bt\u012bjum\u0101 nor\u0101d\u012bto pasta noda\u013cu, Pirc\u0113js ap\u0146emas iev\u0113rot un nodro\u0161in\u0101t, ka pas\u016bt\u012bjum\u0101 nor\u0101d\u012btais pre\u010du sa\u0146\u0113m\u0113js iev\u0113ro visas pasta pakalpojumu sniedz\u0113ja pras\u012bbas attiec\u012bb\u0101 uz s\u016bt\u012bjuma sa\u0146em\u0161anu, tostarp, bet ne tikai, iev\u0113rot pras\u012bbas attiec\u012bb\u0101 uz s\u016bt\u012bjuma sa\u0146em\u0161anas termi\u0146iem, inform\u0101cijas snieg\u0161anu utt.<br\/><br\/>Cena eiro par pre\u010du sa\u0146em\u0161anu no pasta noda\u013cas tiks nor\u0101d\u012bta pre\u010du gal\u012bgaj\u0101 pas\u016bt\u012bjum\u0101, ja p\u0101rdev\u0113js nodro\u0161ina pre\u010du sa\u0146em\u0161anu no pasta noda\u013cas, ja vien pre\u010du gal\u012bgaj\u0101 pas\u016bt\u012bjum\u0101 nav nor\u0101d\u012bts, ka tiek atcelta maksa par pre\u010du sa\u0146em\u0161anu no pasta noda\u013cas.<br\/><\/li>\n\n\n\n<li><strong>Pieg\u0101des teritorija un citi pieg\u0101des nosac\u012bjumi<\/strong><br\/><br\/><strong>M\u0113s pieg\u0101d\u0101jam Lietuv\u0101.<\/strong><br\/><br\/><strong>Pieg\u0101de uz cit\u0101m valst\u012bm:<\/strong> m\u0113s parasti nes\u016bt\u0101m uz cit\u0101m valst\u012bm. Tom\u0113r atsevi\u0161\u0137os gad\u012bjumos m\u0113s varam apspriest nos\u016bt\u012b\u0161anas iesp\u0113ju uz citu valsti. \u0160\u0101d\u0101 gad\u012bjum\u0101 jums j\u0101sazin\u0101s ar mums, izmantojot t\u012bmek\u013ca vietn\u0113 nor\u0101d\u012bto kontaktinform\u0101ciju, lai pirms gal\u012bg\u0101 pas\u016bt\u012bjuma apstiprin\u0101\u0161anas noskaidrotu, vai ir iesp\u0113jams nos\u016bt\u012bt preces uz citu valsti, \u0161\u0101das pieg\u0101des izmaksas un citus ar pieg\u0101di saist\u012btos nosac\u012bjumus.  <br\/><br\/><strong>Pieg\u0101des laiks Lietuv\u0101:<\/strong> paredzamais pieg\u0101des laiks ir nor\u0101d\u012bts konkr\u0113t\u0101 produkta aprakst\u0101 t\u012bmek\u013ca vietn\u0113. P\u0101rskat\u012btais paredzamais pieg\u0101des laiks tiks nor\u0101d\u012bts gal\u012bgaj\u0101 pas\u016bt\u012bjuma apstiprin\u0101jum\u0101. Ja gal\u012bgaj\u0101 pas\u016bt\u012bjuma apstiprin\u0101jum\u0101 nor\u0101d\u012btais pieg\u0101des laiks ir ilg\u0101ks par 30 (tr\u012bsdesmit) dien\u0101m, noklik\u0161\u0137inot uz pogas &#8220;Pas\u016bt\u012bt ar maks\u0101juma saist\u012bb\u0101m&#8221;, Pirc\u0113js t\u0101d\u0113j\u0101di apstiprina, ka piekr\u012bt pre\u010du pieg\u0101dei vi\u0146am\/vi\u0146ai \u0161\u0101d\u0101 termi\u0146\u0101, kas ir ilg\u0101ks par 30 (tr\u012bsdesmit) dien\u0101m.    <br\/><br\/>Apstiprinot, ka ir izlas\u012bjis un piekr\u012bt Noteikumiem un nosac\u012bjumiem, Pirc\u0113js ar\u012b apliecina, ka saprot, ka \u0101rk\u0101rtas apst\u0101k\u013cos, tostarp ierobe\u017eojo\u0161u pas\u0101kumu ievie\u0161anas gad\u012bjum\u0101 k\u0101d\u0101 valst\u012b, ja tre\u0161\u0101s personas nepilda savas saist\u012bbas pret P\u0101rdev\u0113ju u.c., pre\u010du pieg\u0101de var aizkav\u0113ties no P\u0101rdev\u0113ja neatkar\u012bgu apst\u0101k\u013cu d\u0113\u013c. \u0160\u0101d\u0101 gad\u012bjum\u0101 p\u0101rdev\u0113js ap\u0146emas nekav\u0113joties inform\u0113t pirc\u0113ju un preciz\u0113t pieg\u0101des datumu, cik p\u0101rdev\u0113jam zin\u0101ms. Ja pre\u010du pieg\u0101de kav\u0113jas ilg\u0101k par 20 (divdesmit) dien\u0101m un p\u0101rdev\u0113js un pirc\u0113js nevienojas par papildu termi\u0146u pre\u010du pieg\u0101dei, pirc\u0113js var atcelt pas\u016bt\u012bjumu, rakstiski inform\u0113jot par to p\u0101rdev\u0113ju m\u0101jas lap\u0101 nor\u0101d\u012btajos kontaktos, un p\u0101rdev\u0113js, sa\u0146emot \u0161\u0101du inform\u0101ciju no pirc\u0113ja, atce\u013c pas\u016bt\u012bjumu un 3 (tr\u012bs) darba dienu laik\u0101 atmaks\u0101 pirc\u0113jam par preci un t\u0101s pieg\u0101di (ja t\u0101da ir) samaks\u0101to cenu (ja t\u0101da ir).<br\/><br\/>Pirc\u0113js ap\u0146emas un nodro\u0161ina, ka gad\u012bjum\u0101, ja Pirc\u0113ja nor\u0101d\u012btais sa\u0146\u0113m\u0113js (ja tas nav Pirc\u0113js) atkl\u0101j, ka preces neatbilst pas\u016bt\u012bjum\u0101 vai pre\u010du aprakst\u0101 noteiktaj\u0101m pras\u012bb\u0101m, Pirc\u0113js nekav\u0113joties, bet ne v\u0113l\u0101k k\u0101 n\u0101kamaj\u0101 dien\u0101 p\u0113c pre\u010du pieg\u0101des dienas, sazin\u0101s ar P\u0101rdev\u0113ju, izmantojot T\u012bmek\u013ca vietn\u0113 nor\u0101d\u012bto kontaktinform\u0101ciju, un inform\u0113 P\u0101rdev\u0113ju par atkl\u0101tajiem tr\u016bkumiem\/ defektiem. P\u0101rdev\u0113js ap\u0146emas veikt visus nepiecie\u0161amos pas\u0101kumus, lai nov\u0113rstu eso\u0161os tr\u016bkumus\/ defektus, ja vien \u0161ie tr\u016bkumi\/ defekti nav radu\u0161ies Pirc\u0113ja vai Pirc\u0113ja sa\u0146\u0113m\u0113ja r\u012bc\u012bbas d\u0113\u013c, piem\u0113ram, preces izpako\u0161ana neatbilsto\u0161i sniegtaj\u0101m instrukcij\u0101m, preces nodo\u0161ana ekspluat\u0101cij\u0101 neatbilsto\u0161i sniegtaj\u0101m instrukcij\u0101m, l\u012bdz br\u012bdim, kad preces defekti ir par\u0101d\u012bju\u0161ies.  <br\/><br\/>Pirc\u0113js ap\u0146emas un nodro\u0161ina, ka Pirc\u0113ja nor\u0101d\u012btais sa\u0146\u0113m\u0113js (ja tas nav Pirc\u0113js) s\u016bt\u012bjuma pieg\u0101des br\u012bd\u012b uz nor\u0101d\u012bto adresi vai sa\u0146em\u0161anas br\u012bd\u012b no fiziska veikala vai pasta noda\u013cas p\u0101rbauda s\u016bt\u012bjuma izskatu un pa\u0161as preces (to kvalit\u0101ti, komplekt\u0101ciju un daudzumu), lai p\u0101rliecin\u0101tos, ka s\u016bt\u012bjuma iepakojums ir neskarts, ka t\u0101s ir kvalitat\u012bvas, piln\u012bgas un komplekt\u0113tas un ka visas preces ir pieg\u0101d\u0101tas. Ja iepakojums ir boj\u0101ts vai preces ir sliktas kvalit\u0101tes, nepiln\u012bgas vai ar tr\u016bkumiem, pirc\u0113jam\/sa\u0146\u0113m\u0113jam i) j\u0101sast\u0101da defekta\/tr\u016bkumu akts ar kurjeru, kas pieg\u0101d\u0101jis preces, vai p\u0101rdev\u0113ja p\u0101rst\u0101vi, kur\u0161 nodevis preces p\u0101rdev\u0113ja fiziskaj\u0101 veikal\u0101, un (ii) sa\u0146emot preci no pasta noda\u013cas, j\u0101nofotograf\u0113 preces defekts\/tr\u016bkums un j\u0101nos\u016bta p\u0101rdev\u0113jam pa e-pastu, inform\u0113jot p\u0101rdev\u0113ju par s\u016bt\u012bjuma boj\u0101jumiem, neatbilst\u012bbu kvalit\u0101tei un daudzumam. Ja Pirc\u0113js to neizdara, Pirc\u0113js nav ties\u012bgs celt nek\u0101das pretenzijas pret P\u0101rdev\u0113ju par \u0161\u0101diem boj\u0101jumiem, ja to pamat\u0101 nav ra\u017eo\u0161anas defekts, un par pre\u010du kvalit\u0101tes un daudzuma neatbilst\u012bbu, ja to var konstat\u0113t, veicot pre\u010du \u0101r\u0113jo p\u0101rbaudi. Ja Pirc\u0113js ir parakst\u012bjis pieg\u0101des dokumentu un nav parakst\u012bjis aktu pre\u010du pieg\u0101des br\u012bd\u012b vai nav paman\u012bjis s\u016bt\u012bjuma boj\u0101jumus vai neatbilst\u012bbu kvalit\u0101t\u0113, komplekt\u0101cij\u0101 un daudzum\u0101 fotogr\u0101fij\u0101, un taj\u0101 pa\u0161\u0101 dien\u0101 nav inform\u0113jis P\u0101rdev\u0113ju par defektiem\/tr\u016bkumiem, tiek uzskat\u012bts, ka preces ir pieg\u0101d\u0101tas k\u0101rt\u012bb\u0101, bez defektiem, kas nav saist\u012bti ar r\u016bpn\u012bcas defektiem, un bez neatbilst\u012bb\u0101m pre\u010du komplekt\u0101cij\u0101 un daudzum\u0101, kas konstat\u0113tas, veicot \u0101r\u0113jo p\u0101rbaudi.       <br\/><br\/>Pre\u010du nejau\u0161as nozaud\u0113\u0161anas vai boj\u0101juma risks p\u0101riet uz Pirc\u0113ju no br\u012b\u017ea, kad Preces tiek nodotas Pirc\u0113jam.<br\/><br\/><strong>Pre\u010du nepie\u0146em\u0161ana noteiktaj\u0101 termi\u0146\u0101.<\/strong>  Ja Pirc\u0113js, pas\u016bt\u012bjum\u0101 nor\u0101d\u012bto pre\u010du sa\u0146\u0113m\u0113js, nesa\u0146em preces vai nepieg\u0101d\u0101 preces ilg\u0101k par 20 (divdesmit) dien\u0101m, P\u0101rdev\u0113js sazin\u0101s ar Pirc\u0113ju un atg\u0101dina Pirc\u0113jam par pre\u010du pieg\u0101di\/sa\u0146em\u0161anu. Ja P\u0101rdev\u0113js nesazin\u0101s ar Pirc\u0113ju vai Pirc\u0113js neveic Pre\u010du sa\u0146em\u0161anu vai nepieg\u0101d\u0101 t\u0101s papildu 5 (piecu) dienu laik\u0101, P\u0101rdev\u0113js atce\u013c Pre\u010du pas\u016bt\u012bjumu un Pirc\u0113jam tiek atmaks\u0101ta nauda, kas samaks\u0101ta par Prec\u0113m, par kur\u0101m Pirc\u0113js ir samaks\u0101jis 5 (piecu) darba dienu laik\u0101, iz\u0146emot pieg\u0101des maksu, ja t\u0101da ir piem\u0113rojama. <\/li>\n<\/ol>\n\n<p><strong>Paldies, ka velt\u012bj\u0101t laiku \u0161o noteikumu izlas\u012b\u0161anai.<\/strong><\/p>\n\n<p>Ar cie\u0146u<\/p>\n\n<p>Inavi &amp; Co, UAB<\/p>\n","protected":false},"excerpt":{"rendered":"<p>Paldies, ka velt\u012bj\u0101t laiku \u0161o noteikumu izlas\u012b\u0161anai. Ar cie\u0146u Inavi &amp; Co, UAB<\/p>\n","protected":false},"author":1,"featured_media":0,"parent":0,"menu_order":0,"comment_status":"closed","ping_status":"closed","template":"elementor_header_footer","meta":{"footnotes":""},"class_list":["post-40843","page","type-page","status-publish","hentry"],"yoast_head":"<!-- This site is optimized with the Yoast SEO plugin v26.3 - https:\/\/yoast.com\/wordpress\/plugins\/seo\/ -->\n<title>Maks\u0101jums un pieg\u0101de - Toys.lt<\/title>\n<meta name=\"robots\" content=\"index, follow, max-snippet:-1, max-image-preview:large, max-video-preview:-1\" \/>\n<link rel=\"canonical\" href=\"https:\/\/toys.lt\/lv\/maksajums-un-piegade\/\" \/>\n<meta property=\"og:locale\" content=\"lv_LV\" \/>\n<meta property=\"og:type\" content=\"article\" \/>\n<meta property=\"og:title\" content=\"Maks\u0101jums un pieg\u0101de - Toys.lt\" \/>\n<meta property=\"og:description\" content=\"Paldies, ka velt\u012bj\u0101t laiku \u0161o noteikumu izlas\u012b\u0161anai. Ar cie\u0146u Inavi &amp; Co, UAB\" \/>\n<meta property=\"og:url\" content=\"https:\/\/toys.lt\/lv\/maksajums-un-piegade\/\" \/>\n<meta property=\"og:site_name\" content=\"Toys.lt\" \/>\n<meta property=\"article:modified_time\" content=\"2025-07-11T15:06:36+00:00\" \/>\n<meta name=\"twitter:card\" content=\"summary_large_image\" \/>\n<meta name=\"twitter:label1\" content=\"Est. reading time\" \/>\n\t<meta name=\"twitter:data1\" content=\"12 minutes\" \/>\n<script type=\"application\/ld+json\" class=\"yoast-schema-graph\">{\"@context\":\"https:\/\/schema.org\",\"@graph\":[{\"@type\":\"WebPage\",\"@id\":\"https:\/\/toys.lt\/lv\/maksajums-un-piegade\/\",\"url\":\"https:\/\/toys.lt\/lv\/maksajums-un-piegade\/\",\"name\":\"Maks\u0101jums un pieg\u0101de - Toys.lt\",\"isPartOf\":{\"@id\":\"https:\/\/toys.lt\/lv\/#website\"},\"datePublished\":\"2024-09-25T06:08:47+00:00\",\"dateModified\":\"2025-07-11T15:06:36+00:00\",\"breadcrumb\":{\"@id\":\"https:\/\/toys.lt\/lv\/maksajums-un-piegade\/#breadcrumb\"},\"inLanguage\":\"lv-LV\",\"potentialAction\":[{\"@type\":\"ReadAction\",\"target\":[\"https:\/\/toys.lt\/lv\/maksajums-un-piegade\/\"]}]},{\"@type\":\"BreadcrumbList\",\"@id\":\"https:\/\/toys.lt\/lv\/maksajums-un-piegade\/#breadcrumb\",\"itemListElement\":[{\"@type\":\"ListItem\",\"position\":1,\"name\":\"Home\",\"item\":\"https:\/\/toys.lt\/lv\/\"},{\"@type\":\"ListItem\",\"position\":2,\"name\":\"Maks\u0101jums un pieg\u0101de\"}]},{\"@type\":\"WebSite\",\"@id\":\"https:\/\/toys.lt\/lv\/#website\",\"url\":\"https:\/\/toys.lt\/lv\/\",\"name\":\"Toys.lt\",\"description\":\"\",\"potentialAction\":[{\"@type\":\"SearchAction\",\"target\":{\"@type\":\"EntryPoint\",\"urlTemplate\":\"https:\/\/toys.lt\/lv\/?s={search_term_string}\"},\"query-input\":{\"@type\":\"PropertyValueSpecification\",\"valueRequired\":true,\"valueName\":\"search_term_string\"}}],\"inLanguage\":\"lv-LV\"}]}<\/script>\n<!-- \/ Yoast SEO plugin. -->","yoast_head_json":{"title":"Maks\u0101jums un pieg\u0101de - Toys.lt","robots":{"index":"index","follow":"follow","max-snippet":"max-snippet:-1","max-image-preview":"max-image-preview:large","max-video-preview":"max-video-preview:-1"},"canonical":"https:\/\/toys.lt\/lv\/maksajums-un-piegade\/","og_locale":"lv_LV","og_type":"article","og_title":"Maks\u0101jums un pieg\u0101de - Toys.lt","og_description":"Paldies, ka velt\u012bj\u0101t laiku \u0161o noteikumu izlas\u012b\u0161anai. Ar cie\u0146u Inavi &amp; Co, UAB","og_url":"https:\/\/toys.lt\/lv\/maksajums-un-piegade\/","og_site_name":"Toys.lt","article_modified_time":"2025-07-11T15:06:36+00:00","twitter_card":"summary_large_image","twitter_misc":{"Est. reading time":"12 minutes"},"schema":{"@context":"https:\/\/schema.org","@graph":[{"@type":"WebPage","@id":"https:\/\/toys.lt\/lv\/maksajums-un-piegade\/","url":"https:\/\/toys.lt\/lv\/maksajums-un-piegade\/","name":"Maks\u0101jums un pieg\u0101de - Toys.lt","isPartOf":{"@id":"https:\/\/toys.lt\/lv\/#website"},"datePublished":"2024-09-25T06:08:47+00:00","dateModified":"2025-07-11T15:06:36+00:00","breadcrumb":{"@id":"https:\/\/toys.lt\/lv\/maksajums-un-piegade\/#breadcrumb"},"inLanguage":"lv-LV","potentialAction":[{"@type":"ReadAction","target":["https:\/\/toys.lt\/lv\/maksajums-un-piegade\/"]}]},{"@type":"BreadcrumbList","@id":"https:\/\/toys.lt\/lv\/maksajums-un-piegade\/#breadcrumb","itemListElement":[{"@type":"ListItem","position":1,"name":"Home","item":"https:\/\/toys.lt\/lv\/"},{"@type":"ListItem","position":2,"name":"Maks\u0101jums un pieg\u0101de"}]},{"@type":"WebSite","@id":"https:\/\/toys.lt\/lv\/#website","url":"https:\/\/toys.lt\/lv\/","name":"Toys.lt","description":"","potentialAction":[{"@type":"SearchAction","target":{"@type":"EntryPoint","urlTemplate":"https:\/\/toys.lt\/lv\/?s={search_term_string}"},"query-input":{"@type":"PropertyValueSpecification","valueRequired":true,"valueName":"search_term_string"}}],"inLanguage":"lv-LV"}]}},"_links":{"self":[{"href":"https:\/\/toys.lt\/lv\/wp-json\/wp\/v2\/pages\/40843","targetHints":{"allow":["GET"]}}],"collection":[{"href":"https:\/\/toys.lt\/lv\/wp-json\/wp\/v2\/pages"}],"about":[{"href":"https:\/\/toys.lt\/lv\/wp-json\/wp\/v2\/types\/page"}],"author":[{"embeddable":true,"href":"https:\/\/toys.lt\/lv\/wp-json\/wp\/v2\/users\/1"}],"replies":[{"embeddable":true,"href":"https:\/\/toys.lt\/lv\/wp-json\/wp\/v2\/comments?post=40843"}],"version-history":[{"count":2,"href":"https:\/\/toys.lt\/lv\/wp-json\/wp\/v2\/pages\/40843\/revisions"}],"predecessor-version":[{"id":40845,"href":"https:\/\/toys.lt\/lv\/wp-json\/wp\/v2\/pages\/40843\/revisions\/40845"}],"wp:attachment":[{"href":"https:\/\/toys.lt\/lv\/wp-json\/wp\/v2\/media?parent=40843"}],"curies":[{"name":"wp","href":"https:\/\/api.w.org\/{rel}","templated":true}]}}