{"id":40770,"date":"2021-10-12T15:51:09","date_gmt":"2021-10-12T15:51:09","guid":{"rendered":"https:\/\/toys.lt\/par-mums\/"},"modified":"2025-07-14T14:58:49","modified_gmt":"2025-07-14T14:58:49","slug":"par-mums","status":"publish","type":"page","link":"https:\/\/toys.lt\/lv\/par-mums\/","title":{"rendered":"Par Mums"},"content":{"rendered":"\t\t<div data-elementor-type=\"wp-page\" data-elementor-id=\"40770\" class=\"elementor elementor-40770 elementor-4400\" data-elementor-post-type=\"page\">\n\t\t\t\t<div class=\"wd-negative-gap elementor-element elementor-element-1c90c3f wd-section-stretch e-flex e-con-boxed e-con e-parent\" data-id=\"1c90c3f\" data-element_type=\"container\" data-e-type=\"container\" data-settings=\"{&quot;background_background&quot;:&quot;classic&quot;}\">\n\t\t\t\t\t<div class=\"e-con-inner\">\n\t\t\t\t<div class=\"elementor-element elementor-element-5d57672 elementor-widget__width-initial elementor-widget-tablet__width-inherit wd-width-100 elementor-widget elementor-widget-wd_title\" data-id=\"5d57672\" data-element_type=\"widget\" data-e-type=\"widget\" data-widget_type=\"wd_title.default\">\n\t\t\t\t<div class=\"elementor-widget-container\">\n\t\t\t\t\t\t\t<div class=\"title-wrapper wd-set-mb reset-last-child wd-title-color-primary wd-title-style-default wd-title-size-large text-left\">\n\n\t\t\t\t\t\t\t\t\t\t\t<div class=\"title-subtitle subtitle-color-primary subtitle-style-default wd-fontsize-xs\">\n\t\t\t\t\tPar\t\t\t\t<\/div>\n\t\t\t\n\t\t\t<div class=\"liner-continer\">\n\t\t\t\t<h4 class=\"woodmart-title-container title wd-fontsize-xxl\">Uz\u0146\u0113mums Inavi &amp; Co<\/h4> \n\t\t\t\t\t\t\t<\/div>\n\n\t\t\t\t\t\t\t<div class=\"title-after_title reset-last-child wd-fontsize-s\">\n\t\t\t\t\t<p><b><strong><span style=\"font-style: inherit;font-weight: inherit\">rota\u013clietu un izklaides pre\u010du vairumtirdzniec\u012bba un mazumtirdzniec\u012bba.<\/span><\/strong><\/b><\/p>\t\t\t\t<\/div>\n\t\t\t\t\t<\/div>\n\t\t\t\t\t\t<\/div>\n\t\t\t\t<\/div>\n\t\t\t\t\t<\/div>\n\t\t\t\t<\/div>\n\t\t<div class=\"wd-negative-gap elementor-element elementor-element-7c7c544 e-flex e-con-boxed e-con e-parent\" data-id=\"7c7c544\" data-element_type=\"container\" data-e-type=\"container\">\n\t\t\t\t\t<div class=\"e-con-inner\">\n\t\t<div class=\"elementor-element elementor-element-97d6084 e-con-full e-flex e-con e-child\" data-id=\"97d6084\" data-element_type=\"container\" data-e-type=\"container\">\n\t\t\t\t<div class=\"elementor-element elementor-element-98d830b elementor-widget__width-initial wd-width-100 elementor-widget elementor-widget-wd_title\" data-id=\"98d830b\" data-element_type=\"widget\" data-e-type=\"widget\" data-widget_type=\"wd_title.default\">\n\t\t\t\t<div class=\"elementor-widget-container\">\n\t\t\t\t\t\t\t<div class=\"title-wrapper wd-set-mb reset-last-child wd-title-color-primary wd-title-style-default wd-title-size-large text-left\">\n\n\t\t\t\n\t\t\t<div class=\"liner-continer\">\n\t\t\t\t<h4 class=\"woodmart-title-container title wd-fontsize-xxl\">Par m\u016bsu veikalu<\/h4> \n\t\t\t\t\t\t\t<\/div>\n\n\t\t\t\t\t<\/div>\n\t\t\t\t\t\t<\/div>\n\t\t\t\t<\/div>\n\t\t\t\t<div class=\"elementor-element elementor-element-66e47ad elementor-widget elementor-widget-wd_text_block\" data-id=\"66e47ad\" data-element_type=\"widget\" data-e-type=\"widget\" data-widget_type=\"wd_text_block.default\">\n\t\t\t\t<div class=\"elementor-widget-container\">\n\t\t\t\t\t\t\t<div class=\"wd-text-block reset-last-child text-left\">\n\t\t\t\n\t\t\t<p style=\"font-weight: 400;\"><span style=\"font-style: inherit; font-weight: inherit;\">M\u016bsu interneta veikals toys.lt ir specializ\u0113ts b\u0113rnu rota\u013clietu veikals, kas klientiem pied\u0101v\u0101 pla\u0161u rota\u013clietu kl\u0101stu un lielisku cenas un kvalit\u0101tes attiec\u012bbu.<\/span><\/p><p style=\"font-weight: 400;\"><span style=\"font-style: inherit; font-weight: inherit;\">M\u0113s vienm\u0113r esam gatavi izpild\u012bt klientu v\u0113lmes, un m\u016bsu darbinieki ar prieku j\u016bs apkalpos un atbild\u0113s uz j\u016bsu jaut\u0101jumiem, k\u0101 ar\u012b pal\u012bdz\u0113s jums izv\u0113l\u0113ties produktu, kas atbild\u012bs j\u016bsu v\u0113lm\u0113m.<\/span><\/p><p style=\"font-weight: 400;\"><span style=\"font-style: inherit; font-weight: inherit;\">M\u0113s pied\u0101v\u0101jam pieg\u0101des metodi, kas nodro\u0161in\u0101s \u0101tru un dro\u0161u pre\u010du nog\u0101d\u0101\u0161anu j\u016bsu nor\u0101d\u012btaj\u0101 adres\u0113.<\/span><\/p><p style=\"font-weight: 400;\"><span style=\"font-style: inherit; font-weight: inherit;\">M\u016bsu v\u0113rt\u012bbas ir profesionalit\u0101te, atbild\u012bba, kvalit\u0101te un orient\u0101cija uz klientu.<\/span><\/p><p style=\"font-weight: 400;\"><span style=\"font-style: inherit; font-weight: inherit;\">M\u016bsu misija ir nodro\u0161in\u0101t profesion\u0101lus un kvalitat\u012bvus pakalpojumus, kas atbilst m\u016bsu klientu vajadz\u012bb\u0101m un v\u0113lm\u0113m.<\/span><\/p><p style=\"font-weight: 400;\"><span style=\"font-style: inherit; font-weight: inherit;\">M\u0113s nep\u0101rtraukti cen\u0161amies b\u016bt noder\u012bgi saviem klientiem, papla\u0161inot produktu kl\u0101stu un saglab\u0101jot savu rota\u013clietu pied\u0101v\u0101jumu aktu\u0101lu un konkur\u0113tsp\u0113j\u012bgu.<\/span><\/p><p style=\"font-weight: 400;\"><b><strong style=\"font-style: inherit;\"><span style=\"font-style: inherit; font-weight: inherit;\">M\u016bsu moto: laim\u012bgi b\u0113rni - laim\u012bgi vec\u0101ki!<\/span><\/strong><\/b><span style=\"font-style: inherit; font-weight: inherit;\"><b><strong style=\"font-style: inherit;\">!<\/strong><\/b> <\/span> <\/p>\n\t\t\t\t\t<\/div>\n\t\t\t\t\t\t<\/div>\n\t\t\t\t<\/div>\n\t\t\t\t<div class=\"elementor-element elementor-element-56aec39 elementor-widget elementor-widget-wd_image_or_svg\" data-id=\"56aec39\" data-element_type=\"widget\" data-e-type=\"widget\" data-widget_type=\"wd_image_or_svg.default\">\n\t\t\t\t<div class=\"elementor-widget-container\">\n\t\t\t\t\t\n\t\t<div class=\"wd-image text-center\">\n\t\t\t\t\t\t\t\t<img loading=\"lazy\" decoding=\"async\" width=\"768\" height=\"525\" src=\"https:\/\/toys.lt\/wp-content\/uploads\/2024\/10\/Family-children-playing-parents-relaxing-on-sofa-holiday-home_Fotor-768x525.jpg\" class=\"attachment-medium_large size-medium_large\" alt=\"Apie Mus\" srcset=\"https:\/\/toys.lt\/wp-content\/uploads\/2024\/10\/Family-children-playing-parents-relaxing-on-sofa-holiday-home_Fotor-768x525.jpg 768w, https:\/\/toys.lt\/wp-content\/uploads\/2024\/10\/Family-children-playing-parents-relaxing-on-sofa-holiday-home_Fotor-400x274.jpg 400w, https:\/\/toys.lt\/wp-content\/uploads\/2024\/10\/Family-children-playing-parents-relaxing-on-sofa-holiday-home_Fotor-500x342.jpg 500w, https:\/\/toys.lt\/wp-content\/uploads\/2024\/10\/Family-children-playing-parents-relaxing-on-sofa-holiday-home_Fotor-150x103.jpg 150w, https:\/\/toys.lt\/wp-content\/uploads\/2024\/10\/Family-children-playing-parents-relaxing-on-sofa-holiday-home_Fotor.jpg 800w\" sizes=\"auto, (max-width: 768px) 100vw, 768px\" \/>\t\t\t\t\t<\/div>\n\n\t\t\t\t\t\t<\/div>\n\t\t\t\t<\/div>\n\t\t\t\t<\/div>\n\t\t\t\t\t<\/div>\n\t\t\t\t<\/div>\n\t\t<div class=\"wd-negative-gap elementor-element elementor-element-5a297a4 e-flex e-con-boxed e-con e-parent\" data-id=\"5a297a4\" data-element_type=\"container\" data-e-type=\"container\">\n\t\t\t\t\t<div class=\"e-con-inner\">\n\t\t<div class=\"elementor-element elementor-element-7e86238 e-con-full e-flex e-con e-child\" data-id=\"7e86238\" data-element_type=\"container\" data-e-type=\"container\">\n\t\t\t\t<div class=\"elementor-element elementor-element-bf879d3 elementor-widget elementor-widget-wd_text_block\" data-id=\"bf879d3\" data-element_type=\"widget\" data-e-type=\"widget\" data-widget_type=\"wd_text_block.default\">\n\t\t\t\t<div class=\"elementor-widget-container\">\n\t\t\t\t\t\t\t<div class=\"wd-text-block reset-last-child text-left\">\n\t\t\t\n\t\t\t<h2>Inform\u0101cija par uz\u0146\u0113mumu<\/h2><p>Uz\u0146\u0113muma nosaukums: UAB Inavi &amp; Co<\/p><p>Uz\u0146\u0113muma kods: 304555721<\/p><p>PVN maks\u0101t\u0101ja kods: LT100011064918<\/p><p>Adrese: Pramon\u0117s pr. 16, LT-51185, Kaunas <\/p><p>T\u0101lrunis: <a href=\"tel:+37060788687\">+37060788687<\/a><\/p><p>E-pasts <a href=\"mailto:inavi@inavi.lt\">inavi@inavi.lt<\/a> <\/p>\n\t\t\t\t\t<\/div>\n\t\t\t\t\t\t<\/div>\n\t\t\t\t<\/div>\n\t\t\t\t<\/div>\n\t\t<div class=\"elementor-element elementor-element-ad79851 e-con-full e-flex e-con e-child\" data-id=\"ad79851\" data-element_type=\"container\" data-e-type=\"container\">\n\t\t\t\t<div class=\"elementor-element elementor-element-fd3caaa elementor-widget elementor-widget-wd_text_block\" data-id=\"fd3caaa\" data-element_type=\"widget\" data-e-type=\"widget\" data-widget_type=\"wd_text_block.default\">\n\t\t\t\t<div class=\"elementor-widget-container\">\n\t\t\t\t\t\t\t<div class=\"wd-text-block reset-last-child text-left\">\n\t\t\t\n\t\t\t<h2>Inform\u0101cija par maks\u0101jumu:<\/h2><p>Sa\u0146\u0113m\u0113js: UAB Inavi &amp; Co<\/p><p>Sa\u0146\u0113m\u0113ja konts: LT217290099059495788<\/p><p>Sa\u0146\u0113m\u0113ja banka: Citadele<\/p><p>Bankas kods: 72900<\/p><p>Maks\u0101juma m\u0113r\u0137is: Pas\u016bt\u012bjuma Nr. (<strong>Pas\u016bt\u012bjuma ID<\/strong>) maks\u0101jums<\/p><p>P\u0101rskait\u012bjuma val\u016btai j\u0101b\u016bt <strong>EUR<\/strong>, pret\u0113j\u0101 gad\u012bjum\u0101 var tikt piem\u0113rota val\u016btas ieskaita maksa.<\/p>\n\t\t\t\t\t<\/div>\n\t\t\t\t\t\t<\/div>\n\t\t\t\t<\/div>\n\t\t\t\t<\/div>\n\t\t\t\t\t<\/div>\n\t\t\t\t<\/div>\n\t\t\t\t<\/div>\n\t\t","protected":false},"excerpt":{"rendered":"<p>Par Uz\u0146\u0113mums Inavi &amp; Co rota\u013clietu un izklaides pre\u010du vairumtirdzniec\u012bba un mazumtirdzniec\u012bba. Par m\u016bsu veikalu M\u016bsu interneta veikals toys.lt ir<\/p>\n","protected":false},"author":1,"featured_media":0,"parent":0,"menu_order":0,"comment_status":"closed","ping_status":"closed","template":"","meta":{"footnotes":""},"class_list":["post-40770","page","type-page","status-publish","hentry"],"yoast_head":"<!-- This site is optimized with the Yoast SEO plugin v26.3 - https:\/\/yoast.com\/wordpress\/plugins\/seo\/ -->\n<title>Par Mums - Toys.lt<\/title>\n<meta name=\"robots\" content=\"index, follow, max-snippet:-1, max-image-preview:large, max-video-preview:-1\" \/>\n<link rel=\"canonical\" href=\"https:\/\/toys.lt\/lv\/par-mums\/\" \/>\n<meta property=\"og:locale\" content=\"lv_LV\" \/>\n<meta property=\"og:type\" content=\"article\" \/>\n<meta property=\"og:title\" content=\"Par Mums - Toys.lt\" \/>\n<meta property=\"og:description\" content=\"Par Uz\u0146\u0113mums Inavi &amp; Co rota\u013clietu un izklaides pre\u010du vairumtirdzniec\u012bba un mazumtirdzniec\u012bba. Par m\u016bsu veikalu M\u016bsu interneta veikals toys.lt ir\" \/>\n<meta property=\"og:url\" content=\"https:\/\/toys.lt\/lv\/par-mums\/\" \/>\n<meta property=\"og:site_name\" content=\"Toys.lt\" \/>\n<meta property=\"article:modified_time\" content=\"2025-07-14T14:58:49+00:00\" \/>\n<meta property=\"og:image\" content=\"https:\/\/toys.lt\/wp-content\/uploads\/2024\/10\/Family-children-playing-parents-relaxing-on-sofa-holiday-home_Fotor-768x525.jpg\" \/>\n<meta name=\"twitter:card\" content=\"summary_large_image\" \/>\n<meta name=\"twitter:label1\" content=\"Est. reading time\" \/>\n\t<meta name=\"twitter:data1\" content=\"2 minutes\" \/>\n<script type=\"application\/ld+json\" class=\"yoast-schema-graph\">{\"@context\":\"https:\/\/schema.org\",\"@graph\":[{\"@type\":\"WebPage\",\"@id\":\"https:\/\/toys.lt\/lv\/par-mums\/\",\"url\":\"https:\/\/toys.lt\/lv\/par-mums\/\",\"name\":\"Par Mums - Toys.lt\",\"isPartOf\":{\"@id\":\"https:\/\/toys.lt\/lv\/#website\"},\"primaryImageOfPage\":{\"@id\":\"https:\/\/toys.lt\/lv\/par-mums\/#primaryimage\"},\"image\":{\"@id\":\"https:\/\/toys.lt\/lv\/par-mums\/#primaryimage\"},\"thumbnailUrl\":\"https:\/\/toys.lt\/wp-content\/uploads\/2024\/10\/Family-children-playing-parents-relaxing-on-sofa-holiday-home_Fotor-768x525.jpg\",\"datePublished\":\"2021-10-12T15:51:09+00:00\",\"dateModified\":\"2025-07-14T14:58:49+00:00\",\"breadcrumb\":{\"@id\":\"https:\/\/toys.lt\/lv\/par-mums\/#breadcrumb\"},\"inLanguage\":\"lv-LV\",\"potentialAction\":[{\"@type\":\"ReadAction\",\"target\":[\"https:\/\/toys.lt\/lv\/par-mums\/\"]}]},{\"@type\":\"ImageObject\",\"inLanguage\":\"lv-LV\",\"@id\":\"https:\/\/toys.lt\/lv\/par-mums\/#primaryimage\",\"url\":\"https:\/\/toys.lt\/wp-content\/uploads\/2024\/10\/Family-children-playing-parents-relaxing-on-sofa-holiday-home_Fotor-768x525.jpg\",\"contentUrl\":\"https:\/\/toys.lt\/wp-content\/uploads\/2024\/10\/Family-children-playing-parents-relaxing-on-sofa-holiday-home_Fotor-768x525.jpg\"},{\"@type\":\"BreadcrumbList\",\"@id\":\"https:\/\/toys.lt\/lv\/par-mums\/#breadcrumb\",\"itemListElement\":[{\"@type\":\"ListItem\",\"position\":1,\"name\":\"Home\",\"item\":\"https:\/\/toys.lt\/lv\/\"},{\"@type\":\"ListItem\",\"position\":2,\"name\":\"Par Mums\"}]},{\"@type\":\"WebSite\",\"@id\":\"https:\/\/toys.lt\/lv\/#website\",\"url\":\"https:\/\/toys.lt\/lv\/\",\"name\":\"Toys.lt\",\"description\":\"\",\"potentialAction\":[{\"@type\":\"SearchAction\",\"target\":{\"@type\":\"EntryPoint\",\"urlTemplate\":\"https:\/\/toys.lt\/lv\/?s={search_term_string}\"},\"query-input\":{\"@type\":\"PropertyValueSpecification\",\"valueRequired\":true,\"valueName\":\"search_term_string\"}}],\"inLanguage\":\"lv-LV\"}]}<\/script>\n<!-- \/ Yoast SEO plugin. -->","yoast_head_json":{"title":"Par Mums - Toys.lt","robots":{"index":"index","follow":"follow","max-snippet":"max-snippet:-1","max-image-preview":"max-image-preview:large","max-video-preview":"max-video-preview:-1"},"canonical":"https:\/\/toys.lt\/lv\/par-mums\/","og_locale":"lv_LV","og_type":"article","og_title":"Par Mums - Toys.lt","og_description":"Par Uz\u0146\u0113mums Inavi &amp; Co rota\u013clietu un izklaides pre\u010du vairumtirdzniec\u012bba un mazumtirdzniec\u012bba. Par m\u016bsu veikalu M\u016bsu interneta veikals toys.lt ir","og_url":"https:\/\/toys.lt\/lv\/par-mums\/","og_site_name":"Toys.lt","article_modified_time":"2025-07-14T14:58:49+00:00","og_image":[{"url":"https:\/\/toys.lt\/wp-content\/uploads\/2024\/10\/Family-children-playing-parents-relaxing-on-sofa-holiday-home_Fotor-768x525.jpg","type":"","width":"","height":""}],"twitter_card":"summary_large_image","twitter_misc":{"Est. reading time":"2 minutes"},"schema":{"@context":"https:\/\/schema.org","@graph":[{"@type":"WebPage","@id":"https:\/\/toys.lt\/lv\/par-mums\/","url":"https:\/\/toys.lt\/lv\/par-mums\/","name":"Par Mums - Toys.lt","isPartOf":{"@id":"https:\/\/toys.lt\/lv\/#website"},"primaryImageOfPage":{"@id":"https:\/\/toys.lt\/lv\/par-mums\/#primaryimage"},"image":{"@id":"https:\/\/toys.lt\/lv\/par-mums\/#primaryimage"},"thumbnailUrl":"https:\/\/toys.lt\/wp-content\/uploads\/2024\/10\/Family-children-playing-parents-relaxing-on-sofa-holiday-home_Fotor-768x525.jpg","datePublished":"2021-10-12T15:51:09+00:00","dateModified":"2025-07-14T14:58:49+00:00","breadcrumb":{"@id":"https:\/\/toys.lt\/lv\/par-mums\/#breadcrumb"},"inLanguage":"lv-LV","potentialAction":[{"@type":"ReadAction","target":["https:\/\/toys.lt\/lv\/par-mums\/"]}]},{"@type":"ImageObject","inLanguage":"lv-LV","@id":"https:\/\/toys.lt\/lv\/par-mums\/#primaryimage","url":"https:\/\/toys.lt\/wp-content\/uploads\/2024\/10\/Family-children-playing-parents-relaxing-on-sofa-holiday-home_Fotor-768x525.jpg","contentUrl":"https:\/\/toys.lt\/wp-content\/uploads\/2024\/10\/Family-children-playing-parents-relaxing-on-sofa-holiday-home_Fotor-768x525.jpg"},{"@type":"BreadcrumbList","@id":"https:\/\/toys.lt\/lv\/par-mums\/#breadcrumb","itemListElement":[{"@type":"ListItem","position":1,"name":"Home","item":"https:\/\/toys.lt\/lv\/"},{"@type":"ListItem","position":2,"name":"Par Mums"}]},{"@type":"WebSite","@id":"https:\/\/toys.lt\/lv\/#website","url":"https:\/\/toys.lt\/lv\/","name":"Toys.lt","description":"","potentialAction":[{"@type":"SearchAction","target":{"@type":"EntryPoint","urlTemplate":"https:\/\/toys.lt\/lv\/?s={search_term_string}"},"query-input":{"@type":"PropertyValueSpecification","valueRequired":true,"valueName":"search_term_string"}}],"inLanguage":"lv-LV"}]}},"_links":{"self":[{"href":"https:\/\/toys.lt\/lv\/wp-json\/wp\/v2\/pages\/40770","targetHints":{"allow":["GET"]}}],"collection":[{"href":"https:\/\/toys.lt\/lv\/wp-json\/wp\/v2\/pages"}],"about":[{"href":"https:\/\/toys.lt\/lv\/wp-json\/wp\/v2\/types\/page"}],"author":[{"embeddable":true,"href":"https:\/\/toys.lt\/lv\/wp-json\/wp\/v2\/users\/1"}],"replies":[{"embeddable":true,"href":"https:\/\/toys.lt\/lv\/wp-json\/wp\/v2\/comments?post=40770"}],"version-history":[{"count":1,"href":"https:\/\/toys.lt\/lv\/wp-json\/wp\/v2\/pages\/40770\/revisions"}],"predecessor-version":[{"id":40771,"href":"https:\/\/toys.lt\/lv\/wp-json\/wp\/v2\/pages\/40770\/revisions\/40771"}],"wp:attachment":[{"href":"https:\/\/toys.lt\/lv\/wp-json\/wp\/v2\/media?parent=40770"}],"curies":[{"name":"wp","href":"https:\/\/api.w.org\/{rel}","templated":true}]}}